{"id":30285,"date":"2021-04-12T11:14:16","date_gmt":"2021-04-12T09:14:16","guid":{"rendered":"https:\/\/ism.uwr.edu.pl\/kontakt\/"},"modified":"2024-02-20T11:18:39","modified_gmt":"2024-02-20T10:18:39","slug":"kontakt","status":"publish","type":"page","link":"https:\/\/ismb.uwr.edu.pl\/en\/kontakt\/","title":{"rendered":"Contact"},"content":{"rendered":"\n<div class=\"alignfull wp-block-ugb-container ugb-container podstrona_sekcje ugb-12c4a27 ugb-container--v2 ugb-container--design-plain ugb-main-block\"><style>@media screen and (min-width:768px){.ugb-12c4a27.ugb-container{margin-bottom:0px !important;padding-right:0px !important;padding-bottom:50px !important;padding-left:0px !important}}@media screen and (min-width:768px){.ugb-12c4a27 > .ugb-inner-block > .ugb-block-content > *{padding-top:0px !important;padding-bottom:0px !important;padding-right:0px !important;padding-left:0px !important}}<\/style><div class=\"ugb-inner-block\"><div class=\"ugb-block-content\"><div class=\"ugb-container__wrapper ugb-12c4a27-wrapper\"><div class=\"ugb-container__side\"><div class=\"ugb-container__content-wrapper ugb-12c4a27-content-wrapper\">\n<div class=\"wp-block-media-text alignwide is-stacked-on-mobile is-vertically-aligned-top is-image-fill bs-naglowek-szablonu-kolumny\" style=\"grid-template-columns:28% auto\"><figure class=\"wp-block-media-text__media\" style=\"background-image:url(https:\/\/ismb.uwr.edu.pl\/wp-content\/uploads\/sites\/366\/2023\/07\/2021_wns_woiosna_fot.AlinaMetelytsia_16-1024x683.jpg);background-position:50% 50%\"><img loading=\"lazy\" decoding=\"async\" width=\"1024\" height=\"683\" src=\"https:\/\/ismb.uwr.edu.pl\/wp-content\/uploads\/sites\/366\/2023\/07\/2021_wns_woiosna_fot.AlinaMetelytsia_16-1024x683.jpg\" alt=\"budynek ISM wiosn\u0105\" class=\"wp-image-24047 size-full\" srcset=\"https:\/\/ismb.uwr.edu.pl\/wp-content\/uploads\/sites\/366\/2023\/07\/2021_wns_woiosna_fot.AlinaMetelytsia_16-1024x683.jpg 1024w, https:\/\/ismb.uwr.edu.pl\/wp-content\/uploads\/sites\/366\/2023\/07\/2021_wns_woiosna_fot.AlinaMetelytsia_16-300x200.jpg 300w, https:\/\/ismb.uwr.edu.pl\/wp-content\/uploads\/sites\/366\/2023\/07\/2021_wns_woiosna_fot.AlinaMetelytsia_16-768x512.jpg 768w, https:\/\/ismb.uwr.edu.pl\/wp-content\/uploads\/sites\/366\/2023\/07\/2021_wns_woiosna_fot.AlinaMetelytsia_16-1536x1024.jpg 1536w, https:\/\/ismb.uwr.edu.pl\/wp-content\/uploads\/sites\/366\/2023\/07\/2021_wns_woiosna_fot.AlinaMetelytsia_16-2048x1365.jpg 2048w, https:\/\/ismb.uwr.edu.pl\/wp-content\/uploads\/sites\/366\/2023\/07\/2021_wns_woiosna_fot.AlinaMetelytsia_16-1320x880.jpg 1320w, https:\/\/ismb.uwr.edu.pl\/wp-content\/uploads\/sites\/366\/2023\/07\/2021_wns_woiosna_fot.AlinaMetelytsia_16-24x16.jpg 24w, https:\/\/ismb.uwr.edu.pl\/wp-content\/uploads\/sites\/366\/2023\/07\/2021_wns_woiosna_fot.AlinaMetelytsia_16-36x24.jpg 36w, https:\/\/ismb.uwr.edu.pl\/wp-content\/uploads\/sites\/366\/2023\/07\/2021_wns_woiosna_fot.AlinaMetelytsia_16-48x32.jpg 48w\" sizes=\"auto, (max-width: 1024px) 100vw, 1024px\" \/><\/figure><div class=\"wp-block-media-text__content\">\n<div class=\"wp-block-bonasoft-modular-breadcrumbs-block\"><div class=\"bs_add_breadcrumb_trail\"><\/div><\/div>\n\n\n\n<hr class=\"wp-block-separator has-text-color has-black-color has-css-opacity has-black-background-color has-background is-style-wide bs-border-kontakt\"\/>\n\n\n<h1 style=\"font-style:normal;font-weight:700;\" class=\"bs-naglowek-podstrony wp-block-post-title\">Contact<\/h1>\n\n\n<div style=\"height:50px\" aria-hidden=\"true\" class=\"wp-block-spacer\"><\/div>\n\n\n\n<p><img loading=\"lazy\" decoding=\"async\" width=\"20\" height=\"20\" class=\"wp-image-23583\" style=\"width: 20px;\" src=\"https:\/\/ismb.uwr.edu.pl\/wp-content\/uploads\/sites\/366\/2022\/11\/dom.png\" alt=\"budynek\" srcset=\"https:\/\/ismb.uwr.edu.pl\/wp-content\/uploads\/sites\/366\/2022\/11\/dom.png 194w, https:\/\/ismb.uwr.edu.pl\/wp-content\/uploads\/sites\/366\/2022\/11\/dom-150x150.png 150w, https:\/\/ismb.uwr.edu.pl\/wp-content\/uploads\/sites\/366\/2022\/11\/dom-24x24.png 24w, https:\/\/ismb.uwr.edu.pl\/wp-content\/uploads\/sites\/366\/2022\/11\/dom-36x36.png 36w, https:\/\/ismb.uwr.edu.pl\/wp-content\/uploads\/sites\/366\/2022\/11\/dom-48x48.png 48w\" sizes=\"auto, (max-width: 20px) 100vw, 20px\" \/>  <strong>Address:<\/strong> ul. Koszarowa 3 bud. 21, 51-149 Wroc\u0142aw<\/p>\n\n\n\n<p><img loading=\"lazy\" decoding=\"async\" width=\"20\" height=\"20\" class=\"wp-image-23571\" style=\"width: 20px;\" src=\"https:\/\/ismb.uwr.edu.pl\/wp-content\/uploads\/sites\/366\/2022\/11\/telefon.png\" alt=\"telefon\" srcset=\"https:\/\/ismb.uwr.edu.pl\/wp-content\/uploads\/sites\/366\/2022\/11\/telefon.png 221w, https:\/\/ismb.uwr.edu.pl\/wp-content\/uploads\/sites\/366\/2022\/11\/telefon-150x150.png 150w, https:\/\/ismb.uwr.edu.pl\/wp-content\/uploads\/sites\/366\/2022\/11\/telefon-24x24.png 24w, https:\/\/ismb.uwr.edu.pl\/wp-content\/uploads\/sites\/366\/2022\/11\/telefon-36x36.png 36w, https:\/\/ismb.uwr.edu.pl\/wp-content\/uploads\/sites\/366\/2022\/11\/telefon-48x48.png 48w\" sizes=\"auto, (max-width: 20px) 100vw, 20px\" \/> <strong>Phone:<\/strong> +48 71 375 51 37, +48 71 375 51 36<\/p>\n\n\n\n<p><img loading=\"lazy\" decoding=\"async\" width=\"20\" height=\"16\" class=\"wp-image-23595\" style=\"width: 20px;\" src=\"https:\/\/ismb.uwr.edu.pl\/wp-content\/uploads\/sites\/366\/2022\/11\/koperta.png\" alt=\"e-mail\" srcset=\"https:\/\/ismb.uwr.edu.pl\/wp-content\/uploads\/sites\/366\/2022\/11\/koperta.png 281w, https:\/\/ismb.uwr.edu.pl\/wp-content\/uploads\/sites\/366\/2022\/11\/koperta-24x19.png 24w, https:\/\/ismb.uwr.edu.pl\/wp-content\/uploads\/sites\/366\/2022\/11\/koperta-36x29.png 36w, https:\/\/ismb.uwr.edu.pl\/wp-content\/uploads\/sites\/366\/2022\/11\/koperta-48x38.png 48w\" sizes=\"auto, (max-width: 20px) 100vw, 20px\" \/>  <strong>E-mail:<\/strong> <a href=\"mailto:wns.ism@uwr.edu.pl\" target=\"_blank\" rel=\"noreferrer noopener nofollow\">wns.ismb@uwr.edu.pl<\/a><\/p>\n\n\n\n<p><\/p>\n\n\n\n<p><br><\/p>\n\n\n\n<ul class=\"wp-block-social-links alignleft is-layout-flex wp-block-social-links-is-layout-flex\"><li class=\"wp-social-link wp-social-link-facebook  wp-block-social-link\"><a href=\"https:\/\/www.facebook.com\/ISMB.UWr\/\" class=\"wp-block-social-link-anchor\"><svg width=\"24\" height=\"24\" viewBox=\"0 0 24 24\" version=\"1.1\" xmlns=\"http:\/\/www.w3.org\/2000\/svg\" aria-hidden=\"true\" focusable=\"false\"><path d=\"M12 2C6.5 2 2 6.5 2 12c0 5 3.7 9.1 8.4 9.9v-7H7.9V12h2.5V9.8c0-2.5 1.5-3.9 3.8-3.9 1.1 0 2.2.2 2.2.2v2.5h-1.3c-1.2 0-1.6.8-1.6 1.6V12h2.8l-.4 2.9h-2.3v7C18.3 21.1 22 17 22 12c0-5.5-4.5-10-10-10z\"><\/path><\/svg><span class=\"wp-block-social-link-label screen-reader-text\">Facebook<\/span><\/a><\/li><\/ul>\n<\/div><\/div>\n<\/div><\/div><\/div><\/div><\/div><\/div>\n","protected":false},"excerpt":{"rendered":"<p>Address: ul. Koszarowa 3 bud. 21, 51-149 Wroc\u0142aw Phone: +48 71 375 51 37, +48 71 375 51 36 E-mail: [&hellip;]<\/p>\n","protected":false},"author":1536,"featured_media":0,"parent":0,"menu_order":5,"comment_status":"closed","ping_status":"closed","template":"","meta":{"_acf_changed":false,"inline_featured_image":false,"site-sidebar-layout":"no-sidebar","site-content-layout":"page-builder","ast-site-content-layout":"full-width-container","site-content-style":"unboxed","site-sidebar-style":"unboxed","ast-global-header-display":"","ast-banner-title-visibility":"","ast-main-header-display":"disabled","ast-hfb-above-header-display":"disabled","ast-hfb-below-header-display":"","ast-hfb-mobile-header-display":"","site-post-title":"disabled","ast-breadcrumbs-content":"","ast-featured-img":"","footer-sml-layout":"","ast-disable-related-posts":"","theme-transparent-header-meta":"default","adv-header-id-meta":"","stick-header-meta":"","header-above-stick-meta":"","header-main-stick-meta":"","header-below-stick-meta":"","astra-migrate-meta-layouts":"set","ast-page-background-enabled":"default","ast-page-background-meta":{"desktop":{"background-color":"var(--ast-global-color-5)","background-image":"","background-repeat":"repeat","background-position":"center center","background-size":"auto","background-attachment":"scroll","background-type":"","background-media":"","overlay-type":"","overlay-color":"","overlay-opacity":"","overlay-gradient":""},"tablet":{"background-color":"","background-image":"","background-repeat":"repeat","background-position":"center center","background-size":"auto","background-attachment":"scroll","background-type":"","background-media":"","overlay-type":"","overlay-color":"","overlay-opacity":"","overlay-gradient":""},"mobile":{"background-color":"","background-image":"","background-repeat":"repeat","background-position":"center center","background-size":"auto","background-attachment":"scroll","background-type":"","background-media":"","overlay-type":"","overlay-color":"","overlay-opacity":"","overlay-gradient":""}},"ast-content-background-meta":{"desktop":{"background-color":"var(--ast-global-color-4)","background-image":"","background-repeat":"repeat","background-position":"center center","background-size":"auto","background-attachment":"scroll","background-type":"","background-media":"","overlay-type":"","overlay-color":"","overlay-opacity":"","overlay-gradient":""},"tablet":{"background-color":"var(--ast-global-color-4)","background-image":"","background-repeat":"repeat","background-position":"center center","background-size":"auto","background-attachment":"scroll","background-type":"","background-media":"","overlay-type":"","overlay-color":"","overlay-opacity":"","overlay-gradient":""},"mobile":{"background-color":"var(--ast-global-color-4)","background-image":"","background-repeat":"repeat","background-position":"center center","background-size":"auto","background-attachment":"scroll","background-type":"","background-media":"","overlay-type":"","overlay-color":"","overlay-opacity":"","overlay-gradient":""}},"footnotes":""},"categories":[],"tags":[1113,1110,1089,1083],"class_list":["post-30285","page","type-page","status-publish","hentry","tag-address","tag-adres-en","tag-contact-2","tag-kontakt-en"],"featured_image_urls_v2":{"full":"","thumbnail":"","medium":"","medium_large":"","large":"","1536x1536":"","2048x2048":"","menu-24x24":"","menu-36x36":"","menu-48x48":""},"post_excerpt_stackable_v2":"<p>Contact Address: ul. Koszarowa 3 bud. 21, 51-149 Wroc\u0142aw Phone: +48 71 375 51 37, +48 71 375 51 36 E-mail: wns.ismb@uwr.edu.pl Facebook<\/p>\n","category_list_v2":"Uncategorized","author_info_v2":{"name":"justyna.arendarska@uwr.edu.pl","url":"https:\/\/ismb.uwr.edu.pl\/en\/author\/justyna-arendarskauwr-edu-pl\/"},"comments_num_v2":"0 comments","acf":[],"yoast_head":"<!-- This site is optimized with the Yoast SEO plugin v27.1.1 - https:\/\/yoast.com\/product\/yoast-seo-wordpress\/ -->\n<title>Contact - Instytut Studi\u00f3w Mi\u0119dzynarodowych i Bezpiecze\u0144stwa<\/title>\n<meta name=\"robots\" content=\"index, follow, max-snippet:-1, max-image-preview:large, max-video-preview:-1\" \/>\n<link rel=\"canonical\" href=\"https:\/\/ismb.uwr.edu.pl\/en\/kontakt\/\" \/>\n<meta property=\"og:locale\" content=\"en_US\" \/>\n<meta property=\"og:type\" content=\"article\" \/>\n<meta property=\"og:title\" content=\"Contact - Instytut Studi\u00f3w Mi\u0119dzynarodowych i Bezpiecze\u0144stwa\" \/>\n<meta property=\"og:description\" content=\"Address: ul. Koszarowa 3 bud. 21, 51-149 Wroc\u0142aw Phone: +48 71 375 51 37, +48 71 375 51 36 E-mail: [&hellip;]\" \/>\n<meta property=\"og:url\" content=\"https:\/\/ismb.uwr.edu.pl\/en\/kontakt\/\" \/>\n<meta property=\"og:site_name\" content=\"Instytut Studi\u00f3w Mi\u0119dzynarodowych i Bezpiecze\u0144stwa\" \/>\n<meta property=\"article:modified_time\" content=\"2024-02-20T10:18:39+00:00\" \/>\n<meta property=\"og:image\" content=\"https:\/\/ismb.uwr.edu.pl\/wp-content\/uploads\/sites\/366\/2023\/07\/2021_wns_woiosna_fot.AlinaMetelytsia_16-scaled.jpg\" \/>\n\t<meta property=\"og:image:width\" content=\"2560\" \/>\n\t<meta property=\"og:image:height\" content=\"1707\" \/>\n\t<meta property=\"og:image:type\" content=\"image\/jpeg\" \/>\n<meta name=\"twitter:card\" content=\"summary_large_image\" \/>\n<meta name=\"twitter:label1\" content=\"Est. reading time\" \/>\n\t<meta name=\"twitter:data1\" content=\"1 minute\" \/>\n<script type=\"application\/ld+json\" class=\"yoast-schema-graph\">{\"@context\":\"https:\/\/schema.org\",\"@graph\":[{\"@type\":\"WebPage\",\"@id\":\"https:\/\/ismb.uwr.edu.pl\/en\/kontakt\/\",\"url\":\"https:\/\/ismb.uwr.edu.pl\/en\/kontakt\/\",\"name\":\"Contact - Instytut Studi\u00f3w Mi\u0119dzynarodowych i Bezpiecze\u0144stwa\",\"isPartOf\":{\"@id\":\"https:\/\/ismb.uwr.edu.pl\/en\/#website\"},\"primaryImageOfPage\":{\"@id\":\"https:\/\/ismb.uwr.edu.pl\/en\/kontakt\/#primaryimage\"},\"image\":{\"@id\":\"https:\/\/ismb.uwr.edu.pl\/en\/kontakt\/#primaryimage\"},\"thumbnailUrl\":\"https:\/\/ismb.uwr.edu.pl\/wp-content\/uploads\/sites\/366\/2023\/07\/2021_wns_woiosna_fot.AlinaMetelytsia_16-1024x683.jpg\",\"datePublished\":\"2021-04-12T09:14:16+00:00\",\"dateModified\":\"2024-02-20T10:18:39+00:00\",\"breadcrumb\":{\"@id\":\"https:\/\/ismb.uwr.edu.pl\/en\/kontakt\/#breadcrumb\"},\"inLanguage\":\"en-US\",\"potentialAction\":[{\"@type\":\"ReadAction\",\"target\":[\"https:\/\/ismb.uwr.edu.pl\/en\/kontakt\/\"]}]},{\"@type\":\"ImageObject\",\"inLanguage\":\"en-US\",\"@id\":\"https:\/\/ismb.uwr.edu.pl\/en\/kontakt\/#primaryimage\",\"url\":\"https:\/\/ismb.uwr.edu.pl\/wp-content\/uploads\/sites\/366\/2023\/07\/2021_wns_woiosna_fot.AlinaMetelytsia_16-1024x683.jpg\",\"contentUrl\":\"https:\/\/ismb.uwr.edu.pl\/wp-content\/uploads\/sites\/366\/2023\/07\/2021_wns_woiosna_fot.AlinaMetelytsia_16-1024x683.jpg\"},{\"@type\":\"BreadcrumbList\",\"@id\":\"https:\/\/ismb.uwr.edu.pl\/en\/kontakt\/#breadcrumb\",\"itemListElement\":[{\"@type\":\"ListItem\",\"position\":1,\"name\":\"Strona g\u0142\u00f3wna\",\"item\":\"https:\/\/ismb.uwr.edu.pl\/en\/\"},{\"@type\":\"ListItem\",\"position\":2,\"name\":\"Contact\"}]},{\"@type\":\"WebSite\",\"@id\":\"https:\/\/ismb.uwr.edu.pl\/en\/#website\",\"url\":\"https:\/\/ismb.uwr.edu.pl\/en\/\",\"name\":\"Instytut Studi\u00f3w Mi\u0119dzynarodowych i Bezpiecze\u0144stwa\",\"description\":\"Kolejna witryna sieci \u201eUWR Witryny\u201d\",\"publisher\":{\"@id\":\"https:\/\/ismb.uwr.edu.pl\/en\/#organization\"},\"potentialAction\":[{\"@type\":\"SearchAction\",\"target\":{\"@type\":\"EntryPoint\",\"urlTemplate\":\"https:\/\/ismb.uwr.edu.pl\/en\/?s={search_term_string}\"},\"query-input\":{\"@type\":\"PropertyValueSpecification\",\"valueRequired\":true,\"valueName\":\"search_term_string\"}}],\"inLanguage\":\"en-US\"},{\"@type\":\"Organization\",\"@id\":\"https:\/\/ismb.uwr.edu.pl\/en\/#organization\",\"name\":\"Instytut Studi\u00f3w Mi\u0119dzynarodowych i Bezpiecze\u0144stwa\",\"url\":\"https:\/\/ismb.uwr.edu.pl\/en\/\",\"logo\":{\"@type\":\"ImageObject\",\"inLanguage\":\"en-US\",\"@id\":\"https:\/\/ismb.uwr.edu.pl\/en\/#\/schema\/logo\/image\/\",\"url\":\"https:\/\/ismb.uwr.edu.pl\/wp-content\/uploads\/sites\/366\/2025\/10\/UWr-logotyp-2025.png\",\"contentUrl\":\"https:\/\/ismb.uwr.edu.pl\/wp-content\/uploads\/sites\/366\/2025\/10\/UWr-logotyp-2025.png\",\"width\":764,\"height\":269,\"caption\":\"Instytut Studi\u00f3w Mi\u0119dzynarodowych i Bezpiecze\u0144stwa\"},\"image\":{\"@id\":\"https:\/\/ismb.uwr.edu.pl\/en\/#\/schema\/logo\/image\/\"}}]}<\/script>\n<!-- \/ Yoast SEO plugin. -->","yoast_head_json":{"title":"Contact - Instytut Studi\u00f3w Mi\u0119dzynarodowych i Bezpiecze\u0144stwa","robots":{"index":"index","follow":"follow","max-snippet":"max-snippet:-1","max-image-preview":"max-image-preview:large","max-video-preview":"max-video-preview:-1"},"canonical":"https:\/\/ismb.uwr.edu.pl\/en\/kontakt\/","og_locale":"en_US","og_type":"article","og_title":"Contact - Instytut Studi\u00f3w Mi\u0119dzynarodowych i Bezpiecze\u0144stwa","og_description":"Address: ul. Koszarowa 3 bud. 21, 51-149 Wroc\u0142aw Phone: +48 71 375 51 37, +48 71 375 51 36 E-mail: [&hellip;]","og_url":"https:\/\/ismb.uwr.edu.pl\/en\/kontakt\/","og_site_name":"Instytut Studi\u00f3w Mi\u0119dzynarodowych i Bezpiecze\u0144stwa","article_modified_time":"2024-02-20T10:18:39+00:00","og_image":[{"width":2560,"height":1707,"url":"https:\/\/ismb.uwr.edu.pl\/wp-content\/uploads\/sites\/366\/2023\/07\/2021_wns_woiosna_fot.AlinaMetelytsia_16-scaled.jpg","type":"image\/jpeg"}],"twitter_card":"summary_large_image","twitter_misc":{"Est. reading time":"1 minute"},"schema":{"@context":"https:\/\/schema.org","@graph":[{"@type":"WebPage","@id":"https:\/\/ismb.uwr.edu.pl\/en\/kontakt\/","url":"https:\/\/ismb.uwr.edu.pl\/en\/kontakt\/","name":"Contact - Instytut Studi\u00f3w Mi\u0119dzynarodowych i Bezpiecze\u0144stwa","isPartOf":{"@id":"https:\/\/ismb.uwr.edu.pl\/en\/#website"},"primaryImageOfPage":{"@id":"https:\/\/ismb.uwr.edu.pl\/en\/kontakt\/#primaryimage"},"image":{"@id":"https:\/\/ismb.uwr.edu.pl\/en\/kontakt\/#primaryimage"},"thumbnailUrl":"https:\/\/ismb.uwr.edu.pl\/wp-content\/uploads\/sites\/366\/2023\/07\/2021_wns_woiosna_fot.AlinaMetelytsia_16-1024x683.jpg","datePublished":"2021-04-12T09:14:16+00:00","dateModified":"2024-02-20T10:18:39+00:00","breadcrumb":{"@id":"https:\/\/ismb.uwr.edu.pl\/en\/kontakt\/#breadcrumb"},"inLanguage":"en-US","potentialAction":[{"@type":"ReadAction","target":["https:\/\/ismb.uwr.edu.pl\/en\/kontakt\/"]}]},{"@type":"ImageObject","inLanguage":"en-US","@id":"https:\/\/ismb.uwr.edu.pl\/en\/kontakt\/#primaryimage","url":"https:\/\/ismb.uwr.edu.pl\/wp-content\/uploads\/sites\/366\/2023\/07\/2021_wns_woiosna_fot.AlinaMetelytsia_16-1024x683.jpg","contentUrl":"https:\/\/ismb.uwr.edu.pl\/wp-content\/uploads\/sites\/366\/2023\/07\/2021_wns_woiosna_fot.AlinaMetelytsia_16-1024x683.jpg"},{"@type":"BreadcrumbList","@id":"https:\/\/ismb.uwr.edu.pl\/en\/kontakt\/#breadcrumb","itemListElement":[{"@type":"ListItem","position":1,"name":"Strona g\u0142\u00f3wna","item":"https:\/\/ismb.uwr.edu.pl\/en\/"},{"@type":"ListItem","position":2,"name":"Contact"}]},{"@type":"WebSite","@id":"https:\/\/ismb.uwr.edu.pl\/en\/#website","url":"https:\/\/ismb.uwr.edu.pl\/en\/","name":"Instytut Studi\u00f3w Mi\u0119dzynarodowych i Bezpiecze\u0144stwa","description":"Kolejna witryna sieci \u201eUWR Witryny\u201d","publisher":{"@id":"https:\/\/ismb.uwr.edu.pl\/en\/#organization"},"potentialAction":[{"@type":"SearchAction","target":{"@type":"EntryPoint","urlTemplate":"https:\/\/ismb.uwr.edu.pl\/en\/?s={search_term_string}"},"query-input":{"@type":"PropertyValueSpecification","valueRequired":true,"valueName":"search_term_string"}}],"inLanguage":"en-US"},{"@type":"Organization","@id":"https:\/\/ismb.uwr.edu.pl\/en\/#organization","name":"Instytut Studi\u00f3w Mi\u0119dzynarodowych i Bezpiecze\u0144stwa","url":"https:\/\/ismb.uwr.edu.pl\/en\/","logo":{"@type":"ImageObject","inLanguage":"en-US","@id":"https:\/\/ismb.uwr.edu.pl\/en\/#\/schema\/logo\/image\/","url":"https:\/\/ismb.uwr.edu.pl\/wp-content\/uploads\/sites\/366\/2025\/10\/UWr-logotyp-2025.png","contentUrl":"https:\/\/ismb.uwr.edu.pl\/wp-content\/uploads\/sites\/366\/2025\/10\/UWr-logotyp-2025.png","width":764,"height":269,"caption":"Instytut Studi\u00f3w Mi\u0119dzynarodowych i Bezpiecze\u0144stwa"},"image":{"@id":"https:\/\/ismb.uwr.edu.pl\/en\/#\/schema\/logo\/image\/"}}]}},"publishpress_future_action":{"enabled":false,"date":"2026-04-28 21:55:08","action":"change-status","newStatus":"draft","terms":[],"taxonomy":"category","extraData":[]},"publishpress_future_workflow_manual_trigger":{"enabledWorkflows":[]},"_links":{"self":[{"href":"https:\/\/ismb.uwr.edu.pl\/en\/wp-json\/wp\/v2\/pages\/30285\/"}],"collection":[{"href":"https:\/\/ismb.uwr.edu.pl\/en\/wp-json\/wp\/v2\/pages\/"}],"about":[{"href":"https:\/\/ismb.uwr.edu.pl\/en\/wp-json\/wp\/v2\/types\/page\/"}],"author":[{"embeddable":true,"href":"https:\/\/ismb.uwr.edu.pl\/en\/wp-json\/wp\/v2\/users\/1536\/"}],"replies":[{"embeddable":true,"href":"https:\/\/ismb.uwr.edu.pl\/en\/wp-json\/wp\/v2\/comments\/?post=30285"}],"version-history":[{"count":5,"href":"https:\/\/ismb.uwr.edu.pl\/en\/wp-json\/wp\/v2\/pages\/30285\/revisions\/"}],"predecessor-version":[{"id":30876,"href":"https:\/\/ismb.uwr.edu.pl\/en\/wp-json\/wp\/v2\/pages\/30285\/revisions\/30876\/"}],"wp:attachment":[{"href":"https:\/\/ismb.uwr.edu.pl\/en\/wp-json\/wp\/v2\/media\/?parent=30285"}],"wp:term":[{"taxonomy":"category","embeddable":true,"href":"https:\/\/ismb.uwr.edu.pl\/en\/wp-json\/wp\/v2\/categories\/?post=30285"},{"taxonomy":"post_tag","embeddable":true,"href":"https:\/\/ismb.uwr.edu.pl\/en\/wp-json\/wp\/v2\/tags\/?post=30285"}],"curies":[{"name":"wp","href":"https:\/\/api.w.org\/{rel}","templated":true}]}}