{"id":30333,"date":"2023-06-20T12:53:54","date_gmt":"2023-06-20T10:53:54","guid":{"rendered":"https:\/\/ism.uwr.edu.pl\/institute\/wladze\/wladze-instytutu\/"},"modified":"2025-01-13T11:56:19","modified_gmt":"2025-01-13T10:56:19","slug":"wladze-instytutu","status":"publish","type":"page","link":"https:\/\/ismb.uwr.edu.pl\/en\/instytut\/wladze\/wladze-instytutu\/","title":{"rendered":"2020-2024"},"content":{"rendered":"\n<div class=\"wp-block-ugb-container ugb-container blok_nowa_podstrona ugb-8dda971 ugb-container--v2 ugb-container--design-plain ugb-main-block\"><div class=\"ugb-inner-block\"><div class=\"ugb-block-content\"><div class=\"ugb-container__wrapper ugb-8dda971-wrapper\"><div class=\"ugb-container__side\"><div class=\"ugb-container__content-wrapper ugb-8dda971-content-wrapper\">\n<div class=\"wp-block-columns bs-news-page is-layout-flex wp-block-columns-is-layout-flex\">\n<div class=\"wp-block-column bs-contact-right-column is-layout-flow wp-block-column-is-layout-flow\">\n<div class=\"wp-block-bonasoft-modular-breadcrumbs-block\"><div class=\"bs_add_breadcrumb_trail\"><\/div><\/div>\n\n\n\n<hr class=\"wp-block-separator has-text-color has-black-color has-css-opacity has-black-background-color has-background is-style-wide bs-border-kontakt\"\/>\n\n\n<h1 style=\"font-style:normal;font-weight:700;\" class=\"bs-naglowek-podstrony wp-block-post-title\">2020-2024<\/h1>\n\n\n<h2 class=\"wp-block-heading\">Dyrektor: <br><strong>dr hab. Krzysztof Kociubi\u0144ski, prof. UWr<\/strong><\/h2>\n\n\n\n<h2 class=\"wp-block-heading\">Zast\u0119pca Dyrektora ds. og\u00f3lnych: <br><strong>dr Artur Drzewicki<\/strong><\/h2>\n\n\n\n<h2 class=\"wp-block-heading\">Zast\u0119pczyni Dyrektora ds. nauki: <br><strong>dr Katarzyna J\u0119drzejczyk-Kuliniak<\/strong><\/h2>\n\n\n\n<h2 class=\"wp-block-heading\">Zast\u0119pca Dyrektora ds. wsp\u00f3\u0142pracy z zagranic\u0105: <strong>dr Marek Musio\u0142<\/strong><\/h2>\n\n\n\n<h2 class=\"wp-block-heading\">Zast\u0119pca Dyrektora ds. dydaktycznych: <br><strong>dr Adam Soko\u0142owski<\/strong><\/h2>\n<\/div>\n\n\n\n<div class=\"wp-block-column bs-kontakt-photo is-layout-flow wp-block-column-is-layout-flow\">\n<div class=\"wp-block-stackable-columns stk-block-columns stk-block stk-5f38a3c\" data-block-id=\"5f38a3c\"><div class=\"stk-row stk-inner-blocks stk-block-content stk-content-align stk-5f38a3c-column\">\n<div class=\"wp-block-stackable-column stk-block-column stk-column stk-block stk-696feaa\" data-v=\"4\" data-block-id=\"696feaa\"><div class=\"stk-column-wrapper stk-block-column__content stk-container stk-696feaa-container stk--no-background stk--no-padding\"><div class=\"stk-block-content stk-inner-blocks stk-696feaa-inner-blocks\">\n<figure class=\"wp-block-image aligncenter size-large is-resized\"><img loading=\"lazy\" decoding=\"async\" src=\"https:\/\/ismb.uwr.edu.pl\/wp-content\/uploads\/sites\/366\/2023\/07\/2021_wns_woiosna_fot.AlinaMetelytsia_16-1024x683.jpg\" alt=\"budynek ISM wiosn\u0105\" class=\"wp-image-24047\" width=\"499\" height=\"332\" srcset=\"https:\/\/ismb.uwr.edu.pl\/wp-content\/uploads\/sites\/366\/2023\/07\/2021_wns_woiosna_fot.AlinaMetelytsia_16-1024x683.jpg 1024w, https:\/\/ismb.uwr.edu.pl\/wp-content\/uploads\/sites\/366\/2023\/07\/2021_wns_woiosna_fot.AlinaMetelytsia_16-300x200.jpg 300w, https:\/\/ismb.uwr.edu.pl\/wp-content\/uploads\/sites\/366\/2023\/07\/2021_wns_woiosna_fot.AlinaMetelytsia_16-768x512.jpg 768w, https:\/\/ismb.uwr.edu.pl\/wp-content\/uploads\/sites\/366\/2023\/07\/2021_wns_woiosna_fot.AlinaMetelytsia_16-1536x1024.jpg 1536w, https:\/\/ismb.uwr.edu.pl\/wp-content\/uploads\/sites\/366\/2023\/07\/2021_wns_woiosna_fot.AlinaMetelytsia_16-2048x1365.jpg 2048w, https:\/\/ismb.uwr.edu.pl\/wp-content\/uploads\/sites\/366\/2023\/07\/2021_wns_woiosna_fot.AlinaMetelytsia_16-1320x880.jpg 1320w, https:\/\/ismb.uwr.edu.pl\/wp-content\/uploads\/sites\/366\/2023\/07\/2021_wns_woiosna_fot.AlinaMetelytsia_16-24x16.jpg 24w, https:\/\/ismb.uwr.edu.pl\/wp-content\/uploads\/sites\/366\/2023\/07\/2021_wns_woiosna_fot.AlinaMetelytsia_16-36x24.jpg 36w, https:\/\/ismb.uwr.edu.pl\/wp-content\/uploads\/sites\/366\/2023\/07\/2021_wns_woiosna_fot.AlinaMetelytsia_16-48x32.jpg 48w\" sizes=\"auto, (max-width: 499px) 100vw, 499px\" \/><figcaption class=\"wp-element-caption\">Fot. Alina Metelytsia<\/figcaption><\/figure>\n<\/div><\/div><\/div>\n<\/div><\/div>\n<\/div>\n<\/div>\n\n\n\n<div class=\"wp-block-stackable-heading stk-block-heading stk-block-heading--v2 stk-block stk-b22d4f2\" id=\"pelnomocniczka-dyrektora-ds-finansowych-br-strong-mgr-bozena-czech-strong\" data-block-id=\"b22d4f2\"><h2 class=\"stk-block-heading__text\">Pe\u0142nomocniczka Dyrektora ds. finansowych: <br><strong>mgr Bo\u017cena Czech<\/strong><\/h2><\/div>\n\n\n\n<h3 class=\"wp-block-heading\">Funkcje:<\/h3>\n\n\n\n<ul class=\"wp-block-list\">\n<li>Pe\u0142nomocniczka Dyrektora ds. finans\u00f3w<\/li>\n\n\n\n<li>Koordynatorka administracyjna<\/li>\n<\/ul>\n\n\n\n<h3 class=\"wp-block-heading\">Godziny pracy:<\/h3>\n\n\n\n<ul class=\"wp-block-list\">\n<li>poniedzia\u0142ek \u2013 pi\u0105tek: godz. 9.00 &#8211; 16.00<\/li>\n<\/ul>\n\n\n\n<h3 class=\"wp-block-heading\">Kontakt:<\/h3>\n\n\n\n<ul class=\"wp-block-list\">\n<li>pok.&nbsp;<strong>110<\/strong><\/li>\n\n\n\n<li>tel.:&nbsp;<strong>+48 71 375 51 32<\/strong><\/li>\n\n\n\n<li>email:&nbsp;<a href=\"mailto:bozena.czech@uwr.edu.pl\"><strong>bozena.czech@uwr.edu.pl<\/strong><\/a><\/li>\n<\/ul>\n<\/div><\/div><\/div><\/div><\/div><\/div>\n\n\n","protected":false},"excerpt":{"rendered":"<p>Dyrektor: dr hab. Krzysztof Kociubi\u0144ski, prof. UWr Zast\u0119pca Dyrektora ds. og\u00f3lnych: dr Artur Drzewicki Zast\u0119pczyni Dyrektora ds. nauki: dr Katarzyna [&hellip;]<\/p>\n","protected":false},"author":1536,"featured_media":28281,"parent":30249,"menu_order":2,"comment_status":"closed","ping_status":"closed","template":"","meta":{"_acf_changed":false,"inline_featured_image":false,"site-sidebar-layout":"default","site-content-layout":"","ast-site-content-layout":"default","site-content-style":"default","site-sidebar-style":"default","ast-global-header-display":"","ast-banner-title-visibility":"","ast-main-header-display":"","ast-hfb-above-header-display":"","ast-hfb-below-header-display":"","ast-hfb-mobile-header-display":"","site-post-title":"","ast-breadcrumbs-content":"","ast-featured-img":"","footer-sml-layout":"","ast-disable-related-posts":"","theme-transparent-header-meta":"","adv-header-id-meta":"","stick-header-meta":"","header-above-stick-meta":"","header-main-stick-meta":"","header-below-stick-meta":"","astra-migrate-meta-layouts":"default","ast-page-background-enabled":"default","ast-page-background-meta":{"desktop":{"background-color":"var(--ast-global-color-5)","background-image":"","background-repeat":"repeat","background-position":"center center","background-size":"auto","background-attachment":"scroll","background-type":"","background-media":"","overlay-type":"","overlay-color":"","overlay-opacity":"","overlay-gradient":""},"tablet":{"background-color":"","background-image":"","background-repeat":"repeat","background-position":"center center","background-size":"auto","background-attachment":"scroll","background-type":"","background-media":"","overlay-type":"","overlay-color":"","overlay-opacity":"","overlay-gradient":""},"mobile":{"background-color":"","background-image":"","background-repeat":"repeat","background-position":"center center","background-size":"auto","background-attachment":"scroll","background-type":"","background-media":"","overlay-type":"","overlay-color":"","overlay-opacity":"","overlay-gradient":""}},"ast-content-background-meta":{"desktop":{"background-color":"var(--ast-global-color-4)","background-image":"","background-repeat":"repeat","background-position":"center center","background-size":"auto","background-attachment":"scroll","background-type":"","background-media":"","overlay-type":"","overlay-color":"","overlay-opacity":"","overlay-gradient":""},"tablet":{"background-color":"var(--ast-global-color-4)","background-image":"","background-repeat":"repeat","background-position":"center center","background-size":"auto","background-attachment":"scroll","background-type":"","background-media":"","overlay-type":"","overlay-color":"","overlay-opacity":"","overlay-gradient":""},"mobile":{"background-color":"var(--ast-global-color-4)","background-image":"","background-repeat":"repeat","background-position":"center center","background-size":"auto","background-attachment":"scroll","background-type":"","background-media":"","overlay-type":"","overlay-color":"","overlay-opacity":"","overlay-gradient":""}},"footnotes":""},"categories":[],"tags":[1071,1074,1065,1131,1068],"class_list":["post-30333","page","type-page","status-publish","has-post-thumbnail","hentry","tag-authorities","tag-director","tag-dyrektor-en","tag-wicedyrektor-en","tag-wladze-en"],"featured_image_urls_v2":{"full":["https:\/\/ismb.uwr.edu.pl\/wp-content\/uploads\/sites\/366\/2023\/07\/2021_wns_woiosna_fot.AlinaMetelytsia_22-scaled.jpg",2560,1707,false],"thumbnail":["https:\/\/ismb.uwr.edu.pl\/wp-content\/uploads\/sites\/366\/2023\/07\/2021_wns_woiosna_fot.AlinaMetelytsia_22-150x150.jpg",150,150,true],"medium":["https:\/\/ismb.uwr.edu.pl\/wp-content\/uploads\/sites\/366\/2023\/07\/2021_wns_woiosna_fot.AlinaMetelytsia_22-300x200.jpg",300,200,true],"medium_large":["https:\/\/ismb.uwr.edu.pl\/wp-content\/uploads\/sites\/366\/2023\/07\/2021_wns_woiosna_fot.AlinaMetelytsia_22-768x512.jpg",768,512,true],"large":["https:\/\/ismb.uwr.edu.pl\/wp-content\/uploads\/sites\/366\/2023\/07\/2021_wns_woiosna_fot.AlinaMetelytsia_22-1024x683.jpg",1024,683,true],"1536x1536":["https:\/\/ismb.uwr.edu.pl\/wp-content\/uploads\/sites\/366\/2023\/07\/2021_wns_woiosna_fot.AlinaMetelytsia_22-1536x1024.jpg",1536,1024,true],"2048x2048":["https:\/\/ismb.uwr.edu.pl\/wp-content\/uploads\/sites\/366\/2023\/07\/2021_wns_woiosna_fot.AlinaMetelytsia_22-2048x1365.jpg",2048,1365,true],"menu-24x24":["https:\/\/ismb.uwr.edu.pl\/wp-content\/uploads\/sites\/366\/2023\/07\/2021_wns_woiosna_fot.AlinaMetelytsia_22-24x16.jpg",24,16,true],"menu-36x36":["https:\/\/ismb.uwr.edu.pl\/wp-content\/uploads\/sites\/366\/2023\/07\/2021_wns_woiosna_fot.AlinaMetelytsia_22-36x24.jpg",36,24,true],"menu-48x48":["https:\/\/ismb.uwr.edu.pl\/wp-content\/uploads\/sites\/366\/2023\/07\/2021_wns_woiosna_fot.AlinaMetelytsia_22-48x32.jpg",48,32,true]},"post_excerpt_stackable_v2":"<p>2020-2024 Dyrektor: dr hab. Krzysztof Kociubi\u0144ski, prof. UWr Zast\u0119pca Dyrektora ds. og\u00f3lnych: dr Artur Drzewicki Zast\u0119pczyni Dyrektora ds. nauki: dr Katarzyna J\u0119drzejczyk-Kuliniak Zast\u0119pca Dyrektora ds. wsp\u00f3\u0142pracy z zagranic\u0105: dr Marek Musio\u0142 Zast\u0119pca Dyrektora ds. dydaktycznych: dr Adam Soko\u0142owski Fot. Alina Metelytsia Pe\u0142nomocniczka Dyrektora ds. finansowych: mgr Bo\u017cena Czech Funkcje: Pe\u0142nomocniczka Dyrektora ds. finans\u00f3w Koordynatorka administracyjna Godziny pracy: poniedzia\u0142ek \u2013 pi\u0105tek: godz. 9.00 &#8211; 16.00 Kontakt: pok.&nbsp;110 tel.:&nbsp;+48 71 375 51 32 email:&nbsp;bozena.czech@uwr.edu.pl<\/p>\n","category_list_v2":"Uncategorized","author_info_v2":{"name":"justyna.arendarska@uwr.edu.pl","url":"https:\/\/ismb.uwr.edu.pl\/en\/author\/justyna-arendarskauwr-edu-pl\/"},"comments_num_v2":"0 comments","acf":[],"yoast_head":"<!-- This site is optimized with the Yoast SEO plugin v27.1.1 - https:\/\/yoast.com\/product\/yoast-seo-wordpress\/ -->\n<title>2020-2024 - Instytut Studi\u00f3w Mi\u0119dzynarodowych i Bezpiecze\u0144stwa<\/title>\n<meta name=\"robots\" content=\"index, follow, max-snippet:-1, max-image-preview:large, max-video-preview:-1\" \/>\n<link rel=\"canonical\" href=\"https:\/\/ismb.uwr.edu.pl\/en\/instytut\/wladze\/wladze-instytutu\/\" \/>\n<meta property=\"og:locale\" content=\"en_US\" \/>\n<meta property=\"og:type\" content=\"article\" \/>\n<meta property=\"og:title\" content=\"2020-2024 - Instytut Studi\u00f3w Mi\u0119dzynarodowych i Bezpiecze\u0144stwa\" \/>\n<meta property=\"og:description\" content=\"Dyrektor: dr hab. Krzysztof Kociubi\u0144ski, prof. UWr Zast\u0119pca Dyrektora ds. og\u00f3lnych: dr Artur Drzewicki Zast\u0119pczyni Dyrektora ds. nauki: dr Katarzyna [&hellip;]\" \/>\n<meta property=\"og:url\" content=\"https:\/\/ismb.uwr.edu.pl\/en\/instytut\/wladze\/wladze-instytutu\/\" \/>\n<meta property=\"og:site_name\" content=\"Instytut Studi\u00f3w Mi\u0119dzynarodowych i Bezpiecze\u0144stwa\" \/>\n<meta property=\"article:modified_time\" content=\"2025-01-13T10:56:19+00:00\" \/>\n<meta property=\"og:image\" content=\"https:\/\/ismb.uwr.edu.pl\/wp-content\/uploads\/sites\/366\/2023\/07\/2021_wns_woiosna_fot.AlinaMetelytsia_22-scaled.jpg\" \/>\n\t<meta property=\"og:image:width\" content=\"2560\" \/>\n\t<meta property=\"og:image:height\" content=\"1707\" \/>\n\t<meta property=\"og:image:type\" content=\"image\/jpeg\" \/>\n<meta name=\"twitter:card\" content=\"summary_large_image\" \/>\n<meta name=\"twitter:label1\" content=\"Est. reading time\" \/>\n\t<meta name=\"twitter:data1\" content=\"1 minute\" \/>\n<script type=\"application\/ld+json\" class=\"yoast-schema-graph\">{\"@context\":\"https:\/\/schema.org\",\"@graph\":[{\"@type\":\"WebPage\",\"@id\":\"https:\/\/ismb.uwr.edu.pl\/en\/instytut\/wladze\/wladze-instytutu\/\",\"url\":\"https:\/\/ismb.uwr.edu.pl\/en\/instytut\/wladze\/wladze-instytutu\/\",\"name\":\"2020-2024 - Instytut Studi\u00f3w Mi\u0119dzynarodowych i Bezpiecze\u0144stwa\",\"isPartOf\":{\"@id\":\"https:\/\/ismb.uwr.edu.pl\/en\/#website\"},\"primaryImageOfPage\":{\"@id\":\"https:\/\/ismb.uwr.edu.pl\/en\/instytut\/wladze\/wladze-instytutu\/#primaryimage\"},\"image\":{\"@id\":\"https:\/\/ismb.uwr.edu.pl\/en\/instytut\/wladze\/wladze-instytutu\/#primaryimage\"},\"thumbnailUrl\":\"https:\/\/ismb.uwr.edu.pl\/wp-content\/uploads\/sites\/366\/2023\/07\/2021_wns_woiosna_fot.AlinaMetelytsia_22-scaled.jpg\",\"datePublished\":\"2023-06-20T10:53:54+00:00\",\"dateModified\":\"2025-01-13T10:56:19+00:00\",\"breadcrumb\":{\"@id\":\"https:\/\/ismb.uwr.edu.pl\/en\/instytut\/wladze\/wladze-instytutu\/#breadcrumb\"},\"inLanguage\":\"en-US\",\"potentialAction\":[{\"@type\":\"ReadAction\",\"target\":[\"https:\/\/ismb.uwr.edu.pl\/en\/instytut\/wladze\/wladze-instytutu\/\"]}]},{\"@type\":\"ImageObject\",\"inLanguage\":\"en-US\",\"@id\":\"https:\/\/ismb.uwr.edu.pl\/en\/instytut\/wladze\/wladze-instytutu\/#primaryimage\",\"url\":\"https:\/\/ismb.uwr.edu.pl\/wp-content\/uploads\/sites\/366\/2023\/07\/2021_wns_woiosna_fot.AlinaMetelytsia_22-scaled.jpg\",\"contentUrl\":\"https:\/\/ismb.uwr.edu.pl\/wp-content\/uploads\/sites\/366\/2023\/07\/2021_wns_woiosna_fot.AlinaMetelytsia_22-scaled.jpg\",\"width\":2560,\"height\":1707,\"caption\":\"Fot. Alina Metelytsia\"},{\"@type\":\"BreadcrumbList\",\"@id\":\"https:\/\/ismb.uwr.edu.pl\/en\/instytut\/wladze\/wladze-instytutu\/#breadcrumb\",\"itemListElement\":[{\"@type\":\"ListItem\",\"position\":1,\"name\":\"Strona g\u0142\u00f3wna\",\"item\":\"https:\/\/ismb.uwr.edu.pl\/en\/\"},{\"@type\":\"ListItem\",\"position\":2,\"name\":\"Instytut\",\"item\":\"https:\/\/ismb.uwr.edu.pl\/en\/?page_id=25539\"},{\"@type\":\"ListItem\",\"position\":3,\"name\":\"Authorities\",\"item\":\"https:\/\/ismb.uwr.edu.pl\/en\/instytut\/wladze\/\"},{\"@type\":\"ListItem\",\"position\":4,\"name\":\"2020-2024\"}]},{\"@type\":\"WebSite\",\"@id\":\"https:\/\/ismb.uwr.edu.pl\/en\/#website\",\"url\":\"https:\/\/ismb.uwr.edu.pl\/en\/\",\"name\":\"Instytut Studi\u00f3w Mi\u0119dzynarodowych i Bezpiecze\u0144stwa\",\"description\":\"Kolejna witryna sieci \u201eUWR Witryny\u201d\",\"publisher\":{\"@id\":\"https:\/\/ismb.uwr.edu.pl\/en\/#organization\"},\"potentialAction\":[{\"@type\":\"SearchAction\",\"target\":{\"@type\":\"EntryPoint\",\"urlTemplate\":\"https:\/\/ismb.uwr.edu.pl\/en\/?s={search_term_string}\"},\"query-input\":{\"@type\":\"PropertyValueSpecification\",\"valueRequired\":true,\"valueName\":\"search_term_string\"}}],\"inLanguage\":\"en-US\"},{\"@type\":\"Organization\",\"@id\":\"https:\/\/ismb.uwr.edu.pl\/en\/#organization\",\"name\":\"Instytut Studi\u00f3w Mi\u0119dzynarodowych i Bezpiecze\u0144stwa\",\"url\":\"https:\/\/ismb.uwr.edu.pl\/en\/\",\"logo\":{\"@type\":\"ImageObject\",\"inLanguage\":\"en-US\",\"@id\":\"https:\/\/ismb.uwr.edu.pl\/en\/#\/schema\/logo\/image\/\",\"url\":\"https:\/\/ismb.uwr.edu.pl\/wp-content\/uploads\/sites\/366\/2025\/10\/UWr-logotyp-2025.png\",\"contentUrl\":\"https:\/\/ismb.uwr.edu.pl\/wp-content\/uploads\/sites\/366\/2025\/10\/UWr-logotyp-2025.png\",\"width\":764,\"height\":269,\"caption\":\"Instytut Studi\u00f3w Mi\u0119dzynarodowych i Bezpiecze\u0144stwa\"},\"image\":{\"@id\":\"https:\/\/ismb.uwr.edu.pl\/en\/#\/schema\/logo\/image\/\"}}]}<\/script>\n<!-- \/ Yoast SEO plugin. -->","yoast_head_json":{"title":"2020-2024 - Instytut Studi\u00f3w Mi\u0119dzynarodowych i Bezpiecze\u0144stwa","robots":{"index":"index","follow":"follow","max-snippet":"max-snippet:-1","max-image-preview":"max-image-preview:large","max-video-preview":"max-video-preview:-1"},"canonical":"https:\/\/ismb.uwr.edu.pl\/en\/instytut\/wladze\/wladze-instytutu\/","og_locale":"en_US","og_type":"article","og_title":"2020-2024 - Instytut Studi\u00f3w Mi\u0119dzynarodowych i Bezpiecze\u0144stwa","og_description":"Dyrektor: dr hab. Krzysztof Kociubi\u0144ski, prof. UWr Zast\u0119pca Dyrektora ds. og\u00f3lnych: dr Artur Drzewicki Zast\u0119pczyni Dyrektora ds. nauki: dr Katarzyna [&hellip;]","og_url":"https:\/\/ismb.uwr.edu.pl\/en\/instytut\/wladze\/wladze-instytutu\/","og_site_name":"Instytut Studi\u00f3w Mi\u0119dzynarodowych i Bezpiecze\u0144stwa","article_modified_time":"2025-01-13T10:56:19+00:00","og_image":[{"width":2560,"height":1707,"url":"https:\/\/ismb.uwr.edu.pl\/wp-content\/uploads\/sites\/366\/2023\/07\/2021_wns_woiosna_fot.AlinaMetelytsia_22-scaled.jpg","type":"image\/jpeg"}],"twitter_card":"summary_large_image","twitter_misc":{"Est. reading time":"1 minute"},"schema":{"@context":"https:\/\/schema.org","@graph":[{"@type":"WebPage","@id":"https:\/\/ismb.uwr.edu.pl\/en\/instytut\/wladze\/wladze-instytutu\/","url":"https:\/\/ismb.uwr.edu.pl\/en\/instytut\/wladze\/wladze-instytutu\/","name":"2020-2024 - Instytut Studi\u00f3w Mi\u0119dzynarodowych i Bezpiecze\u0144stwa","isPartOf":{"@id":"https:\/\/ismb.uwr.edu.pl\/en\/#website"},"primaryImageOfPage":{"@id":"https:\/\/ismb.uwr.edu.pl\/en\/instytut\/wladze\/wladze-instytutu\/#primaryimage"},"image":{"@id":"https:\/\/ismb.uwr.edu.pl\/en\/instytut\/wladze\/wladze-instytutu\/#primaryimage"},"thumbnailUrl":"https:\/\/ismb.uwr.edu.pl\/wp-content\/uploads\/sites\/366\/2023\/07\/2021_wns_woiosna_fot.AlinaMetelytsia_22-scaled.jpg","datePublished":"2023-06-20T10:53:54+00:00","dateModified":"2025-01-13T10:56:19+00:00","breadcrumb":{"@id":"https:\/\/ismb.uwr.edu.pl\/en\/instytut\/wladze\/wladze-instytutu\/#breadcrumb"},"inLanguage":"en-US","potentialAction":[{"@type":"ReadAction","target":["https:\/\/ismb.uwr.edu.pl\/en\/instytut\/wladze\/wladze-instytutu\/"]}]},{"@type":"ImageObject","inLanguage":"en-US","@id":"https:\/\/ismb.uwr.edu.pl\/en\/instytut\/wladze\/wladze-instytutu\/#primaryimage","url":"https:\/\/ismb.uwr.edu.pl\/wp-content\/uploads\/sites\/366\/2023\/07\/2021_wns_woiosna_fot.AlinaMetelytsia_22-scaled.jpg","contentUrl":"https:\/\/ismb.uwr.edu.pl\/wp-content\/uploads\/sites\/366\/2023\/07\/2021_wns_woiosna_fot.AlinaMetelytsia_22-scaled.jpg","width":2560,"height":1707,"caption":"Fot. Alina Metelytsia"},{"@type":"BreadcrumbList","@id":"https:\/\/ismb.uwr.edu.pl\/en\/instytut\/wladze\/wladze-instytutu\/#breadcrumb","itemListElement":[{"@type":"ListItem","position":1,"name":"Strona g\u0142\u00f3wna","item":"https:\/\/ismb.uwr.edu.pl\/en\/"},{"@type":"ListItem","position":2,"name":"Instytut","item":"https:\/\/ismb.uwr.edu.pl\/en\/?page_id=25539"},{"@type":"ListItem","position":3,"name":"Authorities","item":"https:\/\/ismb.uwr.edu.pl\/en\/instytut\/wladze\/"},{"@type":"ListItem","position":4,"name":"2020-2024"}]},{"@type":"WebSite","@id":"https:\/\/ismb.uwr.edu.pl\/en\/#website","url":"https:\/\/ismb.uwr.edu.pl\/en\/","name":"Instytut Studi\u00f3w Mi\u0119dzynarodowych i Bezpiecze\u0144stwa","description":"Kolejna witryna sieci \u201eUWR Witryny\u201d","publisher":{"@id":"https:\/\/ismb.uwr.edu.pl\/en\/#organization"},"potentialAction":[{"@type":"SearchAction","target":{"@type":"EntryPoint","urlTemplate":"https:\/\/ismb.uwr.edu.pl\/en\/?s={search_term_string}"},"query-input":{"@type":"PropertyValueSpecification","valueRequired":true,"valueName":"search_term_string"}}],"inLanguage":"en-US"},{"@type":"Organization","@id":"https:\/\/ismb.uwr.edu.pl\/en\/#organization","name":"Instytut Studi\u00f3w Mi\u0119dzynarodowych i Bezpiecze\u0144stwa","url":"https:\/\/ismb.uwr.edu.pl\/en\/","logo":{"@type":"ImageObject","inLanguage":"en-US","@id":"https:\/\/ismb.uwr.edu.pl\/en\/#\/schema\/logo\/image\/","url":"https:\/\/ismb.uwr.edu.pl\/wp-content\/uploads\/sites\/366\/2025\/10\/UWr-logotyp-2025.png","contentUrl":"https:\/\/ismb.uwr.edu.pl\/wp-content\/uploads\/sites\/366\/2025\/10\/UWr-logotyp-2025.png","width":764,"height":269,"caption":"Instytut Studi\u00f3w Mi\u0119dzynarodowych i Bezpiecze\u0144stwa"},"image":{"@id":"https:\/\/ismb.uwr.edu.pl\/en\/#\/schema\/logo\/image\/"}}]}},"publishpress_future_action":{"enabled":false,"date":"2026-04-28 21:54:17","action":"change-status","newStatus":"draft","terms":[],"taxonomy":"category","extraData":[]},"publishpress_future_workflow_manual_trigger":{"enabledWorkflows":[]},"_links":{"self":[{"href":"https:\/\/ismb.uwr.edu.pl\/en\/wp-json\/wp\/v2\/pages\/30333\/"}],"collection":[{"href":"https:\/\/ismb.uwr.edu.pl\/en\/wp-json\/wp\/v2\/pages\/"}],"about":[{"href":"https:\/\/ismb.uwr.edu.pl\/en\/wp-json\/wp\/v2\/types\/page\/"}],"author":[{"embeddable":true,"href":"https:\/\/ismb.uwr.edu.pl\/en\/wp-json\/wp\/v2\/users\/1536\/"}],"replies":[{"embeddable":true,"href":"https:\/\/ismb.uwr.edu.pl\/en\/wp-json\/wp\/v2\/comments\/?post=30333"}],"version-history":[{"count":2,"href":"https:\/\/ismb.uwr.edu.pl\/en\/wp-json\/wp\/v2\/pages\/30333\/revisions\/"}],"predecessor-version":[{"id":41193,"href":"https:\/\/ismb.uwr.edu.pl\/en\/wp-json\/wp\/v2\/pages\/30333\/revisions\/41193\/"}],"up":[{"embeddable":true,"href":"https:\/\/ismb.uwr.edu.pl\/en\/wp-json\/wp\/v2\/pages\/30249\/"}],"wp:featuredmedia":[{"embeddable":true,"href":"https:\/\/ismb.uwr.edu.pl\/en\/wp-json\/wp\/v2\/media\/28281\/"}],"wp:attachment":[{"href":"https:\/\/ismb.uwr.edu.pl\/en\/wp-json\/wp\/v2\/media\/?parent=30333"}],"wp:term":[{"taxonomy":"category","embeddable":true,"href":"https:\/\/ismb.uwr.edu.pl\/en\/wp-json\/wp\/v2\/categories\/?post=30333"},{"taxonomy":"post_tag","embeddable":true,"href":"https:\/\/ismb.uwr.edu.pl\/en\/wp-json\/wp\/v2\/tags\/?post=30333"}],"curies":[{"name":"wp","href":"https:\/\/api.w.org\/{rel}","templated":true}]}}