{"id":34985,"date":"2023-09-19T12:57:25","date_gmt":"2023-09-19T10:57:25","guid":{"rendered":"https:\/\/ismb.uwr.edu.pl\/institute\/pracownicy-jednostki\/"},"modified":"2024-07-18T23:05:17","modified_gmt":"2024-07-18T21:05:17","slug":"pracownicy-jednostki","status":"publish","type":"page","link":"https:\/\/ismb.uwr.edu.pl\/en\/instytut\/pracownicy-jednostki\/","title":{"rendered":"Academic staff"},"content":{"rendered":"\n<div class=\"alignfull wp-block-ugb-container ugb-container podstrona_sekcje ugb-12c4a27 ugb-container--v2 ugb-container--design-plain ugb-main-block\"><style>@media screen and (min-width:768px){.ugb-12c4a27.ugb-container{margin-bottom:0px !important;padding-right:0px !important;padding-bottom:50px !important;padding-left:0px !important}}@media screen and (min-width:768px){.ugb-12c4a27 > .ugb-inner-block > .ugb-block-content > *{padding-top:0px !important;padding-bottom:0px !important;padding-right:0px !important;padding-left:0px !important}}<\/style><div class=\"ugb-inner-block\"><div class=\"ugb-block-content\"><div class=\"ugb-container__wrapper ugb-12c4a27-wrapper\"><div class=\"ugb-container__side\"><div class=\"ugb-container__content-wrapper ugb-12c4a27-content-wrapper\"><div class=\"bs_add_breadcrumb_trail\"><\/div>\n<h1 id=\"tytul-strony\" class=\"wydarzenia-strona-naglowek\">Academic staff<\/h1>\n<div class=\"container lista-pracownikow\">\n    <div id=\"letter-block\" class=\"litery-block\">\n            <\/div>\n    <div>\n                <a class=\"strzalka_top\" href=\"#letter-block\">\n            <img decoding=\"async\" src=\"https:\/\/ismb.uwr.edu.pl\/wp-content\/plugins\/wp-bs-modular\/src\/Modules\/Omega\/assets\/img\/arrow_up.svg\">\n        <\/a>\n        <div class=\"bst-scroll--unhidden\"><\/div>\n\n    <\/div>\n<\/div>\n<\/div><\/div><\/div><\/div><\/div><\/div>\n\n\n\n<p><a href=\"https:\/\/www.ism.uni.wroc.pl\/en\/Academic-Staff\">https:\/\/www.ism.uni.wroc.pl\/en\/Academic-Staff<\/a><\/p>\n","protected":false},"excerpt":{"rendered":"<p>https:\/\/www.ism.uni.wroc.pl\/en\/Academic-Staff<\/p>\n","protected":false},"author":2232,"featured_media":26133,"parent":25539,"menu_order":5,"comment_status":"closed","ping_status":"closed","template":"","meta":{"_acf_changed":false,"inline_featured_image":false,"site-sidebar-layout":"default","site-content-layout":"","ast-site-content-layout":"default","site-content-style":"default","site-sidebar-style":"default","ast-global-header-display":"","ast-banner-title-visibility":"","ast-main-header-display":"","ast-hfb-above-header-display":"","ast-hfb-below-header-display":"","ast-hfb-mobile-header-display":"","site-post-title":"","ast-breadcrumbs-content":"","ast-featured-img":"","footer-sml-layout":"","ast-disable-related-posts":"","theme-transparent-header-meta":"","adv-header-id-meta":"","stick-header-meta":"","header-above-stick-meta":"","header-main-stick-meta":"","header-below-stick-meta":"","astra-migrate-meta-layouts":"set","ast-page-background-enabled":"default","ast-page-background-meta":{"desktop":{"background-color":"var(--ast-global-color-5)","background-image":"","background-repeat":"repeat","background-position":"center center","background-size":"auto","background-attachment":"scroll","background-type":"","background-media":"","overlay-type":"","overlay-color":"","overlay-opacity":"","overlay-gradient":""},"tablet":{"background-color":"","background-image":"","background-repeat":"repeat","background-position":"center center","background-size":"auto","background-attachment":"scroll","background-type":"","background-media":"","overlay-type":"","overlay-color":"","overlay-opacity":"","overlay-gradient":""},"mobile":{"background-color":"","background-image":"","background-repeat":"repeat","background-position":"center center","background-size":"auto","background-attachment":"scroll","background-type":"","background-media":"","overlay-type":"","overlay-color":"","overlay-opacity":"","overlay-gradient":""}},"ast-content-background-meta":{"desktop":{"background-color":"var(--ast-global-color-4)","background-image":"","background-repeat":"repeat","background-position":"center center","background-size":"auto","background-attachment":"scroll","background-type":"","background-media":"","overlay-type":"","overlay-color":"","overlay-opacity":"","overlay-gradient":""},"tablet":{"background-color":"var(--ast-global-color-4)","background-image":"","background-repeat":"repeat","background-position":"center center","background-size":"auto","background-attachment":"scroll","background-type":"","background-media":"","overlay-type":"","overlay-color":"","overlay-opacity":"","overlay-gradient":""},"mobile":{"background-color":"var(--ast-global-color-4)","background-image":"","background-repeat":"repeat","background-position":"center center","background-size":"auto","background-attachment":"scroll","background-type":"","background-media":"","overlay-type":"","overlay-color":"","overlay-opacity":"","overlay-gradient":""}},"footnotes":""},"categories":[],"tags":[1997,2000,2009,2006,2003],"class_list":["post-34985","page","type-page","status-publish","has-post-thumbnail","hentry","tag-konsultacje-en","tag-pracownicy-en","tag-professors","tag-scholars","tag-staff"],"featured_image_urls_v2":{"full":["https:\/\/ismb.uwr.edu.pl\/wp-content\/uploads\/sites\/366\/2024\/01\/25.04.22_politologia_fot.AlinaMetelytsia-scaled.jpg",2560,1707,false],"thumbnail":["https:\/\/ismb.uwr.edu.pl\/wp-content\/uploads\/sites\/366\/2024\/01\/25.04.22_politologia_fot.AlinaMetelytsia-150x150.jpg",150,150,true],"medium":["https:\/\/ismb.uwr.edu.pl\/wp-content\/uploads\/sites\/366\/2024\/01\/25.04.22_politologia_fot.AlinaMetelytsia-300x200.jpg",300,200,true],"medium_large":["https:\/\/ismb.uwr.edu.pl\/wp-content\/uploads\/sites\/366\/2024\/01\/25.04.22_politologia_fot.AlinaMetelytsia-768x512.jpg",768,512,true],"large":["https:\/\/ismb.uwr.edu.pl\/wp-content\/uploads\/sites\/366\/2024\/01\/25.04.22_politologia_fot.AlinaMetelytsia-1024x683.jpg",1024,683,true],"1536x1536":["https:\/\/ismb.uwr.edu.pl\/wp-content\/uploads\/sites\/366\/2024\/01\/25.04.22_politologia_fot.AlinaMetelytsia-1536x1024.jpg",1536,1024,true],"2048x2048":["https:\/\/ismb.uwr.edu.pl\/wp-content\/uploads\/sites\/366\/2024\/01\/25.04.22_politologia_fot.AlinaMetelytsia-2048x1365.jpg",2048,1365,true],"menu-24x24":["https:\/\/ismb.uwr.edu.pl\/wp-content\/uploads\/sites\/366\/2024\/01\/25.04.22_politologia_fot.AlinaMetelytsia-24x16.jpg",24,16,true],"menu-36x36":["https:\/\/ismb.uwr.edu.pl\/wp-content\/uploads\/sites\/366\/2024\/01\/25.04.22_politologia_fot.AlinaMetelytsia-36x24.jpg",36,24,true],"menu-48x48":["https:\/\/ismb.uwr.edu.pl\/wp-content\/uploads\/sites\/366\/2024\/01\/25.04.22_politologia_fot.AlinaMetelytsia-48x32.jpg",48,32,true]},"post_excerpt_stackable_v2":"<p>Academic staff https:\/\/www.ism.uni.wroc.pl\/en\/Academic-Staff<\/p>\n","category_list_v2":"Uncategorized","author_info_v2":{"name":"lstachowski","url":"https:\/\/ismb.uwr.edu.pl\/en\/author\/lstachowski\/"},"comments_num_v2":"0 comments","acf":[],"yoast_head":"<!-- This site is optimized with the Yoast SEO plugin v27.1.1 - https:\/\/yoast.com\/product\/yoast-seo-wordpress\/ -->\n<title>Academic staff - Instytut Studi\u00f3w Mi\u0119dzynarodowych i Bezpiecze\u0144stwa<\/title>\n<meta name=\"robots\" content=\"index, follow, max-snippet:-1, max-image-preview:large, max-video-preview:-1\" \/>\n<link rel=\"canonical\" href=\"https:\/\/ismb.uwr.edu.pl\/en\/instytut\/pracownicy-jednostki\/\" \/>\n<meta property=\"og:locale\" content=\"en_US\" \/>\n<meta property=\"og:type\" content=\"article\" \/>\n<meta property=\"og:title\" content=\"Academic staff - Instytut Studi\u00f3w Mi\u0119dzynarodowych i Bezpiecze\u0144stwa\" \/>\n<meta property=\"og:description\" content=\"https:\/\/www.ism.uni.wroc.pl\/en\/Academic-Staff\" \/>\n<meta property=\"og:url\" content=\"https:\/\/ismb.uwr.edu.pl\/en\/instytut\/pracownicy-jednostki\/\" \/>\n<meta property=\"og:site_name\" content=\"Instytut Studi\u00f3w Mi\u0119dzynarodowych i Bezpiecze\u0144stwa\" \/>\n<meta property=\"article:modified_time\" content=\"2024-07-18T21:05:17+00:00\" \/>\n<meta property=\"og:image\" content=\"https:\/\/ismb.uwr.edu.pl\/wp-content\/uploads\/sites\/366\/2024\/01\/25.04.22_politologia_fot.AlinaMetelytsia-scaled.jpg\" \/>\n\t<meta property=\"og:image:width\" content=\"2560\" \/>\n\t<meta property=\"og:image:height\" content=\"1707\" \/>\n\t<meta property=\"og:image:type\" content=\"image\/jpeg\" \/>\n<meta name=\"twitter:card\" content=\"summary_large_image\" \/>\n<meta name=\"twitter:label1\" content=\"Est. reading time\" \/>\n\t<meta name=\"twitter:data1\" content=\"1 minute\" \/>\n<script type=\"application\/ld+json\" class=\"yoast-schema-graph\">{\"@context\":\"https:\/\/schema.org\",\"@graph\":[{\"@type\":\"WebPage\",\"@id\":\"https:\/\/ismb.uwr.edu.pl\/en\/instytut\/pracownicy-jednostki\/\",\"url\":\"https:\/\/ismb.uwr.edu.pl\/en\/instytut\/pracownicy-jednostki\/\",\"name\":\"Academic staff - Instytut Studi\u00f3w Mi\u0119dzynarodowych i Bezpiecze\u0144stwa\",\"isPartOf\":{\"@id\":\"https:\/\/ismb.uwr.edu.pl\/en\/#website\"},\"primaryImageOfPage\":{\"@id\":\"https:\/\/ismb.uwr.edu.pl\/en\/instytut\/pracownicy-jednostki\/#primaryimage\"},\"image\":{\"@id\":\"https:\/\/ismb.uwr.edu.pl\/en\/instytut\/pracownicy-jednostki\/#primaryimage\"},\"thumbnailUrl\":\"https:\/\/ismb.uwr.edu.pl\/wp-content\/uploads\/sites\/366\/2024\/01\/25.04.22_politologia_fot.AlinaMetelytsia-scaled.jpg\",\"datePublished\":\"2023-09-19T10:57:25+00:00\",\"dateModified\":\"2024-07-18T21:05:17+00:00\",\"breadcrumb\":{\"@id\":\"https:\/\/ismb.uwr.edu.pl\/en\/instytut\/pracownicy-jednostki\/#breadcrumb\"},\"inLanguage\":\"en-US\",\"potentialAction\":[{\"@type\":\"ReadAction\",\"target\":[\"https:\/\/ismb.uwr.edu.pl\/en\/instytut\/pracownicy-jednostki\/\"]}]},{\"@type\":\"ImageObject\",\"inLanguage\":\"en-US\",\"@id\":\"https:\/\/ismb.uwr.edu.pl\/en\/instytut\/pracownicy-jednostki\/#primaryimage\",\"url\":\"https:\/\/ismb.uwr.edu.pl\/wp-content\/uploads\/sites\/366\/2024\/01\/25.04.22_politologia_fot.AlinaMetelytsia-scaled.jpg\",\"contentUrl\":\"https:\/\/ismb.uwr.edu.pl\/wp-content\/uploads\/sites\/366\/2024\/01\/25.04.22_politologia_fot.AlinaMetelytsia-scaled.jpg\",\"width\":2560,\"height\":1707,\"caption\":\"Fot. Alina Metelytsia\"},{\"@type\":\"BreadcrumbList\",\"@id\":\"https:\/\/ismb.uwr.edu.pl\/en\/instytut\/pracownicy-jednostki\/#breadcrumb\",\"itemListElement\":[{\"@type\":\"ListItem\",\"position\":1,\"name\":\"Strona g\u0142\u00f3wna\",\"item\":\"https:\/\/ismb.uwr.edu.pl\/en\/\"},{\"@type\":\"ListItem\",\"position\":2,\"name\":\"Instytut\",\"item\":\"https:\/\/ismb.uwr.edu.pl\/en\/?page_id=25539\"},{\"@type\":\"ListItem\",\"position\":3,\"name\":\"Academic staff\"}]},{\"@type\":\"WebSite\",\"@id\":\"https:\/\/ismb.uwr.edu.pl\/en\/#website\",\"url\":\"https:\/\/ismb.uwr.edu.pl\/en\/\",\"name\":\"Instytut Studi\u00f3w Mi\u0119dzynarodowych i Bezpiecze\u0144stwa\",\"description\":\"Kolejna witryna sieci \u201eUWR Witryny\u201d\",\"publisher\":{\"@id\":\"https:\/\/ismb.uwr.edu.pl\/en\/#organization\"},\"potentialAction\":[{\"@type\":\"SearchAction\",\"target\":{\"@type\":\"EntryPoint\",\"urlTemplate\":\"https:\/\/ismb.uwr.edu.pl\/en\/?s={search_term_string}\"},\"query-input\":{\"@type\":\"PropertyValueSpecification\",\"valueRequired\":true,\"valueName\":\"search_term_string\"}}],\"inLanguage\":\"en-US\"},{\"@type\":\"Organization\",\"@id\":\"https:\/\/ismb.uwr.edu.pl\/en\/#organization\",\"name\":\"Instytut Studi\u00f3w Mi\u0119dzynarodowych i Bezpiecze\u0144stwa\",\"url\":\"https:\/\/ismb.uwr.edu.pl\/en\/\",\"logo\":{\"@type\":\"ImageObject\",\"inLanguage\":\"en-US\",\"@id\":\"https:\/\/ismb.uwr.edu.pl\/en\/#\/schema\/logo\/image\/\",\"url\":\"https:\/\/ismb.uwr.edu.pl\/wp-content\/uploads\/sites\/366\/2025\/10\/UWr-logotyp-2025.png\",\"contentUrl\":\"https:\/\/ismb.uwr.edu.pl\/wp-content\/uploads\/sites\/366\/2025\/10\/UWr-logotyp-2025.png\",\"width\":764,\"height\":269,\"caption\":\"Instytut Studi\u00f3w Mi\u0119dzynarodowych i Bezpiecze\u0144stwa\"},\"image\":{\"@id\":\"https:\/\/ismb.uwr.edu.pl\/en\/#\/schema\/logo\/image\/\"}}]}<\/script>\n<!-- \/ Yoast SEO plugin. -->","yoast_head_json":{"title":"Academic staff - Instytut Studi\u00f3w Mi\u0119dzynarodowych i Bezpiecze\u0144stwa","robots":{"index":"index","follow":"follow","max-snippet":"max-snippet:-1","max-image-preview":"max-image-preview:large","max-video-preview":"max-video-preview:-1"},"canonical":"https:\/\/ismb.uwr.edu.pl\/en\/instytut\/pracownicy-jednostki\/","og_locale":"en_US","og_type":"article","og_title":"Academic staff - Instytut Studi\u00f3w Mi\u0119dzynarodowych i Bezpiecze\u0144stwa","og_description":"https:\/\/www.ism.uni.wroc.pl\/en\/Academic-Staff","og_url":"https:\/\/ismb.uwr.edu.pl\/en\/instytut\/pracownicy-jednostki\/","og_site_name":"Instytut Studi\u00f3w Mi\u0119dzynarodowych i Bezpiecze\u0144stwa","article_modified_time":"2024-07-18T21:05:17+00:00","og_image":[{"width":2560,"height":1707,"url":"https:\/\/ismb.uwr.edu.pl\/wp-content\/uploads\/sites\/366\/2024\/01\/25.04.22_politologia_fot.AlinaMetelytsia-scaled.jpg","type":"image\/jpeg"}],"twitter_card":"summary_large_image","twitter_misc":{"Est. reading time":"1 minute"},"schema":{"@context":"https:\/\/schema.org","@graph":[{"@type":"WebPage","@id":"https:\/\/ismb.uwr.edu.pl\/en\/instytut\/pracownicy-jednostki\/","url":"https:\/\/ismb.uwr.edu.pl\/en\/instytut\/pracownicy-jednostki\/","name":"Academic staff - Instytut Studi\u00f3w Mi\u0119dzynarodowych i Bezpiecze\u0144stwa","isPartOf":{"@id":"https:\/\/ismb.uwr.edu.pl\/en\/#website"},"primaryImageOfPage":{"@id":"https:\/\/ismb.uwr.edu.pl\/en\/instytut\/pracownicy-jednostki\/#primaryimage"},"image":{"@id":"https:\/\/ismb.uwr.edu.pl\/en\/instytut\/pracownicy-jednostki\/#primaryimage"},"thumbnailUrl":"https:\/\/ismb.uwr.edu.pl\/wp-content\/uploads\/sites\/366\/2024\/01\/25.04.22_politologia_fot.AlinaMetelytsia-scaled.jpg","datePublished":"2023-09-19T10:57:25+00:00","dateModified":"2024-07-18T21:05:17+00:00","breadcrumb":{"@id":"https:\/\/ismb.uwr.edu.pl\/en\/instytut\/pracownicy-jednostki\/#breadcrumb"},"inLanguage":"en-US","potentialAction":[{"@type":"ReadAction","target":["https:\/\/ismb.uwr.edu.pl\/en\/instytut\/pracownicy-jednostki\/"]}]},{"@type":"ImageObject","inLanguage":"en-US","@id":"https:\/\/ismb.uwr.edu.pl\/en\/instytut\/pracownicy-jednostki\/#primaryimage","url":"https:\/\/ismb.uwr.edu.pl\/wp-content\/uploads\/sites\/366\/2024\/01\/25.04.22_politologia_fot.AlinaMetelytsia-scaled.jpg","contentUrl":"https:\/\/ismb.uwr.edu.pl\/wp-content\/uploads\/sites\/366\/2024\/01\/25.04.22_politologia_fot.AlinaMetelytsia-scaled.jpg","width":2560,"height":1707,"caption":"Fot. Alina Metelytsia"},{"@type":"BreadcrumbList","@id":"https:\/\/ismb.uwr.edu.pl\/en\/instytut\/pracownicy-jednostki\/#breadcrumb","itemListElement":[{"@type":"ListItem","position":1,"name":"Strona g\u0142\u00f3wna","item":"https:\/\/ismb.uwr.edu.pl\/en\/"},{"@type":"ListItem","position":2,"name":"Instytut","item":"https:\/\/ismb.uwr.edu.pl\/en\/?page_id=25539"},{"@type":"ListItem","position":3,"name":"Academic staff"}]},{"@type":"WebSite","@id":"https:\/\/ismb.uwr.edu.pl\/en\/#website","url":"https:\/\/ismb.uwr.edu.pl\/en\/","name":"Instytut Studi\u00f3w Mi\u0119dzynarodowych i Bezpiecze\u0144stwa","description":"Kolejna witryna sieci \u201eUWR Witryny\u201d","publisher":{"@id":"https:\/\/ismb.uwr.edu.pl\/en\/#organization"},"potentialAction":[{"@type":"SearchAction","target":{"@type":"EntryPoint","urlTemplate":"https:\/\/ismb.uwr.edu.pl\/en\/?s={search_term_string}"},"query-input":{"@type":"PropertyValueSpecification","valueRequired":true,"valueName":"search_term_string"}}],"inLanguage":"en-US"},{"@type":"Organization","@id":"https:\/\/ismb.uwr.edu.pl\/en\/#organization","name":"Instytut Studi\u00f3w Mi\u0119dzynarodowych i Bezpiecze\u0144stwa","url":"https:\/\/ismb.uwr.edu.pl\/en\/","logo":{"@type":"ImageObject","inLanguage":"en-US","@id":"https:\/\/ismb.uwr.edu.pl\/en\/#\/schema\/logo\/image\/","url":"https:\/\/ismb.uwr.edu.pl\/wp-content\/uploads\/sites\/366\/2025\/10\/UWr-logotyp-2025.png","contentUrl":"https:\/\/ismb.uwr.edu.pl\/wp-content\/uploads\/sites\/366\/2025\/10\/UWr-logotyp-2025.png","width":764,"height":269,"caption":"Instytut Studi\u00f3w Mi\u0119dzynarodowych i Bezpiecze\u0144stwa"},"image":{"@id":"https:\/\/ismb.uwr.edu.pl\/en\/#\/schema\/logo\/image\/"}}]}},"publishpress_future_action":{"enabled":false,"date":"2026-04-28 21:55:15","action":"change-status","newStatus":"draft","terms":[],"taxonomy":"category","extraData":[]},"publishpress_future_workflow_manual_trigger":{"enabledWorkflows":[]},"_links":{"self":[{"href":"https:\/\/ismb.uwr.edu.pl\/en\/wp-json\/wp\/v2\/pages\/34985\/"}],"collection":[{"href":"https:\/\/ismb.uwr.edu.pl\/en\/wp-json\/wp\/v2\/pages\/"}],"about":[{"href":"https:\/\/ismb.uwr.edu.pl\/en\/wp-json\/wp\/v2\/types\/page\/"}],"author":[{"embeddable":true,"href":"https:\/\/ismb.uwr.edu.pl\/en\/wp-json\/wp\/v2\/users\/2232\/"}],"replies":[{"embeddable":true,"href":"https:\/\/ismb.uwr.edu.pl\/en\/wp-json\/wp\/v2\/comments\/?post=34985"}],"version-history":[{"count":1,"href":"https:\/\/ismb.uwr.edu.pl\/en\/wp-json\/wp\/v2\/pages\/34985\/revisions\/"}],"predecessor-version":[{"id":34991,"href":"https:\/\/ismb.uwr.edu.pl\/en\/wp-json\/wp\/v2\/pages\/34985\/revisions\/34991\/"}],"up":[{"embeddable":true,"href":"https:\/\/ismb.uwr.edu.pl\/en\/wp-json\/wp\/v2\/pages\/25539\/"}],"wp:featuredmedia":[{"embeddable":true,"href":"https:\/\/ismb.uwr.edu.pl\/en\/wp-json\/wp\/v2\/media\/26133\/"}],"wp:attachment":[{"href":"https:\/\/ismb.uwr.edu.pl\/en\/wp-json\/wp\/v2\/media\/?parent=34985"}],"wp:term":[{"taxonomy":"category","embeddable":true,"href":"https:\/\/ismb.uwr.edu.pl\/en\/wp-json\/wp\/v2\/categories\/?post=34985"},{"taxonomy":"post_tag","embeddable":true,"href":"https:\/\/ismb.uwr.edu.pl\/en\/wp-json\/wp\/v2\/tags\/?post=34985"}],"curies":[{"name":"wp","href":"https:\/\/api.w.org\/{rel}","templated":true}]}}