{"id":35009,"date":"2023-06-20T14:19:35","date_gmt":"2023-06-20T12:19:35","guid":{"rendered":"https:\/\/ismb.uwr.edu.pl\/?page_id=35009"},"modified":"2024-07-23T00:21:13","modified_gmt":"2024-07-22T22:21:13","slug":"research-projects","status":"publish","type":"page","link":"https:\/\/ismb.uwr.edu.pl\/en\/research-projects\/","title":{"rendered":"Research projects"},"content":{"rendered":"\n<div class=\"wp-block-ugb-container ugb-container blok_nowa_podstrona ugb-8dda971 ugb-container--v2 ugb-container--design-plain ugb-main-block\"><div class=\"ugb-inner-block\"><div class=\"ugb-block-content\"><div class=\"ugb-container__wrapper ugb-8dda971-wrapper\"><div class=\"ugb-container__side\"><div class=\"ugb-container__content-wrapper ugb-8dda971-content-wrapper\">\n<div class=\"wp-block-columns bs-news-page is-layout-flex wp-block-columns-is-layout-flex\">\n<div class=\"wp-block-column bs-contact-right-column is-layout-flow wp-block-column-is-layout-flow\">\n<div class=\"wp-block-bonasoft-modular-breadcrumbs-block\"><div class=\"bs_add_breadcrumb_trail\"><\/div><\/div>\n\n\n\n<hr class=\"wp-block-separator has-text-color has-black-color has-css-opacity has-black-background-color has-background is-style-wide bs-border-kontakt\"\/>\n\n\n<h1 style=\"font-style:normal;font-weight:700;\" class=\"bs-naglowek-podstrony wp-block-post-title\">Research projects<\/h1>\n\n<ul class=\"bs-pageList-container\">\n\n           \n        <a class=\"bs-pageList-linked\" href=\"https:\/\/ismb.uwr.edu.pl\/en\/research-projects\/projekty-miedzynarodowe\/\">\n        <li>\n        <div class=\"parent-page\">\n            <p> \n                International projects            <\/p>\n            <div class=\"bs-links-icon\">\n            <svg width=\"40px\" height=\"40px\" viewBox=\"0 0 22 16\" version=\"1.1\"><g stroke=\"none\" strokewidth=\"1\" fill=\"white\" fillrule=\"evenodd\"><g><polygon points=\"13.4875 0 12 1.6215 18.7875 8 12 14.3795 13.4875 16 21.9995 8\"><\/polygon><\/g><\/g><\/svg>\n        <\/div>\n        <\/div>\n        <\/li>\n    <\/a>\n  \n       \n        <a class=\"bs-pageList-linked\" href=\"https:\/\/ismb.uwr.edu.pl\/en\/research-projects\/nationally-funded-projects\/\">\n        <li>\n        <div class=\"parent-page\">\n            <p> \n                Nationally funded projects            <\/p>\n            <div class=\"bs-links-icon\">\n            <svg width=\"40px\" height=\"40px\" viewBox=\"0 0 22 16\" version=\"1.1\"><g stroke=\"none\" strokewidth=\"1\" fill=\"white\" fillrule=\"evenodd\"><g><polygon points=\"13.4875 0 12 1.6215 18.7875 8 12 14.3795 13.4875 16 21.9995 8\"><\/polygon><\/g><\/g><\/svg>\n        <\/div>\n        <\/div>\n        <\/li>\n    <\/a>\n  \n       \n        <a class=\"bs-pageList-linked\" href=\"https:\/\/ismb.uwr.edu.pl\/en\/research-projects\/granty-wewnetrzne\/\">\n        <li>\n        <div class=\"parent-page\">\n            <p> \n                Grants funded by the University of Wroclaw            <\/p>\n            <div class=\"bs-links-icon\">\n            <svg width=\"40px\" height=\"40px\" viewBox=\"0 0 22 16\" version=\"1.1\"><g stroke=\"none\" strokewidth=\"1\" fill=\"white\" fillrule=\"evenodd\"><g><polygon points=\"13.4875 0 12 1.6215 18.7875 8 12 14.3795 13.4875 16 21.9995 8\"><\/polygon><\/g><\/g><\/svg>\n        <\/div>\n        <\/div>\n        <\/li>\n    <\/a>\n  \n\n    <\/ul>\n<\/div>\n\n\n\n<div class=\"wp-block-column bs-kontakt-photo is-layout-flow wp-block-column-is-layout-flow\">\n<figure class=\"wp-block-image size-large\"><img loading=\"lazy\" decoding=\"async\" width=\"1024\" height=\"683\" src=\"https:\/\/ismb.uwr.edu.pl\/wp-content\/uploads\/sites\/366\/2024\/02\/research-team_annie-spratt-dWYU3i-mqEo-unsplash-1024x683.jpg\" alt=\"research team\" class=\"wp-image-28242\" srcset=\"https:\/\/ismb.uwr.edu.pl\/wp-content\/uploads\/sites\/366\/2024\/02\/research-team_annie-spratt-dWYU3i-mqEo-unsplash-1024x683.jpg 1024w, https:\/\/ismb.uwr.edu.pl\/wp-content\/uploads\/sites\/366\/2024\/02\/research-team_annie-spratt-dWYU3i-mqEo-unsplash-300x200.jpg 300w, https:\/\/ismb.uwr.edu.pl\/wp-content\/uploads\/sites\/366\/2024\/02\/research-team_annie-spratt-dWYU3i-mqEo-unsplash-768x512.jpg 768w, https:\/\/ismb.uwr.edu.pl\/wp-content\/uploads\/sites\/366\/2024\/02\/research-team_annie-spratt-dWYU3i-mqEo-unsplash-1536x1025.jpg 1536w, https:\/\/ismb.uwr.edu.pl\/wp-content\/uploads\/sites\/366\/2024\/02\/research-team_annie-spratt-dWYU3i-mqEo-unsplash-2048x1366.jpg 2048w, https:\/\/ismb.uwr.edu.pl\/wp-content\/uploads\/sites\/366\/2024\/02\/research-team_annie-spratt-dWYU3i-mqEo-unsplash-1320x880.jpg 1320w, https:\/\/ismb.uwr.edu.pl\/wp-content\/uploads\/sites\/366\/2024\/02\/research-team_annie-spratt-dWYU3i-mqEo-unsplash-24x16.jpg 24w, https:\/\/ismb.uwr.edu.pl\/wp-content\/uploads\/sites\/366\/2024\/02\/research-team_annie-spratt-dWYU3i-mqEo-unsplash-36x24.jpg 36w, https:\/\/ismb.uwr.edu.pl\/wp-content\/uploads\/sites\/366\/2024\/02\/research-team_annie-spratt-dWYU3i-mqEo-unsplash-48x32.jpg 48w\" sizes=\"auto, (max-width: 1024px) 100vw, 1024px\" \/><figcaption class=\"wp-element-caption\">Fot. Annie Spratt\/ Unsplash<\/figcaption><\/figure>\n<\/div>\n<\/div>\n<\/div><\/div><\/div><\/div><\/div><\/div>\n","protected":false},"excerpt":{"rendered":"","protected":false},"author":1536,"featured_media":0,"parent":0,"menu_order":2,"comment_status":"closed","ping_status":"closed","template":"","meta":{"_acf_changed":false,"inline_featured_image":false,"site-sidebar-layout":"default","site-content-layout":"","ast-site-content-layout":"default","site-content-style":"default","site-sidebar-style":"default","ast-global-header-display":"","ast-banner-title-visibility":"","ast-main-header-display":"","ast-hfb-above-header-display":"","ast-hfb-below-header-display":"","ast-hfb-mobile-header-display":"","site-post-title":"","ast-breadcrumbs-content":"","ast-featured-img":"","footer-sml-layout":"","ast-disable-related-posts":"","theme-transparent-header-meta":"","adv-header-id-meta":"","stick-header-meta":"","header-above-stick-meta":"","header-main-stick-meta":"","header-below-stick-meta":"","astra-migrate-meta-layouts":"default","ast-page-background-enabled":"default","ast-page-background-meta":{"desktop":{"background-color":"var(--ast-global-color-5)","background-image":"","background-repeat":"repeat","background-position":"center center","background-size":"auto","background-attachment":"scroll","background-type":"","background-media":"","overlay-type":"","overlay-color":"","overlay-opacity":"","overlay-gradient":""},"tablet":{"background-color":"","background-image":"","background-repeat":"repeat","background-position":"center center","background-size":"auto","background-attachment":"scroll","background-type":"","background-media":"","overlay-type":"","overlay-color":"","overlay-opacity":"","overlay-gradient":""},"mobile":{"background-color":"","background-image":"","background-repeat":"repeat","background-position":"center center","background-size":"auto","background-attachment":"scroll","background-type":"","background-media":"","overlay-type":"","overlay-color":"","overlay-opacity":"","overlay-gradient":""}},"ast-content-background-meta":{"desktop":{"background-color":"var(--ast-global-color-4)","background-image":"","background-repeat":"repeat","background-position":"center center","background-size":"auto","background-attachment":"scroll","background-type":"","background-media":"","overlay-type":"","overlay-color":"","overlay-opacity":"","overlay-gradient":""},"tablet":{"background-color":"var(--ast-global-color-4)","background-image":"","background-repeat":"repeat","background-position":"center center","background-size":"auto","background-attachment":"scroll","background-type":"","background-media":"","overlay-type":"","overlay-color":"","overlay-opacity":"","overlay-gradient":""},"mobile":{"background-color":"var(--ast-global-color-4)","background-image":"","background-repeat":"repeat","background-position":"center center","background-size":"auto","background-attachment":"scroll","background-type":"","background-media":"","overlay-type":"","overlay-color":"","overlay-opacity":"","overlay-gradient":""}},"footnotes":""},"categories":[],"tags":[2042,2033,1107],"class_list":["post-35009","page","type-page","status-publish","hentry","tag-grants","tag-projects","tag-research"],"featured_image_urls_v2":{"full":"","thumbnail":"","medium":"","medium_large":"","large":"","1536x1536":"","2048x2048":"","menu-24x24":"","menu-36x36":"","menu-48x48":""},"post_excerpt_stackable_v2":"<p>Research projects International projects Nationally funded projects Grants funded by the University of Wroclaw Fot. Annie Spratt\/ Unsplash<\/p>\n","category_list_v2":"Uncategorized","author_info_v2":{"name":"justyna.arendarska@uwr.edu.pl","url":"https:\/\/ismb.uwr.edu.pl\/en\/author\/justyna-arendarskauwr-edu-pl\/"},"comments_num_v2":"0 comments","acf":[],"yoast_head":"<!-- This site is optimized with the Yoast SEO plugin v27.1.1 - https:\/\/yoast.com\/product\/yoast-seo-wordpress\/ -->\n<title>Research projects - Instytut Studi\u00f3w Mi\u0119dzynarodowych i Bezpiecze\u0144stwa<\/title>\n<meta name=\"robots\" content=\"index, follow, max-snippet:-1, max-image-preview:large, max-video-preview:-1\" \/>\n<link rel=\"canonical\" href=\"https:\/\/ismb.uwr.edu.pl\/en\/research-projects\/\" \/>\n<meta property=\"og:locale\" content=\"en_US\" \/>\n<meta property=\"og:type\" content=\"article\" \/>\n<meta property=\"og:title\" content=\"Research projects - Instytut Studi\u00f3w Mi\u0119dzynarodowych i Bezpiecze\u0144stwa\" \/>\n<meta property=\"og:url\" content=\"https:\/\/ismb.uwr.edu.pl\/en\/research-projects\/\" \/>\n<meta property=\"og:site_name\" content=\"Instytut Studi\u00f3w Mi\u0119dzynarodowych i Bezpiecze\u0144stwa\" \/>\n<meta property=\"article:modified_time\" content=\"2024-07-22T22:21:13+00:00\" \/>\n<meta property=\"og:image\" content=\"https:\/\/ismb.uwr.edu.pl\/wp-content\/uploads\/sites\/366\/2024\/02\/research-team_annie-spratt-dWYU3i-mqEo-unsplash-scaled.jpg\" \/>\n\t<meta property=\"og:image:width\" content=\"2560\" \/>\n\t<meta property=\"og:image:height\" content=\"1708\" \/>\n\t<meta property=\"og:image:type\" content=\"image\/jpeg\" \/>\n<meta name=\"twitter:card\" content=\"summary_large_image\" \/>\n<meta name=\"twitter:label1\" content=\"Est. reading time\" \/>\n\t<meta name=\"twitter:data1\" content=\"1 minute\" \/>\n<script type=\"application\/ld+json\" class=\"yoast-schema-graph\">{\"@context\":\"https:\/\/schema.org\",\"@graph\":[{\"@type\":\"WebPage\",\"@id\":\"https:\/\/ismb.uwr.edu.pl\/en\/research-projects\/\",\"url\":\"https:\/\/ismb.uwr.edu.pl\/en\/research-projects\/\",\"name\":\"Research projects - Instytut Studi\u00f3w Mi\u0119dzynarodowych i Bezpiecze\u0144stwa\",\"isPartOf\":{\"@id\":\"https:\/\/ismb.uwr.edu.pl\/en\/#website\"},\"primaryImageOfPage\":{\"@id\":\"https:\/\/ismb.uwr.edu.pl\/en\/research-projects\/#primaryimage\"},\"image\":{\"@id\":\"https:\/\/ismb.uwr.edu.pl\/en\/research-projects\/#primaryimage\"},\"thumbnailUrl\":\"https:\/\/ismb.uwr.edu.pl\/wp-content\/uploads\/sites\/366\/2024\/02\/research-team_annie-spratt-dWYU3i-mqEo-unsplash-1024x683.jpg\",\"datePublished\":\"2023-06-20T12:19:35+00:00\",\"dateModified\":\"2024-07-22T22:21:13+00:00\",\"breadcrumb\":{\"@id\":\"https:\/\/ismb.uwr.edu.pl\/en\/research-projects\/#breadcrumb\"},\"inLanguage\":\"en-US\",\"potentialAction\":[{\"@type\":\"ReadAction\",\"target\":[\"https:\/\/ismb.uwr.edu.pl\/en\/research-projects\/\"]}]},{\"@type\":\"ImageObject\",\"inLanguage\":\"en-US\",\"@id\":\"https:\/\/ismb.uwr.edu.pl\/en\/research-projects\/#primaryimage\",\"url\":\"https:\/\/ismb.uwr.edu.pl\/wp-content\/uploads\/sites\/366\/2024\/02\/research-team_annie-spratt-dWYU3i-mqEo-unsplash-1024x683.jpg\",\"contentUrl\":\"https:\/\/ismb.uwr.edu.pl\/wp-content\/uploads\/sites\/366\/2024\/02\/research-team_annie-spratt-dWYU3i-mqEo-unsplash-1024x683.jpg\"},{\"@type\":\"BreadcrumbList\",\"@id\":\"https:\/\/ismb.uwr.edu.pl\/en\/research-projects\/#breadcrumb\",\"itemListElement\":[{\"@type\":\"ListItem\",\"position\":1,\"name\":\"Strona g\u0142\u00f3wna\",\"item\":\"https:\/\/ismb.uwr.edu.pl\/en\/\"},{\"@type\":\"ListItem\",\"position\":2,\"name\":\"Research projects\"}]},{\"@type\":\"WebSite\",\"@id\":\"https:\/\/ismb.uwr.edu.pl\/en\/#website\",\"url\":\"https:\/\/ismb.uwr.edu.pl\/en\/\",\"name\":\"Instytut Studi\u00f3w Mi\u0119dzynarodowych i Bezpiecze\u0144stwa\",\"description\":\"Kolejna witryna sieci \u201eUWR Witryny\u201d\",\"publisher\":{\"@id\":\"https:\/\/ismb.uwr.edu.pl\/en\/#organization\"},\"potentialAction\":[{\"@type\":\"SearchAction\",\"target\":{\"@type\":\"EntryPoint\",\"urlTemplate\":\"https:\/\/ismb.uwr.edu.pl\/en\/?s={search_term_string}\"},\"query-input\":{\"@type\":\"PropertyValueSpecification\",\"valueRequired\":true,\"valueName\":\"search_term_string\"}}],\"inLanguage\":\"en-US\"},{\"@type\":\"Organization\",\"@id\":\"https:\/\/ismb.uwr.edu.pl\/en\/#organization\",\"name\":\"Instytut Studi\u00f3w Mi\u0119dzynarodowych i Bezpiecze\u0144stwa\",\"url\":\"https:\/\/ismb.uwr.edu.pl\/en\/\",\"logo\":{\"@type\":\"ImageObject\",\"inLanguage\":\"en-US\",\"@id\":\"https:\/\/ismb.uwr.edu.pl\/en\/#\/schema\/logo\/image\/\",\"url\":\"https:\/\/ismb.uwr.edu.pl\/wp-content\/uploads\/sites\/366\/2025\/10\/UWr-logotyp-2025.png\",\"contentUrl\":\"https:\/\/ismb.uwr.edu.pl\/wp-content\/uploads\/sites\/366\/2025\/10\/UWr-logotyp-2025.png\",\"width\":764,\"height\":269,\"caption\":\"Instytut Studi\u00f3w Mi\u0119dzynarodowych i Bezpiecze\u0144stwa\"},\"image\":{\"@id\":\"https:\/\/ismb.uwr.edu.pl\/en\/#\/schema\/logo\/image\/\"}}]}<\/script>\n<!-- \/ Yoast SEO plugin. -->","yoast_head_json":{"title":"Research projects - Instytut Studi\u00f3w Mi\u0119dzynarodowych i Bezpiecze\u0144stwa","robots":{"index":"index","follow":"follow","max-snippet":"max-snippet:-1","max-image-preview":"max-image-preview:large","max-video-preview":"max-video-preview:-1"},"canonical":"https:\/\/ismb.uwr.edu.pl\/en\/research-projects\/","og_locale":"en_US","og_type":"article","og_title":"Research projects - Instytut Studi\u00f3w Mi\u0119dzynarodowych i Bezpiecze\u0144stwa","og_url":"https:\/\/ismb.uwr.edu.pl\/en\/research-projects\/","og_site_name":"Instytut Studi\u00f3w Mi\u0119dzynarodowych i Bezpiecze\u0144stwa","article_modified_time":"2024-07-22T22:21:13+00:00","og_image":[{"width":2560,"height":1708,"url":"https:\/\/ismb.uwr.edu.pl\/wp-content\/uploads\/sites\/366\/2024\/02\/research-team_annie-spratt-dWYU3i-mqEo-unsplash-scaled.jpg","type":"image\/jpeg"}],"twitter_card":"summary_large_image","twitter_misc":{"Est. reading time":"1 minute"},"schema":{"@context":"https:\/\/schema.org","@graph":[{"@type":"WebPage","@id":"https:\/\/ismb.uwr.edu.pl\/en\/research-projects\/","url":"https:\/\/ismb.uwr.edu.pl\/en\/research-projects\/","name":"Research projects - Instytut Studi\u00f3w Mi\u0119dzynarodowych i Bezpiecze\u0144stwa","isPartOf":{"@id":"https:\/\/ismb.uwr.edu.pl\/en\/#website"},"primaryImageOfPage":{"@id":"https:\/\/ismb.uwr.edu.pl\/en\/research-projects\/#primaryimage"},"image":{"@id":"https:\/\/ismb.uwr.edu.pl\/en\/research-projects\/#primaryimage"},"thumbnailUrl":"https:\/\/ismb.uwr.edu.pl\/wp-content\/uploads\/sites\/366\/2024\/02\/research-team_annie-spratt-dWYU3i-mqEo-unsplash-1024x683.jpg","datePublished":"2023-06-20T12:19:35+00:00","dateModified":"2024-07-22T22:21:13+00:00","breadcrumb":{"@id":"https:\/\/ismb.uwr.edu.pl\/en\/research-projects\/#breadcrumb"},"inLanguage":"en-US","potentialAction":[{"@type":"ReadAction","target":["https:\/\/ismb.uwr.edu.pl\/en\/research-projects\/"]}]},{"@type":"ImageObject","inLanguage":"en-US","@id":"https:\/\/ismb.uwr.edu.pl\/en\/research-projects\/#primaryimage","url":"https:\/\/ismb.uwr.edu.pl\/wp-content\/uploads\/sites\/366\/2024\/02\/research-team_annie-spratt-dWYU3i-mqEo-unsplash-1024x683.jpg","contentUrl":"https:\/\/ismb.uwr.edu.pl\/wp-content\/uploads\/sites\/366\/2024\/02\/research-team_annie-spratt-dWYU3i-mqEo-unsplash-1024x683.jpg"},{"@type":"BreadcrumbList","@id":"https:\/\/ismb.uwr.edu.pl\/en\/research-projects\/#breadcrumb","itemListElement":[{"@type":"ListItem","position":1,"name":"Strona g\u0142\u00f3wna","item":"https:\/\/ismb.uwr.edu.pl\/en\/"},{"@type":"ListItem","position":2,"name":"Research projects"}]},{"@type":"WebSite","@id":"https:\/\/ismb.uwr.edu.pl\/en\/#website","url":"https:\/\/ismb.uwr.edu.pl\/en\/","name":"Instytut Studi\u00f3w Mi\u0119dzynarodowych i Bezpiecze\u0144stwa","description":"Kolejna witryna sieci \u201eUWR Witryny\u201d","publisher":{"@id":"https:\/\/ismb.uwr.edu.pl\/en\/#organization"},"potentialAction":[{"@type":"SearchAction","target":{"@type":"EntryPoint","urlTemplate":"https:\/\/ismb.uwr.edu.pl\/en\/?s={search_term_string}"},"query-input":{"@type":"PropertyValueSpecification","valueRequired":true,"valueName":"search_term_string"}}],"inLanguage":"en-US"},{"@type":"Organization","@id":"https:\/\/ismb.uwr.edu.pl\/en\/#organization","name":"Instytut Studi\u00f3w Mi\u0119dzynarodowych i Bezpiecze\u0144stwa","url":"https:\/\/ismb.uwr.edu.pl\/en\/","logo":{"@type":"ImageObject","inLanguage":"en-US","@id":"https:\/\/ismb.uwr.edu.pl\/en\/#\/schema\/logo\/image\/","url":"https:\/\/ismb.uwr.edu.pl\/wp-content\/uploads\/sites\/366\/2025\/10\/UWr-logotyp-2025.png","contentUrl":"https:\/\/ismb.uwr.edu.pl\/wp-content\/uploads\/sites\/366\/2025\/10\/UWr-logotyp-2025.png","width":764,"height":269,"caption":"Instytut Studi\u00f3w Mi\u0119dzynarodowych i Bezpiecze\u0144stwa"},"image":{"@id":"https:\/\/ismb.uwr.edu.pl\/en\/#\/schema\/logo\/image\/"}}]}},"publishpress_future_action":{"enabled":false,"date":"2026-04-29 01:08:32","action":"change-status","newStatus":"draft","terms":[],"taxonomy":"category","extraData":[]},"publishpress_future_workflow_manual_trigger":{"enabledWorkflows":[]},"_links":{"self":[{"href":"https:\/\/ismb.uwr.edu.pl\/en\/wp-json\/wp\/v2\/pages\/35009\/"}],"collection":[{"href":"https:\/\/ismb.uwr.edu.pl\/en\/wp-json\/wp\/v2\/pages\/"}],"about":[{"href":"https:\/\/ismb.uwr.edu.pl\/en\/wp-json\/wp\/v2\/types\/page\/"}],"author":[{"embeddable":true,"href":"https:\/\/ismb.uwr.edu.pl\/en\/wp-json\/wp\/v2\/users\/1536\/"}],"replies":[{"embeddable":true,"href":"https:\/\/ismb.uwr.edu.pl\/en\/wp-json\/wp\/v2\/comments\/?post=35009"}],"version-history":[{"count":3,"href":"https:\/\/ismb.uwr.edu.pl\/en\/wp-json\/wp\/v2\/pages\/35009\/revisions\/"}],"predecessor-version":[{"id":35273,"href":"https:\/\/ismb.uwr.edu.pl\/en\/wp-json\/wp\/v2\/pages\/35009\/revisions\/35273\/"}],"wp:attachment":[{"href":"https:\/\/ismb.uwr.edu.pl\/en\/wp-json\/wp\/v2\/media\/?parent=35009"}],"wp:term":[{"taxonomy":"category","embeddable":true,"href":"https:\/\/ismb.uwr.edu.pl\/en\/wp-json\/wp\/v2\/categories\/?post=35009"},{"taxonomy":"post_tag","embeddable":true,"href":"https:\/\/ismb.uwr.edu.pl\/en\/wp-json\/wp\/v2\/tags\/?post=35009"}],"curies":[{"name":"wp","href":"https:\/\/api.w.org\/{rel}","templated":true}]}}