{"id":35036,"date":"2024-07-19T23:42:33","date_gmt":"2024-07-19T21:42:33","guid":{"rendered":"https:\/\/ismb.uwr.edu.pl\/?page_id=35036"},"modified":"2024-07-20T00:15:50","modified_gmt":"2024-07-19T22:15:50","slug":"contact-persons","status":"publish","type":"page","link":"https:\/\/ismb.uwr.edu.pl\/en\/wspolpraca\/contact-persons\/","title":{"rendered":"Contact persons"},"content":{"rendered":"\n<figure class=\"wp-block-table\"><table><tbody><tr><td><strong>Marek Musio\u0142<\/strong>\u00a0<\/td><td>Deputy Director for International Cooperation, coordinator of Erasmus Mundus Global Studies programme<\/td><\/tr><tr><td>Email:\u00a0<a href=\"mailto:marek.musiol@uwr.edu.pl\">marek.musiol@uwr.edu.pl<\/a>\u00a0<\/td><td>Room: 30\u00a0<br>Tel: +48 71 375 52 53<\/td><\/tr><tr><td><strong>Robert Rogo\u017ca<\/strong><\/td><td>Senior Clerk\u00a0<\/td><\/tr><tr><td>E-mail:\u00a0<a href=\"mailto:robert.rogoza@uwr.edu.pl\">robert.rogoza@uwr.edu.pl<\/a><\/td><td>Room 211\u00a0(secretary&#8217;s office)<br>Tel: +48 71 375 51 36<\/td><\/tr><tr><td><strong>Marcin Koczan <\/strong><\/td><td> coordinator of B.A. International Relations Global Studies<\/td><\/tr><tr><td>E-mail: <a href=\"mailto:marcin.koczan@uwr.edu.pl\">marcin.koczan@uwr.edu.pl<\/a><\/td><td><\/td><\/tr><tr><td><strong>\u0141ukasz Fija\u0142kowski <\/strong><\/td><td>coordinator of M.A. International Relations Global Studies<\/td><\/tr><tr><td>E-mail: <a href=\"mailto:lukasz.fijalkowski@uwr.edu.pl\">lukasz.fijalkowski@uwr.edu.pl<\/a><\/td><td><\/td><\/tr><tr><td><strong>Anna Jagie\u0142\u0142o-Szostak<\/strong><\/td><td>Erasmus+ (incoming students)<\/td><\/tr><tr><td>E-mail: <a href=\"mailto:anna.jagiello-szostak@uwr.edu.pl\">anna.jagiello-szostak@uwr.edu.pl<\/a><\/td><td><\/td><\/tr><tr><td><strong>Tomasz Wa\u015bkiel<\/strong><\/td><td>Erasmus+ (outgoing students)<\/td><\/tr><tr><td>E-mail: <a href=\"mailo:tomasz.waskiel2@uwr.edu.pl\">tomasz.waskiel2@uwr.edu.pl<\/a><\/td><td><\/td><\/tr><\/tbody><\/table><\/figure>\n\n\n\n<figure class=\"wp-block-table\"><table><tbody><tr><td><\/td><td><\/td><\/tr><tr><td><\/td><td><\/td><\/tr><\/tbody><\/table><\/figure>\n","protected":false},"excerpt":{"rendered":"<p>Marek Musio\u0142\u00a0 Deputy Director for International Cooperation, coordinator of Erasmus Mundus Global Studies programme Email:\u00a0marek.musiol@uwr.edu.pl\u00a0 Room: 30\u00a0Tel: +48 71 375 [&hellip;]<\/p>\n","protected":false},"author":1536,"featured_media":0,"parent":30462,"menu_order":1,"comment_status":"closed","ping_status":"closed","template":"","meta":{"_acf_changed":false,"inline_featured_image":false,"site-sidebar-layout":"default","site-content-layout":"","ast-site-content-layout":"default","site-content-style":"default","site-sidebar-style":"default","ast-global-header-display":"","ast-banner-title-visibility":"","ast-main-header-display":"","ast-hfb-above-header-display":"","ast-hfb-below-header-display":"","ast-hfb-mobile-header-display":"","site-post-title":"","ast-breadcrumbs-content":"","ast-featured-img":"","footer-sml-layout":"","ast-disable-related-posts":"","theme-transparent-header-meta":"","adv-header-id-meta":"","stick-header-meta":"","header-above-stick-meta":"","header-main-stick-meta":"","header-below-stick-meta":"","astra-migrate-meta-layouts":"default","ast-page-background-enabled":"default","ast-page-background-meta":{"desktop":{"background-color":"var(--ast-global-color-5)","background-image":"","background-repeat":"repeat","background-position":"center center","background-size":"auto","background-attachment":"scroll","background-type":"","background-media":"","overlay-type":"","overlay-color":"","overlay-opacity":"","overlay-gradient":""},"tablet":{"background-color":"","background-image":"","background-repeat":"repeat","background-position":"center center","background-size":"auto","background-attachment":"scroll","background-type":"","background-media":"","overlay-type":"","overlay-color":"","overlay-opacity":"","overlay-gradient":""},"mobile":{"background-color":"","background-image":"","background-repeat":"repeat","background-position":"center center","background-size":"auto","background-attachment":"scroll","background-type":"","background-media":"","overlay-type":"","overlay-color":"","overlay-opacity":"","overlay-gradient":""}},"ast-content-background-meta":{"desktop":{"background-color":"var(--ast-global-color-4)","background-image":"","background-repeat":"repeat","background-position":"center center","background-size":"auto","background-attachment":"scroll","background-type":"","background-media":"","overlay-type":"","overlay-color":"","overlay-opacity":"","overlay-gradient":""},"tablet":{"background-color":"var(--ast-global-color-4)","background-image":"","background-repeat":"repeat","background-position":"center center","background-size":"auto","background-attachment":"scroll","background-type":"","background-media":"","overlay-type":"","overlay-color":"","overlay-opacity":"","overlay-gradient":""},"mobile":{"background-color":"var(--ast-global-color-4)","background-image":"","background-repeat":"repeat","background-position":"center center","background-size":"auto","background-attachment":"scroll","background-type":"","background-media":"","overlay-type":"","overlay-color":"","overlay-opacity":"","overlay-gradient":""}},"footnotes":""},"categories":[],"tags":[1452,2015,2018,1446],"class_list":["post-35036","page","type-page","status-publish","hentry","tag-erasmus-2","tag-erasmus-3","tag-exchange","tag-international-cooperation-2"],"featured_image_urls_v2":{"full":"","thumbnail":"","medium":"","medium_large":"","large":"","1536x1536":"","2048x2048":"","menu-24x24":"","menu-36x36":"","menu-48x48":""},"post_excerpt_stackable_v2":"<p>Marek Musio\u0142\u00a0Deputy Director for International Cooperation, coordinator of Erasmus Mundus Global Studies programmeEmail:\u00a0marek.musiol@uwr.edu.pl\u00a0Room: 30\u00a0Tel: +48 71 375 52 53Robert Rogo\u017caSenior Clerk\u00a0E-mail:\u00a0robert.rogoza@uwr.edu.plRoom 211\u00a0(secretary&#8217;s office)Tel: +48 71 375 51 36Marcin Koczan coordinator of B.A. International Relations Global StudiesE-mail: marcin.koczan@uwr.edu.pl\u0141ukasz Fija\u0142kowski coordinator of M.A. International Relations Global StudiesE-mail: lukasz.fijalkowski@uwr.edu.plAnna Jagie\u0142\u0142o-SzostakErasmus+ (incoming students)E-mail: anna.jagiello-szostak@uwr.edu.plTomasz Wa\u015bkielErasmus+ (outgoing students)E-mail: tomasz.waskiel2@uwr.edu.pl<\/p>\n","category_list_v2":"Uncategorized","author_info_v2":{"name":"justyna.arendarska@uwr.edu.pl","url":"https:\/\/ismb.uwr.edu.pl\/en\/author\/justyna-arendarskauwr-edu-pl\/"},"comments_num_v2":"0 comments","acf":[],"yoast_head":"<!-- This site is optimized with the Yoast SEO plugin v27.1.1 - https:\/\/yoast.com\/product\/yoast-seo-wordpress\/ -->\n<title>Contact persons - Instytut Studi\u00f3w Mi\u0119dzynarodowych i Bezpiecze\u0144stwa<\/title>\n<meta name=\"robots\" content=\"index, follow, max-snippet:-1, max-image-preview:large, max-video-preview:-1\" \/>\n<link rel=\"canonical\" href=\"https:\/\/ismb.uwr.edu.pl\/en\/wspolpraca\/contact-persons\/\" \/>\n<meta property=\"og:locale\" content=\"en_US\" \/>\n<meta property=\"og:type\" content=\"article\" \/>\n<meta property=\"og:title\" content=\"Contact persons - Instytut Studi\u00f3w Mi\u0119dzynarodowych i Bezpiecze\u0144stwa\" \/>\n<meta property=\"og:description\" content=\"Marek Musio\u0142\u00a0 Deputy Director for International Cooperation, coordinator of Erasmus Mundus Global Studies programme Email:\u00a0marek.musiol@uwr.edu.pl\u00a0 Room: 30\u00a0Tel: +48 71 375 [&hellip;]\" \/>\n<meta property=\"og:url\" content=\"https:\/\/ismb.uwr.edu.pl\/en\/wspolpraca\/contact-persons\/\" \/>\n<meta property=\"og:site_name\" content=\"Instytut Studi\u00f3w Mi\u0119dzynarodowych i Bezpiecze\u0144stwa\" \/>\n<meta property=\"article:modified_time\" content=\"2024-07-19T22:15:50+00:00\" \/>\n<meta name=\"twitter:card\" content=\"summary_large_image\" \/>\n<meta name=\"twitter:label1\" content=\"Est. reading time\" \/>\n\t<meta name=\"twitter:data1\" content=\"1 minute\" \/>\n<script type=\"application\/ld+json\" class=\"yoast-schema-graph\">{\"@context\":\"https:\/\/schema.org\",\"@graph\":[{\"@type\":\"WebPage\",\"@id\":\"https:\/\/ismb.uwr.edu.pl\/en\/wspolpraca\/contact-persons\/\",\"url\":\"https:\/\/ismb.uwr.edu.pl\/en\/wspolpraca\/contact-persons\/\",\"name\":\"Contact persons - Instytut Studi\u00f3w Mi\u0119dzynarodowych i Bezpiecze\u0144stwa\",\"isPartOf\":{\"@id\":\"https:\/\/ismb.uwr.edu.pl\/en\/#website\"},\"datePublished\":\"2024-07-19T21:42:33+00:00\",\"dateModified\":\"2024-07-19T22:15:50+00:00\",\"breadcrumb\":{\"@id\":\"https:\/\/ismb.uwr.edu.pl\/en\/wspolpraca\/contact-persons\/#breadcrumb\"},\"inLanguage\":\"en-US\",\"potentialAction\":[{\"@type\":\"ReadAction\",\"target\":[\"https:\/\/ismb.uwr.edu.pl\/en\/wspolpraca\/contact-persons\/\"]}]},{\"@type\":\"BreadcrumbList\",\"@id\":\"https:\/\/ismb.uwr.edu.pl\/en\/wspolpraca\/contact-persons\/#breadcrumb\",\"itemListElement\":[{\"@type\":\"ListItem\",\"position\":1,\"name\":\"Strona g\u0142\u00f3wna\",\"item\":\"https:\/\/ismb.uwr.edu.pl\/en\/\"},{\"@type\":\"ListItem\",\"position\":2,\"name\":\"International cooperation\",\"item\":\"https:\/\/ismb.uwr.edu.pl\/en\/wspolpraca\/\"},{\"@type\":\"ListItem\",\"position\":3,\"name\":\"Contact persons\"}]},{\"@type\":\"WebSite\",\"@id\":\"https:\/\/ismb.uwr.edu.pl\/en\/#website\",\"url\":\"https:\/\/ismb.uwr.edu.pl\/en\/\",\"name\":\"Instytut Studi\u00f3w Mi\u0119dzynarodowych i Bezpiecze\u0144stwa\",\"description\":\"Kolejna witryna sieci \u201eUWR Witryny\u201d\",\"publisher\":{\"@id\":\"https:\/\/ismb.uwr.edu.pl\/en\/#organization\"},\"potentialAction\":[{\"@type\":\"SearchAction\",\"target\":{\"@type\":\"EntryPoint\",\"urlTemplate\":\"https:\/\/ismb.uwr.edu.pl\/en\/?s={search_term_string}\"},\"query-input\":{\"@type\":\"PropertyValueSpecification\",\"valueRequired\":true,\"valueName\":\"search_term_string\"}}],\"inLanguage\":\"en-US\"},{\"@type\":\"Organization\",\"@id\":\"https:\/\/ismb.uwr.edu.pl\/en\/#organization\",\"name\":\"Instytut Studi\u00f3w Mi\u0119dzynarodowych i Bezpiecze\u0144stwa\",\"url\":\"https:\/\/ismb.uwr.edu.pl\/en\/\",\"logo\":{\"@type\":\"ImageObject\",\"inLanguage\":\"en-US\",\"@id\":\"https:\/\/ismb.uwr.edu.pl\/en\/#\/schema\/logo\/image\/\",\"url\":\"https:\/\/ismb.uwr.edu.pl\/wp-content\/uploads\/sites\/366\/2025\/10\/UWr-logotyp-2025.png\",\"contentUrl\":\"https:\/\/ismb.uwr.edu.pl\/wp-content\/uploads\/sites\/366\/2025\/10\/UWr-logotyp-2025.png\",\"width\":764,\"height\":269,\"caption\":\"Instytut Studi\u00f3w Mi\u0119dzynarodowych i Bezpiecze\u0144stwa\"},\"image\":{\"@id\":\"https:\/\/ismb.uwr.edu.pl\/en\/#\/schema\/logo\/image\/\"}}]}<\/script>\n<!-- \/ Yoast SEO plugin. -->","yoast_head_json":{"title":"Contact persons - Instytut Studi\u00f3w Mi\u0119dzynarodowych i Bezpiecze\u0144stwa","robots":{"index":"index","follow":"follow","max-snippet":"max-snippet:-1","max-image-preview":"max-image-preview:large","max-video-preview":"max-video-preview:-1"},"canonical":"https:\/\/ismb.uwr.edu.pl\/en\/wspolpraca\/contact-persons\/","og_locale":"en_US","og_type":"article","og_title":"Contact persons - Instytut Studi\u00f3w Mi\u0119dzynarodowych i Bezpiecze\u0144stwa","og_description":"Marek Musio\u0142\u00a0 Deputy Director for International Cooperation, coordinator of Erasmus Mundus Global Studies programme Email:\u00a0marek.musiol@uwr.edu.pl\u00a0 Room: 30\u00a0Tel: +48 71 375 [&hellip;]","og_url":"https:\/\/ismb.uwr.edu.pl\/en\/wspolpraca\/contact-persons\/","og_site_name":"Instytut Studi\u00f3w Mi\u0119dzynarodowych i Bezpiecze\u0144stwa","article_modified_time":"2024-07-19T22:15:50+00:00","twitter_card":"summary_large_image","twitter_misc":{"Est. reading time":"1 minute"},"schema":{"@context":"https:\/\/schema.org","@graph":[{"@type":"WebPage","@id":"https:\/\/ismb.uwr.edu.pl\/en\/wspolpraca\/contact-persons\/","url":"https:\/\/ismb.uwr.edu.pl\/en\/wspolpraca\/contact-persons\/","name":"Contact persons - Instytut Studi\u00f3w Mi\u0119dzynarodowych i Bezpiecze\u0144stwa","isPartOf":{"@id":"https:\/\/ismb.uwr.edu.pl\/en\/#website"},"datePublished":"2024-07-19T21:42:33+00:00","dateModified":"2024-07-19T22:15:50+00:00","breadcrumb":{"@id":"https:\/\/ismb.uwr.edu.pl\/en\/wspolpraca\/contact-persons\/#breadcrumb"},"inLanguage":"en-US","potentialAction":[{"@type":"ReadAction","target":["https:\/\/ismb.uwr.edu.pl\/en\/wspolpraca\/contact-persons\/"]}]},{"@type":"BreadcrumbList","@id":"https:\/\/ismb.uwr.edu.pl\/en\/wspolpraca\/contact-persons\/#breadcrumb","itemListElement":[{"@type":"ListItem","position":1,"name":"Strona g\u0142\u00f3wna","item":"https:\/\/ismb.uwr.edu.pl\/en\/"},{"@type":"ListItem","position":2,"name":"International cooperation","item":"https:\/\/ismb.uwr.edu.pl\/en\/wspolpraca\/"},{"@type":"ListItem","position":3,"name":"Contact persons"}]},{"@type":"WebSite","@id":"https:\/\/ismb.uwr.edu.pl\/en\/#website","url":"https:\/\/ismb.uwr.edu.pl\/en\/","name":"Instytut Studi\u00f3w Mi\u0119dzynarodowych i Bezpiecze\u0144stwa","description":"Kolejna witryna sieci \u201eUWR Witryny\u201d","publisher":{"@id":"https:\/\/ismb.uwr.edu.pl\/en\/#organization"},"potentialAction":[{"@type":"SearchAction","target":{"@type":"EntryPoint","urlTemplate":"https:\/\/ismb.uwr.edu.pl\/en\/?s={search_term_string}"},"query-input":{"@type":"PropertyValueSpecification","valueRequired":true,"valueName":"search_term_string"}}],"inLanguage":"en-US"},{"@type":"Organization","@id":"https:\/\/ismb.uwr.edu.pl\/en\/#organization","name":"Instytut Studi\u00f3w Mi\u0119dzynarodowych i Bezpiecze\u0144stwa","url":"https:\/\/ismb.uwr.edu.pl\/en\/","logo":{"@type":"ImageObject","inLanguage":"en-US","@id":"https:\/\/ismb.uwr.edu.pl\/en\/#\/schema\/logo\/image\/","url":"https:\/\/ismb.uwr.edu.pl\/wp-content\/uploads\/sites\/366\/2025\/10\/UWr-logotyp-2025.png","contentUrl":"https:\/\/ismb.uwr.edu.pl\/wp-content\/uploads\/sites\/366\/2025\/10\/UWr-logotyp-2025.png","width":764,"height":269,"caption":"Instytut Studi\u00f3w Mi\u0119dzynarodowych i Bezpiecze\u0144stwa"},"image":{"@id":"https:\/\/ismb.uwr.edu.pl\/en\/#\/schema\/logo\/image\/"}}]}},"publishpress_future_action":{"enabled":false,"date":"2026-04-28 22:21:11","action":"change-status","newStatus":"draft","terms":[],"taxonomy":"category","extraData":[]},"publishpress_future_workflow_manual_trigger":{"enabledWorkflows":[]},"_links":{"self":[{"href":"https:\/\/ismb.uwr.edu.pl\/en\/wp-json\/wp\/v2\/pages\/35036\/"}],"collection":[{"href":"https:\/\/ismb.uwr.edu.pl\/en\/wp-json\/wp\/v2\/pages\/"}],"about":[{"href":"https:\/\/ismb.uwr.edu.pl\/en\/wp-json\/wp\/v2\/types\/page\/"}],"author":[{"embeddable":true,"href":"https:\/\/ismb.uwr.edu.pl\/en\/wp-json\/wp\/v2\/users\/1536\/"}],"replies":[{"embeddable":true,"href":"https:\/\/ismb.uwr.edu.pl\/en\/wp-json\/wp\/v2\/comments\/?post=35036"}],"version-history":[{"count":9,"href":"https:\/\/ismb.uwr.edu.pl\/en\/wp-json\/wp\/v2\/pages\/35036\/revisions\/"}],"predecessor-version":[{"id":35093,"href":"https:\/\/ismb.uwr.edu.pl\/en\/wp-json\/wp\/v2\/pages\/35036\/revisions\/35093\/"}],"up":[{"embeddable":true,"href":"https:\/\/ismb.uwr.edu.pl\/en\/wp-json\/wp\/v2\/pages\/30462\/"}],"wp:attachment":[{"href":"https:\/\/ismb.uwr.edu.pl\/en\/wp-json\/wp\/v2\/media\/?parent=35036"}],"wp:term":[{"taxonomy":"category","embeddable":true,"href":"https:\/\/ismb.uwr.edu.pl\/en\/wp-json\/wp\/v2\/categories\/?post=35036"},{"taxonomy":"post_tag","embeddable":true,"href":"https:\/\/ismb.uwr.edu.pl\/en\/wp-json\/wp\/v2\/tags\/?post=35036"}],"curies":[{"name":"wp","href":"https:\/\/api.w.org\/{rel}","templated":true}]}}