{"id":35306,"date":"2024-02-09T21:25:03","date_gmt":"2024-02-09T20:25:03","guid":{"rendered":"https:\/\/ismb.uwr.edu.pl\/?page_id=35306"},"modified":"2025-05-24T14:29:55","modified_gmt":"2025-05-24T12:29:55","slug":"master-program-international-relations-global-studies","status":"publish","type":"page","link":"https:\/\/ismb.uwr.edu.pl\/en\/master-program-international-relations-global-studies\/","title":{"rendered":"Master Program International Relations &#8211; Global Studies"},"content":{"rendered":"\n<h3 class=\"wp-block-heading\">General Information<\/h3>\n\n\n\n<div class=\"wp-block-ugb-container ugb-container ugb-966dde6 ugb-container--v2 ugb-container--design-basic ugb-main-block\"><div class=\"ugb-inner-block\"><div class=\"ugb-block-content\"><div class=\"ugb-container__wrapper ugb-966dde6-wrapper\"><div class=\"ugb-container__side\"><div class=\"ugb-container__content-wrapper ugb-966dde6-content-wrapper\">\n<p>The Institute of International and Security Studies of the University of Wroc\u0142aw offers a program of two-year full-time master studies of International Relations in English. The program is directed at all who want to study International Relations at one of Poland&#8217;s most renowned and modern universities. The language of tuition for all the obligatory courses in the course of studies is English. Students also have the opportunity to choose and study additional courses in English, German, Polish and Russian.<\/p>\n\n\n\n<p>Recent political and economic changes in the world have increased the demand for specialists in the field of international relations with a global perspective. To meet these needs, the Institute of International Studies introduced a program focusing on international relations and combining approaches of global studies, cultural studies and regional studies. The program is designed to equip students with a significant knowledge of the most important contemporary international issues, such as the international system, processes of globalization and regionalization, development economics, international human rights protection, commercial law and international economics. During seminars, students can focus on issues related to diplomacy, bilateral and multilateral relations, international security, European integration, global problems, international communication or international economic relations.<\/p>\n<\/div><\/div><\/div><\/div><\/div><\/div>\n\n\n\n<h3 class=\"wp-block-heading\">Description of program<\/h3>\n\n\n\n<div class=\"wp-block-ugb-container ugb-container ugb-18a4910 ugb-container--v2 ugb-container--design-basic ugb-main-block\"><div class=\"ugb-inner-block\"><div class=\"ugb-block-content\"><div class=\"ugb-container__wrapper ugb-18a4910-wrapper\"><div class=\"ugb-container__side\"><div class=\"ugb-container__content-wrapper ugb-18a4910-content-wrapper\">\n<p>The MA program contains 874 course hours, equivalent to 120 ETCS credits. To finish the program, students must write and defend a master&#8217;s thesis under the supervision of one of the institute\u2019s professors.<\/p>\n\n\n\n<p>The program of studies consists of a set of obligatory courses provided in each of the four semesters and optional courses, which students choose according to their own interests. Students can attend the workshops and lectures offered each semester at the institute by visiting professors according to their interests and individual specialisation programs.<\/p>\n\n\n\n<p>Students have to collect 30 ECTS in each semester from obligatory courses, optional courses and workshops. Each optional course is granted 4 ECTS, and an optional workshop is granted 2 ETCS. Additionally, all foreign students at the University of Wroc\u0142aw must attend the Polish language course for two semesters and pass the exam on level A1. As a part of additional activities, students of our program can take part in the sports class organized by the University\u2019s Sports Centre, participate in the programs of international student exchange (Erasmus+ and other programs) and use all the other offers directed to the students of the University of Wroc\u0142aw.<\/p>\n<\/div><\/div><\/div><\/div><\/div><\/div>\n\n\n\n<h3 class=\"wp-block-heading\">Curriculum<\/h3>\n\n\n\n<p>The MA International Relations Global Studies curriculum includes courses on international law, global economics, international politics, conflict resolution, and foreign policy analysis, among others.<\/p>\n\n\n\n<div class=\"wp-block-ugb-container ugb-container ugb-ce59134 ugb-container--v2 ugb-container--design-basic ugb-main-block\"><div class=\"ugb-inner-block\"><div class=\"ugb-block-content\"><div class=\"ugb-container__wrapper ugb-ce59134-wrapper\"><div class=\"ugb-container__side\"><div class=\"ugb-container__content-wrapper ugb-ce59134-content-wrapper\">\n<p>SEMESTER 1<\/p>\n\n\n\n<div class=\"wp-block-group is-layout-constrained wp-block-group-is-layout-constrained\">\n<ul class=\"wp-block-list\">\n<li>Theories of International Relations (8 ECTS)<\/li>\n\n\n\n<li>Globalization and Regionalization (8 ECTS)<\/li>\n\n\n\n<li>Development Economics (5 ECTS)<\/li>\n\n\n\n<li>Methodology of Social Sciences and Academic Writing (5 ECTS)<\/li>\n\n\n\n<li>International Environmental Protection (4 ECTS)<\/li>\n\n\n\n<li>Polish Language for foreigners \/ Translation Course for Polish-speaking Students (0 ECTS)<\/li>\n\n\n\n<li>Health and Safety Training (0 ECTS)<\/li>\n<\/ul>\n<\/div>\n\n\n\n<p>SEMESTER 2<\/p>\n\n\n\n<ul class=\"wp-block-list\">\n<li>International Economic Transactions (8 ECTS)<\/li>\n\n\n\n<li>International Migrations and Immigrant Integration (6 ECTS)<\/li>\n\n\n\n<li>International Forecasts and Simulations (5 ECTS)<\/li>\n\n\n\n<li>Polish Language for foreigners (level&nbsp;A1) \/ Translation Course for Polish-speaking Students (5 ECTS)<\/li>\n\n\n\n<li>Individual Master Seminar 1 (2 ECTS)<\/li>\n\n\n\n<li>Elective Courses (4 ECTS)<\/li>\n<\/ul>\n\n\n\n<p>SEMESTER 3<\/p>\n\n\n\n<ul class=\"wp-block-list\">\n<li>International Security (8 ECTS)<\/li>\n\n\n\n<li>Genesis and Evolution of Human Rights (5 ECTS)<\/li>\n\n\n\n<li>Governing Europe (5 ECTS)<\/li>\n\n\n\n<li>Foreign Language (not Polish \/ SPNJO, level B2+) (4 ECTS)<\/li>\n\n\n\n<li>Individual Master Seminar 2 (2 ECTS)<\/li>\n\n\n\n<li>Elective Courses (6 ECTS)<\/li>\n<\/ul>\n\n\n\n<p>SEMESTER 4<\/p>\n\n\n\n<ul class=\"wp-block-list\">\n<li>Strategic Culture (4 ECTS)<\/li>\n\n\n\n<li>Individual Master Seminar 3 (20 ECTS)<\/li>\n\n\n\n<li>Elective Courses (6 ECTS)<\/li>\n<\/ul>\n<\/div><\/div><\/div><\/div><\/div><\/div>\n\n\n\n<h3 class=\"wp-block-heading\">Entry requirements<\/h3>\n\n\n\n<div class=\"wp-block-ugb-container ugb-container ugb-ec3a5a8 ugb-container--v2 ugb-container--design-basic ugb-main-block\"><div class=\"ugb-inner-block\"><div class=\"ugb-block-content\"><div class=\"ugb-container__wrapper ugb-ec3a5a8-wrapper\"><div class=\"ugb-container__side\"><div class=\"ugb-container__content-wrapper ugb-ec3a5a8-content-wrapper\">\n<p>The entry requirements for Master Program International Relations \u2013 Global Studies:<\/p>\n\n\n\n<ul class=\"wp-block-list\">\n<li>BA degree or recognized equivalent in social studies, humanities or economy<\/li>\n\n\n\n<li>proficiency in English certified by a test (IELTS with minimum score 6 or TOEFL with minimum score 550 or equivalent test), N\/A if English was a BA studies language of tuition or is a native language.<\/li>\n\n\n\n<li>a candidate must fulfil the procedural and administrative conditions defined for all the candidates for studies at the University of Wroc\u0142aw (<a href=\"http:\/\/international.uni.wroc.pl\/en\/study-english\/entry-requirements\">http:\/\/international.uni.wroc.pl\/en\/study-english\/entry-requirements<\/a>).<\/li>\n\n\n\n<li>all the applications are evaluated by the Recruitment Commission for the Master Program International Relations \u2013 Global Studies<\/li>\n\n\n\n<li>The needed documents are a secondary school certificate, a Bachelor&#8217;s Degree Certificate Secondary School Transcript, a Bachelor&#8217;s Degree Transcript, proof of English proficiency (if needed), confirmation of registration fee payment, a medical certificate, a passport photocopy, and a photo.<\/li>\n<\/ul>\n<\/div><\/div><\/div><\/div><\/div><\/div>\n\n\n\n<h3 class=\"wp-block-heading\">Learning outcomes<\/h3>\n\n\n\n<div class=\"wp-block-ugb-container ugb-container ugb-dbc2e62 ugb-container--v2 ugb-container--design-basic ugb-main-block\"><div class=\"ugb-inner-block\"><div class=\"ugb-block-content\"><div class=\"ugb-container__wrapper ugb-dbc2e62-wrapper\"><div class=\"ugb-container__side\"><div class=\"ugb-container__content-wrapper ugb-dbc2e62-content-wrapper\">\n<p>The program is designed to equip the student with a comprehensive and useful knowledge of the present international issues, including the international system, processes of globalization and regionalization, international trade and economy, international security, human rights, social policy and environmental protection. A very important role in learning plays a wide range of optional courses, which allows every student to fully profile his\/her program of studies and adjust it to individual needs and expectations. Thanks to that, the specialization of Global Studies gains great flexibility and allows our students to obtain skills and competence in both broad spectrum areas of expertise and very deep and complete knowledge in one or a few of the chosen spheres.<\/p>\n<\/div><\/div><\/div><\/div><\/div><\/div>\n\n\n\n<h3 class=\"wp-block-heading\">Contact information<\/h3>\n\n\n\n<div class=\"wp-block-ugb-container ugb-container ugb-e84aebc ugb-container--v2 ugb-container--design-basic ugb-main-block\"><div class=\"ugb-inner-block\"><div class=\"ugb-block-content\"><div class=\"ugb-container__wrapper ugb-e84aebc-wrapper\"><div class=\"ugb-container__side\"><div class=\"ugb-container__content-wrapper ugb-e84aebc-content-wrapper\">\n<p>University of Wroc\u0142aw<\/p>\n\n\n\n<p>Institute of International and Security Studies<\/p>\n\n\n\n<p>ul. Koszarowa 3\/21, <\/p>\n\n\n\n<p>51-149 Wroc\u0142aw Poland<\/p>\n\n\n\n<p><strong>Coordinator:<\/strong>&nbsp;Dr \u0141ukasz Fija\u0142kowski &#8211;&nbsp;<a href=\"mailto:lukasz.fijalkowski@uwr.edu.pl\">lukasz.fijalkowski@uwr.edu.pl<\/a><\/p>\n<\/div><\/div><\/div><\/div><\/div><\/div>\n\n\n\n<h2 class=\"wp-block-heading\"><a href=\"https:\/\/rekrutacja.uni.wroc.pl\/\" target=\"_blank\" rel=\"noreferrer noopener\">Admission<\/a><\/h2>\n","protected":false},"excerpt":{"rendered":"<p>General Information The Institute of International and Security Studies of the University of Wroc\u0142aw offers a program of two-year full-time [&hellip;]<\/p>\n","protected":false},"author":1536,"featured_media":0,"parent":0,"menu_order":6,"comment_status":"closed","ping_status":"closed","template":"","meta":{"_acf_changed":false,"inline_featured_image":false,"site-sidebar-layout":"default","site-content-layout":"","ast-site-content-layout":"default","site-content-style":"default","site-sidebar-style":"default","ast-global-header-display":"","ast-banner-title-visibility":"","ast-main-header-display":"","ast-hfb-above-header-display":"","ast-hfb-below-header-display":"","ast-hfb-mobile-header-display":"","site-post-title":"","ast-breadcrumbs-content":"","ast-featured-img":"","footer-sml-layout":"","ast-disable-related-posts":"","theme-transparent-header-meta":"","adv-header-id-meta":"","stick-header-meta":"","header-above-stick-meta":"","header-main-stick-meta":"","header-below-stick-meta":"","astra-migrate-meta-layouts":"set","ast-page-background-enabled":"default","ast-page-background-meta":{"desktop":{"background-color":"","background-image":"","background-repeat":"repeat","background-position":"center center","background-size":"auto","background-attachment":"scroll","background-type":"","background-media":"","overlay-type":"","overlay-color":"","overlay-opacity":"","overlay-gradient":""},"tablet":{"background-color":"","background-image":"","background-repeat":"repeat","background-position":"center center","background-size":"auto","background-attachment":"scroll","background-type":"","background-media":"","overlay-type":"","overlay-color":"","overlay-opacity":"","overlay-gradient":""},"mobile":{"background-color":"","background-image":"","background-repeat":"repeat","background-position":"center center","background-size":"auto","background-attachment":"scroll","background-type":"","background-media":"","overlay-type":"","overlay-color":"","overlay-opacity":"","overlay-gradient":""}},"ast-content-background-meta":{"desktop":{"background-color":"var(--ast-global-color-5)","background-image":"","background-repeat":"repeat","background-position":"center center","background-size":"auto","background-attachment":"scroll","background-type":"","background-media":"","overlay-type":"","overlay-color":"","overlay-opacity":"","overlay-gradient":""},"tablet":{"background-color":"var(--ast-global-color-5)","background-image":"","background-repeat":"repeat","background-position":"center center","background-size":"auto","background-attachment":"scroll","background-type":"","background-media":"","overlay-type":"","overlay-color":"","overlay-opacity":"","overlay-gradient":""},"mobile":{"background-color":"var(--ast-global-color-5)","background-image":"","background-repeat":"repeat","background-position":"center center","background-size":"auto","background-attachment":"scroll","background-type":"","background-media":"","overlay-type":"","overlay-color":"","overlay-opacity":"","overlay-gradient":""}},"footnotes":""},"categories":[],"tags":[2180,2177,2075,2078,1461],"class_list":["post-35306","page","type-page","status-publish","hentry","tag-enrollment","tag-entry-2","tag-global-studies-2","tag-ma-2","tag-master-2"],"featured_image_urls_v2":{"full":"","thumbnail":"","medium":"","medium_large":"","large":"","1536x1536":"","2048x2048":"","menu-24x24":"","menu-36x36":"","menu-48x48":""},"post_excerpt_stackable_v2":"<p>General Information The Institute of International and Security Studies of the University of Wroc\u0142aw offers a program of two-year full-time master studies of International Relations in English. The program is directed at all who want to study International Relations at one of Poland&#8217;s most renowned and modern universities. The language of tuition for all the obligatory courses in the course of studies is English. Students also have the opportunity to choose and study additional courses in English, German, Polish and Russian. Recent political and economic changes in the world have increased the demand for specialists in the field of international&hellip;<\/p>\n","category_list_v2":"Uncategorized","author_info_v2":{"name":"justyna.arendarska@uwr.edu.pl","url":"https:\/\/ismb.uwr.edu.pl\/en\/author\/justyna-arendarskauwr-edu-pl\/"},"comments_num_v2":"0 comments","acf":[],"yoast_head":"<!-- This site is optimized with the Yoast SEO plugin v27.1.1 - https:\/\/yoast.com\/product\/yoast-seo-wordpress\/ -->\n<title>Master Program International Relations - Global Studies - Instytut Studi\u00f3w Mi\u0119dzynarodowych i Bezpiecze\u0144stwa<\/title>\n<meta name=\"robots\" content=\"index, follow, max-snippet:-1, max-image-preview:large, max-video-preview:-1\" \/>\n<link rel=\"canonical\" href=\"https:\/\/ismb.uwr.edu.pl\/en\/master-program-international-relations-global-studies\/\" \/>\n<meta property=\"og:locale\" content=\"en_US\" \/>\n<meta property=\"og:type\" content=\"article\" \/>\n<meta property=\"og:title\" content=\"Master Program International Relations - Global Studies - Instytut Studi\u00f3w Mi\u0119dzynarodowych i Bezpiecze\u0144stwa\" \/>\n<meta property=\"og:description\" content=\"General Information The Institute of International and Security Studies of the University of Wroc\u0142aw offers a program of two-year full-time [&hellip;]\" \/>\n<meta property=\"og:url\" content=\"https:\/\/ismb.uwr.edu.pl\/en\/master-program-international-relations-global-studies\/\" \/>\n<meta property=\"og:site_name\" content=\"Instytut Studi\u00f3w Mi\u0119dzynarodowych i Bezpiecze\u0144stwa\" \/>\n<meta property=\"article:modified_time\" content=\"2025-05-24T12:29:55+00:00\" \/>\n<meta name=\"twitter:card\" content=\"summary_large_image\" \/>\n<meta name=\"twitter:label1\" content=\"Est. reading time\" \/>\n\t<meta name=\"twitter:data1\" content=\"6 minutes\" \/>\n<script type=\"application\/ld+json\" class=\"yoast-schema-graph\">{\"@context\":\"https:\/\/schema.org\",\"@graph\":[{\"@type\":\"WebPage\",\"@id\":\"https:\/\/ismb.uwr.edu.pl\/en\/master-program-international-relations-global-studies\/\",\"url\":\"https:\/\/ismb.uwr.edu.pl\/en\/master-program-international-relations-global-studies\/\",\"name\":\"Master Program International Relations - Global Studies - Instytut Studi\u00f3w Mi\u0119dzynarodowych i Bezpiecze\u0144stwa\",\"isPartOf\":{\"@id\":\"https:\/\/ismb.uwr.edu.pl\/en\/#website\"},\"datePublished\":\"2024-02-09T20:25:03+00:00\",\"dateModified\":\"2025-05-24T12:29:55+00:00\",\"breadcrumb\":{\"@id\":\"https:\/\/ismb.uwr.edu.pl\/en\/master-program-international-relations-global-studies\/#breadcrumb\"},\"inLanguage\":\"en-US\",\"potentialAction\":[{\"@type\":\"ReadAction\",\"target\":[\"https:\/\/ismb.uwr.edu.pl\/en\/master-program-international-relations-global-studies\/\"]}]},{\"@type\":\"BreadcrumbList\",\"@id\":\"https:\/\/ismb.uwr.edu.pl\/en\/master-program-international-relations-global-studies\/#breadcrumb\",\"itemListElement\":[{\"@type\":\"ListItem\",\"position\":1,\"name\":\"Strona g\u0142\u00f3wna\",\"item\":\"https:\/\/ismb.uwr.edu.pl\/en\/\"},{\"@type\":\"ListItem\",\"position\":2,\"name\":\"Master Program International Relations &#8211; Global Studies\"}]},{\"@type\":\"WebSite\",\"@id\":\"https:\/\/ismb.uwr.edu.pl\/en\/#website\",\"url\":\"https:\/\/ismb.uwr.edu.pl\/en\/\",\"name\":\"Instytut Studi\u00f3w Mi\u0119dzynarodowych i Bezpiecze\u0144stwa\",\"description\":\"Kolejna witryna sieci \u201eUWR Witryny\u201d\",\"publisher\":{\"@id\":\"https:\/\/ismb.uwr.edu.pl\/en\/#organization\"},\"potentialAction\":[{\"@type\":\"SearchAction\",\"target\":{\"@type\":\"EntryPoint\",\"urlTemplate\":\"https:\/\/ismb.uwr.edu.pl\/en\/?s={search_term_string}\"},\"query-input\":{\"@type\":\"PropertyValueSpecification\",\"valueRequired\":true,\"valueName\":\"search_term_string\"}}],\"inLanguage\":\"en-US\"},{\"@type\":\"Organization\",\"@id\":\"https:\/\/ismb.uwr.edu.pl\/en\/#organization\",\"name\":\"Instytut Studi\u00f3w Mi\u0119dzynarodowych i Bezpiecze\u0144stwa\",\"url\":\"https:\/\/ismb.uwr.edu.pl\/en\/\",\"logo\":{\"@type\":\"ImageObject\",\"inLanguage\":\"en-US\",\"@id\":\"https:\/\/ismb.uwr.edu.pl\/en\/#\/schema\/logo\/image\/\",\"url\":\"https:\/\/ismb.uwr.edu.pl\/wp-content\/uploads\/sites\/366\/2025\/10\/UWr-logotyp-2025.png\",\"contentUrl\":\"https:\/\/ismb.uwr.edu.pl\/wp-content\/uploads\/sites\/366\/2025\/10\/UWr-logotyp-2025.png\",\"width\":764,\"height\":269,\"caption\":\"Instytut Studi\u00f3w Mi\u0119dzynarodowych i Bezpiecze\u0144stwa\"},\"image\":{\"@id\":\"https:\/\/ismb.uwr.edu.pl\/en\/#\/schema\/logo\/image\/\"}}]}<\/script>\n<!-- \/ Yoast SEO plugin. -->","yoast_head_json":{"title":"Master Program International Relations - Global Studies - Instytut Studi\u00f3w Mi\u0119dzynarodowych i Bezpiecze\u0144stwa","robots":{"index":"index","follow":"follow","max-snippet":"max-snippet:-1","max-image-preview":"max-image-preview:large","max-video-preview":"max-video-preview:-1"},"canonical":"https:\/\/ismb.uwr.edu.pl\/en\/master-program-international-relations-global-studies\/","og_locale":"en_US","og_type":"article","og_title":"Master Program International Relations - Global Studies - Instytut Studi\u00f3w Mi\u0119dzynarodowych i Bezpiecze\u0144stwa","og_description":"General Information The Institute of International and Security Studies of the University of Wroc\u0142aw offers a program of two-year full-time [&hellip;]","og_url":"https:\/\/ismb.uwr.edu.pl\/en\/master-program-international-relations-global-studies\/","og_site_name":"Instytut Studi\u00f3w Mi\u0119dzynarodowych i Bezpiecze\u0144stwa","article_modified_time":"2025-05-24T12:29:55+00:00","twitter_card":"summary_large_image","twitter_misc":{"Est. reading time":"6 minutes"},"schema":{"@context":"https:\/\/schema.org","@graph":[{"@type":"WebPage","@id":"https:\/\/ismb.uwr.edu.pl\/en\/master-program-international-relations-global-studies\/","url":"https:\/\/ismb.uwr.edu.pl\/en\/master-program-international-relations-global-studies\/","name":"Master Program International Relations - Global Studies - Instytut Studi\u00f3w Mi\u0119dzynarodowych i Bezpiecze\u0144stwa","isPartOf":{"@id":"https:\/\/ismb.uwr.edu.pl\/en\/#website"},"datePublished":"2024-02-09T20:25:03+00:00","dateModified":"2025-05-24T12:29:55+00:00","breadcrumb":{"@id":"https:\/\/ismb.uwr.edu.pl\/en\/master-program-international-relations-global-studies\/#breadcrumb"},"inLanguage":"en-US","potentialAction":[{"@type":"ReadAction","target":["https:\/\/ismb.uwr.edu.pl\/en\/master-program-international-relations-global-studies\/"]}]},{"@type":"BreadcrumbList","@id":"https:\/\/ismb.uwr.edu.pl\/en\/master-program-international-relations-global-studies\/#breadcrumb","itemListElement":[{"@type":"ListItem","position":1,"name":"Strona g\u0142\u00f3wna","item":"https:\/\/ismb.uwr.edu.pl\/en\/"},{"@type":"ListItem","position":2,"name":"Master Program International Relations &#8211; Global Studies"}]},{"@type":"WebSite","@id":"https:\/\/ismb.uwr.edu.pl\/en\/#website","url":"https:\/\/ismb.uwr.edu.pl\/en\/","name":"Instytut Studi\u00f3w Mi\u0119dzynarodowych i Bezpiecze\u0144stwa","description":"Kolejna witryna sieci \u201eUWR Witryny\u201d","publisher":{"@id":"https:\/\/ismb.uwr.edu.pl\/en\/#organization"},"potentialAction":[{"@type":"SearchAction","target":{"@type":"EntryPoint","urlTemplate":"https:\/\/ismb.uwr.edu.pl\/en\/?s={search_term_string}"},"query-input":{"@type":"PropertyValueSpecification","valueRequired":true,"valueName":"search_term_string"}}],"inLanguage":"en-US"},{"@type":"Organization","@id":"https:\/\/ismb.uwr.edu.pl\/en\/#organization","name":"Instytut Studi\u00f3w Mi\u0119dzynarodowych i Bezpiecze\u0144stwa","url":"https:\/\/ismb.uwr.edu.pl\/en\/","logo":{"@type":"ImageObject","inLanguage":"en-US","@id":"https:\/\/ismb.uwr.edu.pl\/en\/#\/schema\/logo\/image\/","url":"https:\/\/ismb.uwr.edu.pl\/wp-content\/uploads\/sites\/366\/2025\/10\/UWr-logotyp-2025.png","contentUrl":"https:\/\/ismb.uwr.edu.pl\/wp-content\/uploads\/sites\/366\/2025\/10\/UWr-logotyp-2025.png","width":764,"height":269,"caption":"Instytut Studi\u00f3w Mi\u0119dzynarodowych i Bezpiecze\u0144stwa"},"image":{"@id":"https:\/\/ismb.uwr.edu.pl\/en\/#\/schema\/logo\/image\/"}}]}},"publishpress_future_action":{"enabled":false,"date":"2026-04-22 08:55:05","action":"change-status","newStatus":"draft","terms":[],"taxonomy":"category","extraData":[]},"publishpress_future_workflow_manual_trigger":{"enabledWorkflows":[]},"_links":{"self":[{"href":"https:\/\/ismb.uwr.edu.pl\/en\/wp-json\/wp\/v2\/pages\/35306\/"}],"collection":[{"href":"https:\/\/ismb.uwr.edu.pl\/en\/wp-json\/wp\/v2\/pages\/"}],"about":[{"href":"https:\/\/ismb.uwr.edu.pl\/en\/wp-json\/wp\/v2\/types\/page\/"}],"author":[{"embeddable":true,"href":"https:\/\/ismb.uwr.edu.pl\/en\/wp-json\/wp\/v2\/users\/1536\/"}],"replies":[{"embeddable":true,"href":"https:\/\/ismb.uwr.edu.pl\/en\/wp-json\/wp\/v2\/comments\/?post=35306"}],"version-history":[{"count":5,"href":"https:\/\/ismb.uwr.edu.pl\/en\/wp-json\/wp\/v2\/pages\/35306\/revisions\/"}],"predecessor-version":[{"id":45433,"href":"https:\/\/ismb.uwr.edu.pl\/en\/wp-json\/wp\/v2\/pages\/35306\/revisions\/45433\/"}],"wp:attachment":[{"href":"https:\/\/ismb.uwr.edu.pl\/en\/wp-json\/wp\/v2\/media\/?parent=35306"}],"wp:term":[{"taxonomy":"category","embeddable":true,"href":"https:\/\/ismb.uwr.edu.pl\/en\/wp-json\/wp\/v2\/categories\/?post=35306"},{"taxonomy":"post_tag","embeddable":true,"href":"https:\/\/ismb.uwr.edu.pl\/en\/wp-json\/wp\/v2\/tags\/?post=35306"}],"curies":[{"name":"wp","href":"https:\/\/api.w.org\/{rel}","templated":true}]}}