{"id":35498,"date":"2024-07-23T23:45:59","date_gmt":"2024-07-23T21:45:59","guid":{"rendered":"https:\/\/ismb.uwr.edu.pl\/?page_id=35498"},"modified":"2026-02-21T15:05:43","modified_gmt":"2026-02-21T14:05:43","slug":"admission-and-contact-details","status":"publish","type":"page","link":"https:\/\/ismb.uwr.edu.pl\/en\/european-master-in-global-studies\/admission-and-contact-details\/","title":{"rendered":"Admission and contact details"},"content":{"rendered":"\n<div class=\"wp-block-stackable-heading stk-block-heading stk-block-heading--v2 stk-block stk-ecd181b\" id=\"where-to-apply\" data-block-id=\"ecd181b\"><h2 class=\"stk-block-heading__text\">Where to Apply<\/h2><\/div>\n\n\n\n<p>The application for the EMGS programme <span style=\"margin: 0px; padding: 0px;\">sh<\/span>ould be addressed only to the <a href=\"https:\/\/www.sozphil.uni-leipzig.de\/en\/global-and-european-studies-institute\">Global and European Studies Institute<\/a> of the <a href=\"https:\/\/www.uni-leipzig.de\/en\">University of Leipzig<\/a> (regardless of your preferred mobility track).&nbsp;<span style=\"margin: 0px; padding: 0px;\">The following pages contain<a href=\"https:\/\/globalstudies-masters.eu\/admission\/application\/application-documents\/\" target=\"_blank\" rel=\"noopener\">&nbsp;further procedures a<\/a><\/span><a href=\"https:\/\/globalstudies-masters.eu\/admission\/application\/application-documents\/\">nd documents.<\/a><\/p>\n\n\n\n<div class=\"wp-block-stackable-heading stk-block-heading stk-block-heading--v2 stk-block stk-8ae7fb7\" id=\"participation-costs\" data-block-id=\"8ae7fb7\"><h2 class=\"stk-block-heading__text\">Participation costs<\/h2><\/div>\n\n\n\n<p>The participation costs cover participation in all courses offered within the EMGS programme and include support for administrative and organisational issues. However, students must cover travel costs to the winter and summer schools. More info: <a href=\"https:\/\/globalstudies-masters.eu\/ \">https:\/\/globalstudies-masters.eu\/ <\/a><\/p>\n\n\n\n<div class=\"wp-block-stackable-heading stk-block-heading stk-block-heading--v2 stk-block stk-143b289\" id=\"contact\" data-block-id=\"143b289\"><h2 class=\"stk-block-heading__text\">Contact<\/h2><\/div>\n\n\n\n<p><strong>Stephan Kaschner<\/strong>, EMGS Coordinator<\/p>\n\n\n\n<p>Leipzig University<br>Global and European Studies Institute<br>Emil-Fuchs-Str. 1<br>04105 Leipzig, DE<\/p>\n\n\n\n<p>e-mail:&nbsp;<a href=\"javascript:;\">em@uni-leipzig.de<\/a><\/p>\n\n\n\n<div class=\"wp-block-stackable-heading stk-block-heading stk-block-heading--v2 stk-block stk-2b8cd44\" id=\"local-coordinator-at-the-university-of-wroclaw\" data-block-id=\"2b8cd44\"><h2 class=\"stk-block-heading__text\">Local coordinator at the University of Wroclaw<\/h2><\/div>\n\n\n\n<p><strong>Dr Marek Musio\u0142<\/strong><\/p>\n\n\n\n<p>University of Wroclaw<br>Faculty of Social Sciences<br>Institute of International and Security Studies<br>ul. Koszarowa 3\/21<br>51-149 Wroclaw, PL<\/p>\n\n\n\n<p>e-mail: <a href=\"mailto:marek.musiol@uwr.edu.pl\">marek.musiol@uwr.edu.pl<\/a><\/p>\n","protected":false},"excerpt":{"rendered":"<p>Where to Apply The application for the EMGS programme should be addressed only to the Global and European Studies Institute [&hellip;]<\/p>\n","protected":false},"author":1536,"featured_media":0,"parent":35450,"menu_order":4,"comment_status":"closed","ping_status":"closed","template":"","meta":{"_acf_changed":false,"inline_featured_image":false,"site-sidebar-layout":"default","site-content-layout":"","ast-site-content-layout":"default","site-content-style":"default","site-sidebar-style":"default","ast-global-header-display":"","ast-banner-title-visibility":"","ast-main-header-display":"","ast-hfb-above-header-display":"","ast-hfb-below-header-display":"","ast-hfb-mobile-header-display":"","site-post-title":"","ast-breadcrumbs-content":"","ast-featured-img":"","footer-sml-layout":"","ast-disable-related-posts":"","theme-transparent-header-meta":"","adv-header-id-meta":"","stick-header-meta":"","header-above-stick-meta":"","header-main-stick-meta":"","header-below-stick-meta":"","astra-migrate-meta-layouts":"default","ast-page-background-enabled":"default","ast-page-background-meta":{"desktop":{"background-color":"var(--ast-global-color-5)","background-image":"","background-repeat":"repeat","background-position":"center center","background-size":"auto","background-attachment":"scroll","background-type":"","background-media":"","overlay-type":"","overlay-color":"","overlay-opacity":"","overlay-gradient":""},"tablet":{"background-color":"","background-image":"","background-repeat":"repeat","background-position":"center center","background-size":"auto","background-attachment":"scroll","background-type":"","background-media":"","overlay-type":"","overlay-color":"","overlay-opacity":"","overlay-gradient":""},"mobile":{"background-color":"","background-image":"","background-repeat":"repeat","background-position":"center center","background-size":"auto","background-attachment":"scroll","background-type":"","background-media":"","overlay-type":"","overlay-color":"","overlay-opacity":"","overlay-gradient":""}},"ast-content-background-meta":{"desktop":{"background-color":"var(--ast-global-color-4)","background-image":"","background-repeat":"repeat","background-position":"center center","background-size":"auto","background-attachment":"scroll","background-type":"","background-media":"","overlay-type":"","overlay-color":"","overlay-opacity":"","overlay-gradient":""},"tablet":{"background-color":"var(--ast-global-color-4)","background-image":"","background-repeat":"repeat","background-position":"center center","background-size":"auto","background-attachment":"scroll","background-type":"","background-media":"","overlay-type":"","overlay-color":"","overlay-opacity":"","overlay-gradient":""},"mobile":{"background-color":"var(--ast-global-color-4)","background-image":"","background-repeat":"repeat","background-position":"center center","background-size":"auto","background-attachment":"scroll","background-type":"","background-media":"","overlay-type":"","overlay-color":"","overlay-opacity":"","overlay-gradient":""}},"footnotes":""},"categories":[],"tags":[2084,2072,2075,2078,1458],"class_list":["post-35498","page","type-page","status-publish","hentry","tag-emgs-2","tag-erasmus-mundus-2","tag-global-studies-2","tag-ma-2","tag-mundus"],"featured_image_urls_v2":{"full":"","thumbnail":"","medium":"","medium_large":"","large":"","1536x1536":"","2048x2048":"","menu-24x24":"","menu-36x36":"","menu-48x48":""},"post_excerpt_stackable_v2":"<p>Where to Apply The application for the EMGS programme should be addressed only to the Global and European Studies Institute of the University of Leipzig (regardless of your preferred mobility track).&nbsp;The following pages contain&nbsp;further procedures and documents. Participation costs The participation costs cover participation in all courses offered within the EMGS programme and include support for administrative and organisational issues. However, students must cover travel costs to the winter and summer schools. More info: https:\/\/globalstudies-masters.eu\/ Contact Stephan Kaschner, EMGS Coordinator Leipzig UniversityGlobal and European Studies InstituteEmil-Fuchs-Str. 104105 Leipzig, DE e-mail:&nbsp;em@uni-leipzig.de Local coordinator at the University of Wroclaw Dr Marek Musio\u0142&hellip;<\/p>\n","category_list_v2":"Uncategorized","author_info_v2":{"name":"justyna.arendarska@uwr.edu.pl","url":"https:\/\/ismb.uwr.edu.pl\/en\/author\/justyna-arendarskauwr-edu-pl\/"},"comments_num_v2":"0 comments","acf":[],"yoast_head":"<!-- This site is optimized with the Yoast SEO plugin v27.1.1 - https:\/\/yoast.com\/product\/yoast-seo-wordpress\/ -->\n<title>Admission and contact details - Instytut Studi\u00f3w Mi\u0119dzynarodowych i Bezpiecze\u0144stwa<\/title>\n<meta name=\"robots\" content=\"index, follow, max-snippet:-1, max-image-preview:large, max-video-preview:-1\" \/>\n<link rel=\"canonical\" href=\"https:\/\/ismb.uwr.edu.pl\/en\/european-master-in-global-studies\/admission-and-contact-details\/\" \/>\n<meta property=\"og:locale\" content=\"en_US\" \/>\n<meta property=\"og:type\" content=\"article\" \/>\n<meta property=\"og:title\" content=\"Admission and contact details - Instytut Studi\u00f3w Mi\u0119dzynarodowych i Bezpiecze\u0144stwa\" \/>\n<meta property=\"og:description\" content=\"Where to Apply The application for the EMGS programme should be addressed only to the Global and European Studies Institute [&hellip;]\" \/>\n<meta property=\"og:url\" content=\"https:\/\/ismb.uwr.edu.pl\/en\/european-master-in-global-studies\/admission-and-contact-details\/\" \/>\n<meta property=\"og:site_name\" content=\"Instytut Studi\u00f3w Mi\u0119dzynarodowych i Bezpiecze\u0144stwa\" \/>\n<meta property=\"article:modified_time\" content=\"2026-02-21T14:05:43+00:00\" \/>\n<meta name=\"twitter:card\" content=\"summary_large_image\" \/>\n<meta name=\"twitter:label1\" content=\"Est. reading time\" \/>\n\t<meta name=\"twitter:data1\" content=\"1 minute\" \/>\n<script type=\"application\/ld+json\" class=\"yoast-schema-graph\">{\"@context\":\"https:\/\/schema.org\",\"@graph\":[{\"@type\":\"WebPage\",\"@id\":\"https:\/\/ismb.uwr.edu.pl\/en\/european-master-in-global-studies\/admission-and-contact-details\/\",\"url\":\"https:\/\/ismb.uwr.edu.pl\/en\/european-master-in-global-studies\/admission-and-contact-details\/\",\"name\":\"Admission and contact details - Instytut Studi\u00f3w Mi\u0119dzynarodowych i Bezpiecze\u0144stwa\",\"isPartOf\":{\"@id\":\"https:\/\/ismb.uwr.edu.pl\/en\/#website\"},\"datePublished\":\"2024-07-23T21:45:59+00:00\",\"dateModified\":\"2026-02-21T14:05:43+00:00\",\"breadcrumb\":{\"@id\":\"https:\/\/ismb.uwr.edu.pl\/en\/european-master-in-global-studies\/admission-and-contact-details\/#breadcrumb\"},\"inLanguage\":\"en-US\",\"potentialAction\":[{\"@type\":\"ReadAction\",\"target\":[\"https:\/\/ismb.uwr.edu.pl\/en\/european-master-in-global-studies\/admission-and-contact-details\/\"]}]},{\"@type\":\"BreadcrumbList\",\"@id\":\"https:\/\/ismb.uwr.edu.pl\/en\/european-master-in-global-studies\/admission-and-contact-details\/#breadcrumb\",\"itemListElement\":[{\"@type\":\"ListItem\",\"position\":1,\"name\":\"Strona g\u0142\u00f3wna\",\"item\":\"https:\/\/ismb.uwr.edu.pl\/en\/\"},{\"@type\":\"ListItem\",\"position\":2,\"name\":\"European Master in Global Studies\",\"item\":\"https:\/\/ismb.uwr.edu.pl\/en\/european-master-in-global-studies\/\"},{\"@type\":\"ListItem\",\"position\":3,\"name\":\"Admission and contact details\"}]},{\"@type\":\"WebSite\",\"@id\":\"https:\/\/ismb.uwr.edu.pl\/en\/#website\",\"url\":\"https:\/\/ismb.uwr.edu.pl\/en\/\",\"name\":\"Instytut Studi\u00f3w Mi\u0119dzynarodowych i Bezpiecze\u0144stwa\",\"description\":\"Kolejna witryna sieci \u201eUWR Witryny\u201d\",\"publisher\":{\"@id\":\"https:\/\/ismb.uwr.edu.pl\/en\/#organization\"},\"potentialAction\":[{\"@type\":\"SearchAction\",\"target\":{\"@type\":\"EntryPoint\",\"urlTemplate\":\"https:\/\/ismb.uwr.edu.pl\/en\/?s={search_term_string}\"},\"query-input\":{\"@type\":\"PropertyValueSpecification\",\"valueRequired\":true,\"valueName\":\"search_term_string\"}}],\"inLanguage\":\"en-US\"},{\"@type\":\"Organization\",\"@id\":\"https:\/\/ismb.uwr.edu.pl\/en\/#organization\",\"name\":\"Instytut Studi\u00f3w Mi\u0119dzynarodowych i Bezpiecze\u0144stwa\",\"url\":\"https:\/\/ismb.uwr.edu.pl\/en\/\",\"logo\":{\"@type\":\"ImageObject\",\"inLanguage\":\"en-US\",\"@id\":\"https:\/\/ismb.uwr.edu.pl\/en\/#\/schema\/logo\/image\/\",\"url\":\"https:\/\/ismb.uwr.edu.pl\/wp-content\/uploads\/sites\/366\/2025\/10\/UWr-logotyp-2025.png\",\"contentUrl\":\"https:\/\/ismb.uwr.edu.pl\/wp-content\/uploads\/sites\/366\/2025\/10\/UWr-logotyp-2025.png\",\"width\":764,\"height\":269,\"caption\":\"Instytut Studi\u00f3w Mi\u0119dzynarodowych i Bezpiecze\u0144stwa\"},\"image\":{\"@id\":\"https:\/\/ismb.uwr.edu.pl\/en\/#\/schema\/logo\/image\/\"}}]}<\/script>\n<!-- \/ Yoast SEO plugin. -->","yoast_head_json":{"title":"Admission and contact details - Instytut Studi\u00f3w Mi\u0119dzynarodowych i Bezpiecze\u0144stwa","robots":{"index":"index","follow":"follow","max-snippet":"max-snippet:-1","max-image-preview":"max-image-preview:large","max-video-preview":"max-video-preview:-1"},"canonical":"https:\/\/ismb.uwr.edu.pl\/en\/european-master-in-global-studies\/admission-and-contact-details\/","og_locale":"en_US","og_type":"article","og_title":"Admission and contact details - Instytut Studi\u00f3w Mi\u0119dzynarodowych i Bezpiecze\u0144stwa","og_description":"Where to Apply The application for the EMGS programme should be addressed only to the Global and European Studies Institute [&hellip;]","og_url":"https:\/\/ismb.uwr.edu.pl\/en\/european-master-in-global-studies\/admission-and-contact-details\/","og_site_name":"Instytut Studi\u00f3w Mi\u0119dzynarodowych i Bezpiecze\u0144stwa","article_modified_time":"2026-02-21T14:05:43+00:00","twitter_card":"summary_large_image","twitter_misc":{"Est. reading time":"1 minute"},"schema":{"@context":"https:\/\/schema.org","@graph":[{"@type":"WebPage","@id":"https:\/\/ismb.uwr.edu.pl\/en\/european-master-in-global-studies\/admission-and-contact-details\/","url":"https:\/\/ismb.uwr.edu.pl\/en\/european-master-in-global-studies\/admission-and-contact-details\/","name":"Admission and contact details - Instytut Studi\u00f3w Mi\u0119dzynarodowych i Bezpiecze\u0144stwa","isPartOf":{"@id":"https:\/\/ismb.uwr.edu.pl\/en\/#website"},"datePublished":"2024-07-23T21:45:59+00:00","dateModified":"2026-02-21T14:05:43+00:00","breadcrumb":{"@id":"https:\/\/ismb.uwr.edu.pl\/en\/european-master-in-global-studies\/admission-and-contact-details\/#breadcrumb"},"inLanguage":"en-US","potentialAction":[{"@type":"ReadAction","target":["https:\/\/ismb.uwr.edu.pl\/en\/european-master-in-global-studies\/admission-and-contact-details\/"]}]},{"@type":"BreadcrumbList","@id":"https:\/\/ismb.uwr.edu.pl\/en\/european-master-in-global-studies\/admission-and-contact-details\/#breadcrumb","itemListElement":[{"@type":"ListItem","position":1,"name":"Strona g\u0142\u00f3wna","item":"https:\/\/ismb.uwr.edu.pl\/en\/"},{"@type":"ListItem","position":2,"name":"European Master in Global Studies","item":"https:\/\/ismb.uwr.edu.pl\/en\/european-master-in-global-studies\/"},{"@type":"ListItem","position":3,"name":"Admission and contact details"}]},{"@type":"WebSite","@id":"https:\/\/ismb.uwr.edu.pl\/en\/#website","url":"https:\/\/ismb.uwr.edu.pl\/en\/","name":"Instytut Studi\u00f3w Mi\u0119dzynarodowych i Bezpiecze\u0144stwa","description":"Kolejna witryna sieci \u201eUWR Witryny\u201d","publisher":{"@id":"https:\/\/ismb.uwr.edu.pl\/en\/#organization"},"potentialAction":[{"@type":"SearchAction","target":{"@type":"EntryPoint","urlTemplate":"https:\/\/ismb.uwr.edu.pl\/en\/?s={search_term_string}"},"query-input":{"@type":"PropertyValueSpecification","valueRequired":true,"valueName":"search_term_string"}}],"inLanguage":"en-US"},{"@type":"Organization","@id":"https:\/\/ismb.uwr.edu.pl\/en\/#organization","name":"Instytut Studi\u00f3w Mi\u0119dzynarodowych i Bezpiecze\u0144stwa","url":"https:\/\/ismb.uwr.edu.pl\/en\/","logo":{"@type":"ImageObject","inLanguage":"en-US","@id":"https:\/\/ismb.uwr.edu.pl\/en\/#\/schema\/logo\/image\/","url":"https:\/\/ismb.uwr.edu.pl\/wp-content\/uploads\/sites\/366\/2025\/10\/UWr-logotyp-2025.png","contentUrl":"https:\/\/ismb.uwr.edu.pl\/wp-content\/uploads\/sites\/366\/2025\/10\/UWr-logotyp-2025.png","width":764,"height":269,"caption":"Instytut Studi\u00f3w Mi\u0119dzynarodowych i Bezpiecze\u0144stwa"},"image":{"@id":"https:\/\/ismb.uwr.edu.pl\/en\/#\/schema\/logo\/image\/"}}]}},"publishpress_future_action":{"enabled":false,"date":"2026-04-22 09:17:50","action":"change-status","newStatus":"draft","terms":[],"taxonomy":"category","extraData":[]},"publishpress_future_workflow_manual_trigger":{"enabledWorkflows":[]},"_links":{"self":[{"href":"https:\/\/ismb.uwr.edu.pl\/en\/wp-json\/wp\/v2\/pages\/35498\/"}],"collection":[{"href":"https:\/\/ismb.uwr.edu.pl\/en\/wp-json\/wp\/v2\/pages\/"}],"about":[{"href":"https:\/\/ismb.uwr.edu.pl\/en\/wp-json\/wp\/v2\/types\/page\/"}],"author":[{"embeddable":true,"href":"https:\/\/ismb.uwr.edu.pl\/en\/wp-json\/wp\/v2\/users\/1536\/"}],"replies":[{"embeddable":true,"href":"https:\/\/ismb.uwr.edu.pl\/en\/wp-json\/wp\/v2\/comments\/?post=35498"}],"version-history":[{"count":4,"href":"https:\/\/ismb.uwr.edu.pl\/en\/wp-json\/wp\/v2\/pages\/35498\/revisions\/"}],"predecessor-version":[{"id":51562,"href":"https:\/\/ismb.uwr.edu.pl\/en\/wp-json\/wp\/v2\/pages\/35498\/revisions\/51562\/"}],"up":[{"embeddable":true,"href":"https:\/\/ismb.uwr.edu.pl\/en\/wp-json\/wp\/v2\/pages\/35450\/"}],"wp:attachment":[{"href":"https:\/\/ismb.uwr.edu.pl\/en\/wp-json\/wp\/v2\/media\/?parent=35498"}],"wp:term":[{"taxonomy":"category","embeddable":true,"href":"https:\/\/ismb.uwr.edu.pl\/en\/wp-json\/wp\/v2\/categories\/?post=35498"},{"taxonomy":"post_tag","embeddable":true,"href":"https:\/\/ismb.uwr.edu.pl\/en\/wp-json\/wp\/v2\/tags\/?post=35498"}],"curies":[{"name":"wp","href":"https:\/\/api.w.org\/{rel}","templated":true}]}}