{"id":35540,"date":"2024-07-24T00:24:03","date_gmt":"2024-07-23T22:24:03","guid":{"rendered":"https:\/\/ismb.uwr.edu.pl\/?page_id=35540"},"modified":"2024-09-24T17:55:56","modified_gmt":"2024-09-24T15:55:56","slug":"erasmus","status":"publish","type":"page","link":"https:\/\/ismb.uwr.edu.pl\/en\/erasmus\/","title":{"rendered":"Erasmus+"},"content":{"rendered":"\n<p>The Erasmus+ continues the Sokrates-Erasmus program, later renamed LLP-Erasmus (Lifelong Learning Program). The Institute of International and Security Studies joined this program in 1998 and has signed over 50 bilateral agreements with universities from virtually all EU countries, including Norway, Switzerland, and Turkey. Since the start of the program, nearly 600 students from the Institute of International and Security Studies have been offered an opportunity to study abroad. The Erasmus+ program is aimed at BA, MA, and PhD students who\u00a0may spend one or two semesters in a selected European university. Successful nominees are granted financial support from the University of Wroclaw for the maximum duration of one semester.\u00a0<\/p>\n\n\n\n<div class=\"wp-block-media-text is-stacked-on-mobile\"><figure class=\"wp-block-media-text__media\"><img loading=\"lazy\" decoding=\"async\" width=\"1024\" height=\"683\" src=\"https:\/\/ismb.uwr.edu.pl\/wp-content\/uploads\/sites\/366\/2024\/07\/priscilla-du-preez-XkKCui44iM0-unsplash-1-1024x683.jpg\" alt=\"men laughing while looking at the tablet\" class=\"wp-image-35543 size-full\" srcset=\"https:\/\/ismb.uwr.edu.pl\/wp-content\/uploads\/sites\/366\/2024\/07\/priscilla-du-preez-XkKCui44iM0-unsplash-1-1024x683.jpg 1024w, https:\/\/ismb.uwr.edu.pl\/wp-content\/uploads\/sites\/366\/2024\/07\/priscilla-du-preez-XkKCui44iM0-unsplash-1-300x200.jpg 300w, https:\/\/ismb.uwr.edu.pl\/wp-content\/uploads\/sites\/366\/2024\/07\/priscilla-du-preez-XkKCui44iM0-unsplash-1-768x512.jpg 768w, https:\/\/ismb.uwr.edu.pl\/wp-content\/uploads\/sites\/366\/2024\/07\/priscilla-du-preez-XkKCui44iM0-unsplash-1-1536x1024.jpg 1536w, https:\/\/ismb.uwr.edu.pl\/wp-content\/uploads\/sites\/366\/2024\/07\/priscilla-du-preez-XkKCui44iM0-unsplash-1-2048x1365.jpg 2048w, https:\/\/ismb.uwr.edu.pl\/wp-content\/uploads\/sites\/366\/2024\/07\/priscilla-du-preez-XkKCui44iM0-unsplash-1-1320x880.jpg 1320w, https:\/\/ismb.uwr.edu.pl\/wp-content\/uploads\/sites\/366\/2024\/07\/priscilla-du-preez-XkKCui44iM0-unsplash-1-24x16.jpg 24w, https:\/\/ismb.uwr.edu.pl\/wp-content\/uploads\/sites\/366\/2024\/07\/priscilla-du-preez-XkKCui44iM0-unsplash-1-36x24.jpg 36w, https:\/\/ismb.uwr.edu.pl\/wp-content\/uploads\/sites\/366\/2024\/07\/priscilla-du-preez-XkKCui44iM0-unsplash-1-48x32.jpg 48w\" sizes=\"auto, (max-width: 1024px) 100vw, 1024px\" \/><\/figure><div class=\"wp-block-media-text__content\"><ul class=\"bs-pageList-container\">\n\n           \n        <a class=\"bs-pageList-linked\" href=\"https:\/\/ismb.uwr.edu.pl\/en\/erasmus\/courses\/\">\n        <li>\n        <div class=\"parent-page\">\n            <p> \n                Courses            <\/p>\n            <div class=\"bs-links-icon\">\n            <svg width=\"40px\" height=\"40px\" viewBox=\"0 0 22 16\" version=\"1.1\"><g stroke=\"none\" strokewidth=\"1\" fill=\"white\" fillrule=\"evenodd\"><g><polygon points=\"13.4875 0 12 1.6215 18.7875 8 12 14.3795 13.4875 16 21.9995 8\"><\/polygon><\/g><\/g><\/svg>\n        <\/div>\n        <\/div>\n        <\/li>\n    <\/a>\n  \n       \n        <a class=\"bs-pageList-linked\" href=\"https:\/\/ismb.uwr.edu.pl\/en\/erasmus\/erasmus-outgoing\/\">\n        <li>\n        <div class=\"parent-page\">\n            <p> \n                Erasmus+ (Outgoing)            <\/p>\n            <div class=\"bs-links-icon\">\n            <svg width=\"40px\" height=\"40px\" viewBox=\"0 0 22 16\" version=\"1.1\"><g stroke=\"none\" strokewidth=\"1\" fill=\"white\" fillrule=\"evenodd\"><g><polygon points=\"13.4875 0 12 1.6215 18.7875 8 12 14.3795 13.4875 16 21.9995 8\"><\/polygon><\/g><\/g><\/svg>\n        <\/div>\n        <\/div>\n        <\/li>\n    <\/a>\n  \n       \n        <a class=\"bs-pageList-linked\" href=\"https:\/\/ismb.uwr.edu.pl\/en\/erasmus\/erasmus-incoming\/\">\n        <li>\n        <div class=\"parent-page\">\n            <p> \n                Erasmus + Exchange            <\/p>\n            <div class=\"bs-links-icon\">\n            <svg width=\"40px\" height=\"40px\" viewBox=\"0 0 22 16\" version=\"1.1\"><g stroke=\"none\" strokewidth=\"1\" fill=\"white\" fillrule=\"evenodd\"><g><polygon points=\"13.4875 0 12 1.6215 18.7875 8 12 14.3795 13.4875 16 21.9995 8\"><\/polygon><\/g><\/g><\/svg>\n        <\/div>\n        <\/div>\n        <\/li>\n    <\/a>\n  \n\n    <\/ul>\n<\/div><\/div>\n","protected":false},"excerpt":{"rendered":"<p>The Erasmus+ continues the Sokrates-Erasmus program, later renamed LLP-Erasmus (Lifelong Learning Program). The Institute of International and Security Studies joined [&hellip;]<\/p>\n","protected":false},"author":1536,"featured_media":35543,"parent":0,"menu_order":7,"comment_status":"closed","ping_status":"closed","template":"","meta":{"_acf_changed":false,"inline_featured_image":false,"site-sidebar-layout":"default","site-content-layout":"","ast-site-content-layout":"default","site-content-style":"default","site-sidebar-style":"default","ast-global-header-display":"","ast-banner-title-visibility":"","ast-main-header-display":"","ast-hfb-above-header-display":"","ast-hfb-below-header-display":"","ast-hfb-mobile-header-display":"","site-post-title":"","ast-breadcrumbs-content":"","ast-featured-img":"","footer-sml-layout":"","ast-disable-related-posts":"","theme-transparent-header-meta":"","adv-header-id-meta":"","stick-header-meta":"","header-above-stick-meta":"","header-main-stick-meta":"","header-below-stick-meta":"","astra-migrate-meta-layouts":"set","ast-page-background-enabled":"default","ast-page-background-meta":{"desktop":{"background-color":"var(--ast-global-color-5)","background-image":"","background-repeat":"repeat","background-position":"center center","background-size":"auto","background-attachment":"scroll","background-type":"","background-media":"","overlay-type":"","overlay-color":"","overlay-opacity":"","overlay-gradient":""},"tablet":{"background-color":"","background-image":"","background-repeat":"repeat","background-position":"center center","background-size":"auto","background-attachment":"scroll","background-type":"","background-media":"","overlay-type":"","overlay-color":"","overlay-opacity":"","overlay-gradient":""},"mobile":{"background-color":"","background-image":"","background-repeat":"repeat","background-position":"center center","background-size":"auto","background-attachment":"scroll","background-type":"","background-media":"","overlay-type":"","overlay-color":"","overlay-opacity":"","overlay-gradient":""}},"ast-content-background-meta":{"desktop":{"background-color":"var(--ast-global-color-4)","background-image":"","background-repeat":"repeat","background-position":"center center","background-size":"auto","background-attachment":"scroll","background-type":"","background-media":"","overlay-type":"","overlay-color":"","overlay-opacity":"","overlay-gradient":""},"tablet":{"background-color":"var(--ast-global-color-4)","background-image":"","background-repeat":"repeat","background-position":"center center","background-size":"auto","background-attachment":"scroll","background-type":"","background-media":"","overlay-type":"","overlay-color":"","overlay-opacity":"","overlay-gradient":""},"mobile":{"background-color":"var(--ast-global-color-4)","background-image":"","background-repeat":"repeat","background-position":"center center","background-size":"auto","background-attachment":"scroll","background-type":"","background-media":"","overlay-type":"","overlay-color":"","overlay-opacity":"","overlay-gradient":""}},"footnotes":""},"categories":[],"tags":[2087,2018,2090],"class_list":["post-35540","page","type-page","status-publish","has-post-thumbnail","hentry","tag-erasmus-4","tag-exchange","tag-student-mobility"],"featured_image_urls_v2":{"full":["https:\/\/ismb.uwr.edu.pl\/wp-content\/uploads\/sites\/366\/2024\/07\/priscilla-du-preez-XkKCui44iM0-unsplash-1-scaled.jpg",2560,1707,false],"thumbnail":["https:\/\/ismb.uwr.edu.pl\/wp-content\/uploads\/sites\/366\/2024\/07\/priscilla-du-preez-XkKCui44iM0-unsplash-1-150x150.jpg",150,150,true],"medium":["https:\/\/ismb.uwr.edu.pl\/wp-content\/uploads\/sites\/366\/2024\/07\/priscilla-du-preez-XkKCui44iM0-unsplash-1-300x200.jpg",300,200,true],"medium_large":["https:\/\/ismb.uwr.edu.pl\/wp-content\/uploads\/sites\/366\/2024\/07\/priscilla-du-preez-XkKCui44iM0-unsplash-1-768x512.jpg",768,512,true],"large":["https:\/\/ismb.uwr.edu.pl\/wp-content\/uploads\/sites\/366\/2024\/07\/priscilla-du-preez-XkKCui44iM0-unsplash-1-1024x683.jpg",1024,683,true],"1536x1536":["https:\/\/ismb.uwr.edu.pl\/wp-content\/uploads\/sites\/366\/2024\/07\/priscilla-du-preez-XkKCui44iM0-unsplash-1-1536x1024.jpg",1536,1024,true],"2048x2048":["https:\/\/ismb.uwr.edu.pl\/wp-content\/uploads\/sites\/366\/2024\/07\/priscilla-du-preez-XkKCui44iM0-unsplash-1-2048x1365.jpg",2048,1365,true],"menu-24x24":["https:\/\/ismb.uwr.edu.pl\/wp-content\/uploads\/sites\/366\/2024\/07\/priscilla-du-preez-XkKCui44iM0-unsplash-1-24x16.jpg",24,16,true],"menu-36x36":["https:\/\/ismb.uwr.edu.pl\/wp-content\/uploads\/sites\/366\/2024\/07\/priscilla-du-preez-XkKCui44iM0-unsplash-1-36x24.jpg",36,24,true],"menu-48x48":["https:\/\/ismb.uwr.edu.pl\/wp-content\/uploads\/sites\/366\/2024\/07\/priscilla-du-preez-XkKCui44iM0-unsplash-1-48x32.jpg",48,32,true]},"post_excerpt_stackable_v2":"<p>The Erasmus+ continues the Sokrates-Erasmus program, later renamed LLP-Erasmus (Lifelong Learning Program). The Institute of International and Security Studies joined this program in 1998 and has signed over 50 bilateral agreements with universities from virtually all EU countries, including Norway, Switzerland, and Turkey. Since the start of the program, nearly 600 students from the Institute of International and Security Studies have been offered an opportunity to study abroad. The Erasmus+ program is aimed at BA, MA, and PhD students who\u00a0may spend one or two semesters in a selected European university. Successful nominees are granted financial support from the University of&hellip;<\/p>\n","category_list_v2":"Uncategorized","author_info_v2":{"name":"justyna.arendarska@uwr.edu.pl","url":"https:\/\/ismb.uwr.edu.pl\/en\/author\/justyna-arendarskauwr-edu-pl\/"},"comments_num_v2":"0 comments","acf":[],"yoast_head":"<!-- This site is optimized with the Yoast SEO plugin v27.1.1 - https:\/\/yoast.com\/product\/yoast-seo-wordpress\/ -->\n<title>Erasmus+ - Instytut Studi\u00f3w Mi\u0119dzynarodowych i Bezpiecze\u0144stwa<\/title>\n<meta name=\"robots\" content=\"index, follow, max-snippet:-1, max-image-preview:large, max-video-preview:-1\" \/>\n<link rel=\"canonical\" href=\"https:\/\/ismb.uwr.edu.pl\/en\/erasmus\/\" \/>\n<meta property=\"og:locale\" content=\"en_US\" \/>\n<meta property=\"og:type\" content=\"article\" \/>\n<meta property=\"og:title\" content=\"Erasmus+ - Instytut Studi\u00f3w Mi\u0119dzynarodowych i Bezpiecze\u0144stwa\" \/>\n<meta property=\"og:description\" content=\"The Erasmus+ continues the Sokrates-Erasmus program, later renamed LLP-Erasmus (Lifelong Learning Program). The Institute of International and Security Studies joined [&hellip;]\" \/>\n<meta property=\"og:url\" content=\"https:\/\/ismb.uwr.edu.pl\/en\/erasmus\/\" \/>\n<meta property=\"og:site_name\" content=\"Instytut Studi\u00f3w Mi\u0119dzynarodowych i Bezpiecze\u0144stwa\" \/>\n<meta property=\"article:modified_time\" content=\"2024-09-24T15:55:56+00:00\" \/>\n<meta property=\"og:image\" content=\"https:\/\/ismb.uwr.edu.pl\/wp-content\/uploads\/sites\/366\/2024\/07\/priscilla-du-preez-XkKCui44iM0-unsplash-1-scaled.jpg\" \/>\n\t<meta property=\"og:image:width\" content=\"2560\" \/>\n\t<meta property=\"og:image:height\" content=\"1707\" \/>\n\t<meta property=\"og:image:type\" content=\"image\/jpeg\" \/>\n<meta name=\"twitter:card\" content=\"summary_large_image\" \/>\n<meta name=\"twitter:label1\" content=\"Est. reading time\" \/>\n\t<meta name=\"twitter:data1\" content=\"2 minutes\" \/>\n<script type=\"application\/ld+json\" class=\"yoast-schema-graph\">{\"@context\":\"https:\/\/schema.org\",\"@graph\":[{\"@type\":\"WebPage\",\"@id\":\"https:\/\/ismb.uwr.edu.pl\/en\/erasmus\/\",\"url\":\"https:\/\/ismb.uwr.edu.pl\/en\/erasmus\/\",\"name\":\"Erasmus+ - Instytut Studi\u00f3w Mi\u0119dzynarodowych i Bezpiecze\u0144stwa\",\"isPartOf\":{\"@id\":\"https:\/\/ismb.uwr.edu.pl\/en\/#website\"},\"primaryImageOfPage\":{\"@id\":\"https:\/\/ismb.uwr.edu.pl\/en\/erasmus\/#primaryimage\"},\"image\":{\"@id\":\"https:\/\/ismb.uwr.edu.pl\/en\/erasmus\/#primaryimage\"},\"thumbnailUrl\":\"https:\/\/ismb.uwr.edu.pl\/wp-content\/uploads\/sites\/366\/2024\/07\/priscilla-du-preez-XkKCui44iM0-unsplash-1-scaled.jpg\",\"datePublished\":\"2024-07-23T22:24:03+00:00\",\"dateModified\":\"2024-09-24T15:55:56+00:00\",\"breadcrumb\":{\"@id\":\"https:\/\/ismb.uwr.edu.pl\/en\/erasmus\/#breadcrumb\"},\"inLanguage\":\"en-US\",\"potentialAction\":[{\"@type\":\"ReadAction\",\"target\":[\"https:\/\/ismb.uwr.edu.pl\/en\/erasmus\/\"]}]},{\"@type\":\"ImageObject\",\"inLanguage\":\"en-US\",\"@id\":\"https:\/\/ismb.uwr.edu.pl\/en\/erasmus\/#primaryimage\",\"url\":\"https:\/\/ismb.uwr.edu.pl\/wp-content\/uploads\/sites\/366\/2024\/07\/priscilla-du-preez-XkKCui44iM0-unsplash-1-scaled.jpg\",\"contentUrl\":\"https:\/\/ismb.uwr.edu.pl\/wp-content\/uploads\/sites\/366\/2024\/07\/priscilla-du-preez-XkKCui44iM0-unsplash-1-scaled.jpg\",\"width\":2560,\"height\":1707,\"caption\":\"Fot. Priscilla du Preez\/ Unsplash\"},{\"@type\":\"BreadcrumbList\",\"@id\":\"https:\/\/ismb.uwr.edu.pl\/en\/erasmus\/#breadcrumb\",\"itemListElement\":[{\"@type\":\"ListItem\",\"position\":1,\"name\":\"Strona g\u0142\u00f3wna\",\"item\":\"https:\/\/ismb.uwr.edu.pl\/en\/\"},{\"@type\":\"ListItem\",\"position\":2,\"name\":\"Erasmus+\"}]},{\"@type\":\"WebSite\",\"@id\":\"https:\/\/ismb.uwr.edu.pl\/en\/#website\",\"url\":\"https:\/\/ismb.uwr.edu.pl\/en\/\",\"name\":\"Instytut Studi\u00f3w Mi\u0119dzynarodowych i Bezpiecze\u0144stwa\",\"description\":\"Kolejna witryna sieci \u201eUWR Witryny\u201d\",\"publisher\":{\"@id\":\"https:\/\/ismb.uwr.edu.pl\/en\/#organization\"},\"potentialAction\":[{\"@type\":\"SearchAction\",\"target\":{\"@type\":\"EntryPoint\",\"urlTemplate\":\"https:\/\/ismb.uwr.edu.pl\/en\/?s={search_term_string}\"},\"query-input\":{\"@type\":\"PropertyValueSpecification\",\"valueRequired\":true,\"valueName\":\"search_term_string\"}}],\"inLanguage\":\"en-US\"},{\"@type\":\"Organization\",\"@id\":\"https:\/\/ismb.uwr.edu.pl\/en\/#organization\",\"name\":\"Instytut Studi\u00f3w Mi\u0119dzynarodowych i Bezpiecze\u0144stwa\",\"url\":\"https:\/\/ismb.uwr.edu.pl\/en\/\",\"logo\":{\"@type\":\"ImageObject\",\"inLanguage\":\"en-US\",\"@id\":\"https:\/\/ismb.uwr.edu.pl\/en\/#\/schema\/logo\/image\/\",\"url\":\"https:\/\/ismb.uwr.edu.pl\/wp-content\/uploads\/sites\/366\/2025\/10\/UWr-logotyp-2025.png\",\"contentUrl\":\"https:\/\/ismb.uwr.edu.pl\/wp-content\/uploads\/sites\/366\/2025\/10\/UWr-logotyp-2025.png\",\"width\":764,\"height\":269,\"caption\":\"Instytut Studi\u00f3w Mi\u0119dzynarodowych i Bezpiecze\u0144stwa\"},\"image\":{\"@id\":\"https:\/\/ismb.uwr.edu.pl\/en\/#\/schema\/logo\/image\/\"}}]}<\/script>\n<!-- \/ Yoast SEO plugin. -->","yoast_head_json":{"title":"Erasmus+ - Instytut Studi\u00f3w Mi\u0119dzynarodowych i Bezpiecze\u0144stwa","robots":{"index":"index","follow":"follow","max-snippet":"max-snippet:-1","max-image-preview":"max-image-preview:large","max-video-preview":"max-video-preview:-1"},"canonical":"https:\/\/ismb.uwr.edu.pl\/en\/erasmus\/","og_locale":"en_US","og_type":"article","og_title":"Erasmus+ - Instytut Studi\u00f3w Mi\u0119dzynarodowych i Bezpiecze\u0144stwa","og_description":"The Erasmus+ continues the Sokrates-Erasmus program, later renamed LLP-Erasmus (Lifelong Learning Program). The Institute of International and Security Studies joined [&hellip;]","og_url":"https:\/\/ismb.uwr.edu.pl\/en\/erasmus\/","og_site_name":"Instytut Studi\u00f3w Mi\u0119dzynarodowych i Bezpiecze\u0144stwa","article_modified_time":"2024-09-24T15:55:56+00:00","og_image":[{"width":2560,"height":1707,"url":"https:\/\/ismb.uwr.edu.pl\/wp-content\/uploads\/sites\/366\/2024\/07\/priscilla-du-preez-XkKCui44iM0-unsplash-1-scaled.jpg","type":"image\/jpeg"}],"twitter_card":"summary_large_image","twitter_misc":{"Est. reading time":"2 minutes"},"schema":{"@context":"https:\/\/schema.org","@graph":[{"@type":"WebPage","@id":"https:\/\/ismb.uwr.edu.pl\/en\/erasmus\/","url":"https:\/\/ismb.uwr.edu.pl\/en\/erasmus\/","name":"Erasmus+ - Instytut Studi\u00f3w Mi\u0119dzynarodowych i Bezpiecze\u0144stwa","isPartOf":{"@id":"https:\/\/ismb.uwr.edu.pl\/en\/#website"},"primaryImageOfPage":{"@id":"https:\/\/ismb.uwr.edu.pl\/en\/erasmus\/#primaryimage"},"image":{"@id":"https:\/\/ismb.uwr.edu.pl\/en\/erasmus\/#primaryimage"},"thumbnailUrl":"https:\/\/ismb.uwr.edu.pl\/wp-content\/uploads\/sites\/366\/2024\/07\/priscilla-du-preez-XkKCui44iM0-unsplash-1-scaled.jpg","datePublished":"2024-07-23T22:24:03+00:00","dateModified":"2024-09-24T15:55:56+00:00","breadcrumb":{"@id":"https:\/\/ismb.uwr.edu.pl\/en\/erasmus\/#breadcrumb"},"inLanguage":"en-US","potentialAction":[{"@type":"ReadAction","target":["https:\/\/ismb.uwr.edu.pl\/en\/erasmus\/"]}]},{"@type":"ImageObject","inLanguage":"en-US","@id":"https:\/\/ismb.uwr.edu.pl\/en\/erasmus\/#primaryimage","url":"https:\/\/ismb.uwr.edu.pl\/wp-content\/uploads\/sites\/366\/2024\/07\/priscilla-du-preez-XkKCui44iM0-unsplash-1-scaled.jpg","contentUrl":"https:\/\/ismb.uwr.edu.pl\/wp-content\/uploads\/sites\/366\/2024\/07\/priscilla-du-preez-XkKCui44iM0-unsplash-1-scaled.jpg","width":2560,"height":1707,"caption":"Fot. Priscilla du Preez\/ Unsplash"},{"@type":"BreadcrumbList","@id":"https:\/\/ismb.uwr.edu.pl\/en\/erasmus\/#breadcrumb","itemListElement":[{"@type":"ListItem","position":1,"name":"Strona g\u0142\u00f3wna","item":"https:\/\/ismb.uwr.edu.pl\/en\/"},{"@type":"ListItem","position":2,"name":"Erasmus+"}]},{"@type":"WebSite","@id":"https:\/\/ismb.uwr.edu.pl\/en\/#website","url":"https:\/\/ismb.uwr.edu.pl\/en\/","name":"Instytut Studi\u00f3w Mi\u0119dzynarodowych i Bezpiecze\u0144stwa","description":"Kolejna witryna sieci \u201eUWR Witryny\u201d","publisher":{"@id":"https:\/\/ismb.uwr.edu.pl\/en\/#organization"},"potentialAction":[{"@type":"SearchAction","target":{"@type":"EntryPoint","urlTemplate":"https:\/\/ismb.uwr.edu.pl\/en\/?s={search_term_string}"},"query-input":{"@type":"PropertyValueSpecification","valueRequired":true,"valueName":"search_term_string"}}],"inLanguage":"en-US"},{"@type":"Organization","@id":"https:\/\/ismb.uwr.edu.pl\/en\/#organization","name":"Instytut Studi\u00f3w Mi\u0119dzynarodowych i Bezpiecze\u0144stwa","url":"https:\/\/ismb.uwr.edu.pl\/en\/","logo":{"@type":"ImageObject","inLanguage":"en-US","@id":"https:\/\/ismb.uwr.edu.pl\/en\/#\/schema\/logo\/image\/","url":"https:\/\/ismb.uwr.edu.pl\/wp-content\/uploads\/sites\/366\/2025\/10\/UWr-logotyp-2025.png","contentUrl":"https:\/\/ismb.uwr.edu.pl\/wp-content\/uploads\/sites\/366\/2025\/10\/UWr-logotyp-2025.png","width":764,"height":269,"caption":"Instytut Studi\u00f3w Mi\u0119dzynarodowych i Bezpiecze\u0144stwa"},"image":{"@id":"https:\/\/ismb.uwr.edu.pl\/en\/#\/schema\/logo\/image\/"}}]}},"publishpress_future_action":{"enabled":false,"date":"2026-04-22 07:33:01","action":"change-status","newStatus":"draft","terms":[],"taxonomy":"category","extraData":[]},"publishpress_future_workflow_manual_trigger":{"enabledWorkflows":[]},"_links":{"self":[{"href":"https:\/\/ismb.uwr.edu.pl\/en\/wp-json\/wp\/v2\/pages\/35540\/"}],"collection":[{"href":"https:\/\/ismb.uwr.edu.pl\/en\/wp-json\/wp\/v2\/pages\/"}],"about":[{"href":"https:\/\/ismb.uwr.edu.pl\/en\/wp-json\/wp\/v2\/types\/page\/"}],"author":[{"embeddable":true,"href":"https:\/\/ismb.uwr.edu.pl\/en\/wp-json\/wp\/v2\/users\/1536\/"}],"replies":[{"embeddable":true,"href":"https:\/\/ismb.uwr.edu.pl\/en\/wp-json\/wp\/v2\/comments\/?post=35540"}],"version-history":[{"count":4,"href":"https:\/\/ismb.uwr.edu.pl\/en\/wp-json\/wp\/v2\/pages\/35540\/revisions\/"}],"predecessor-version":[{"id":36290,"href":"https:\/\/ismb.uwr.edu.pl\/en\/wp-json\/wp\/v2\/pages\/35540\/revisions\/36290\/"}],"wp:featuredmedia":[{"embeddable":true,"href":"https:\/\/ismb.uwr.edu.pl\/en\/wp-json\/wp\/v2\/media\/35543\/"}],"wp:attachment":[{"href":"https:\/\/ismb.uwr.edu.pl\/en\/wp-json\/wp\/v2\/media\/?parent=35540"}],"wp:term":[{"taxonomy":"category","embeddable":true,"href":"https:\/\/ismb.uwr.edu.pl\/en\/wp-json\/wp\/v2\/categories\/?post=35540"},{"taxonomy":"post_tag","embeddable":true,"href":"https:\/\/ismb.uwr.edu.pl\/en\/wp-json\/wp\/v2\/tags\/?post=35540"}],"curies":[{"name":"wp","href":"https:\/\/api.w.org\/{rel}","templated":true}]}}