{"id":35570,"date":"2024-07-24T01:20:48","date_gmt":"2024-07-23T23:20:48","guid":{"rendered":"https:\/\/ismb.uwr.edu.pl\/?page_id=35570"},"modified":"2024-09-24T15:51:02","modified_gmt":"2024-09-24T13:51:02","slug":"erasmus-incoming","status":"publish","type":"page","link":"https:\/\/ismb.uwr.edu.pl\/en\/erasmus\/erasmus-incoming\/","title":{"rendered":"Erasmus + Exchange"},"content":{"rendered":"\n<h1 class=\"wp-block-heading\">Bilateral agreements exchange (incoming)<\/h1>\n\n\n\n<p>Information for outgoing students<\/p>\n\n\n\n<h4 class=\"wp-block-heading has-text-align-center\"><strong>BEFORE MOBILITY<\/strong><\/h4>\n\n\n\n<ol class=\"wp-block-list\">\n<li><strong>Check available courses at the Institute<\/strong><strong>&nbsp;of International and Security Studies:<\/strong><\/li>\n<\/ol>\n\n\n\n<p>BA and MA International Relations Global Studies courses and timetables are available here: <\/p>\n\n\n\n<p>Courses:<a href=\"https:\/\/ismb.uwr.edu.pl\/en\/erasmus\/erasmus-outgoing\/courses\/\" target=\"_blank\" rel=\"noreferrer noopener\"> https:\/\/ismb.uwr.edu.pl\/en\/erasmus\/erasmus-outgoing\/courses\/ <\/a><\/p>\n\n\n\n<p>Schedules: <a href=\"https:\/\/ismb.uwr.edu.pl\/en\/schedules\/\">Schedules &#8211; Institute of International and Security Studies (uwr.edu.pl)<\/a><\/p>\n\n\n\n<p>The availability of some courses might change at the beginning of the academic year; please follow the links. <br>Semesters 1, 3, and 5 are winter, and 2, 4, and 6 are summer ones.<\/p>\n\n\n\n<ul class=\"wp-block-list\">\n<li>Additional links to check courses:\n<ul class=\"wp-block-list\">\n<li><a href=\"https:\/\/gs.uni.wroc.pl\/emgs-wroclaw\/emgs-courses-wroclaw\">https:\/\/gs.uni.wroc.pl\/emgs-wroclaw\/emgs-courses-wroclaw<\/a><\/li>\n\n\n\n<li><a href=\"https:\/\/drive.google.com\/drive\/folders\/1wj3Cw6Z1jRzWekjHt5TRLw-WvMz5yYO5\">https:\/\/drive.google.com\/drive\/folders\/1wj3Cw6Z1jRzWekjHt5TRLw-WvMz5yYO5<\/a><\/li>\n\n\n\n<li><a href=\"https:\/\/international.uni.wroc.pl\">https:\/\/international.uni.w<\/a><a href=\"https:\/\/international.uni.wroc.pl\/en\/admission-full-degree-studies\/programmes-english\/international-relations-global-studies-13\">pl\/en\/admission-full-degree-studies\/programmes-english\/international-relations-global-studies-13<\/a><\/li>\n<\/ul>\n<\/li>\n\n\n\n<li>If you have any questions concerning the courses from the BA\/MA level, don&#8217;t hesitate to get in touch with the following:\n<ul class=\"wp-block-list\">\n<li>BA Coordinator, Dr. Marcin Koczan:&nbsp; <a href=\"mailto:marcin.koczan@uwr.edu.pl\">marcin.koczan@uwr.edu.pl<\/a><\/li>\n\n\n\n<li>MA Coordinator, Dr. \u0141ukasz Fija\u0142kowski:&nbsp; <a href=\"mailto:lukasz.fijalkowski@uwr.edu.pl\">lukasz.fijalkowski@uwr.edu.pl<\/a><\/li>\n<\/ul>\n<\/li>\n<\/ul>\n\n\n\n<ol start=\"2\" class=\"wp-block-list\">\n<li><strong>Choosing courses:<\/strong><\/li>\n<\/ol>\n\n\n\n<ul class=\"wp-block-list\">\n<li><strong>Preparing your Learning Agreement (LA) and changes to Learning Agreement (chLA<\/strong>) is done via your account at&nbsp;<a href=\"https:\/\/international-applications.uni.wroc.pl\/login\">https:\/\/international-applications.uni.wroc.pl\/login<\/a>.&nbsp;<\/li>\n\n\n\n<li>The Erasmus + Coordinator will electronically sign your LA and Changes to LA via the above website. Just remember to click the button &#8220;notify coordinator&#8221;.&nbsp;&nbsp;Please get in touch with the International Office directly for any technical problems (ex., you do not see the button to notify the coordinator). They will help you :).<\/li>\n\n\n\n<li>Please remember that you should take courses from the appropriate level (if you are a BA, you chose BA). The same rule applies to Master&#8217;s students. Choose courses only from the MA program. Please do not mix levels.&nbsp;<\/li>\n\n\n\n<li>If you are interested in courses from other institutes at the Faculty of Social Sciences, please write to the appropriate coordinator:&nbsp;<a href=\"https:\/\/international.uni.wroc.pl\/en\/incoming-exchange-students\/erasmus-exchange\/exchange-coordinators?field_coordinator_type_value=IN&amp;field_faculty_links_list=118\">Exchange Coordinators | International Office (uni.wroc.pl)<\/a><\/li>\n<\/ul>\n\n\n\n<h4 class=\"wp-block-heading has-text-align-center\"><strong>DURING MOBILITY<\/strong><\/h4>\n\n\n\n<ol class=\"wp-block-list\">\n<li><strong>&nbsp;Courses enrolment\/registration &amp; USOS system<\/strong><\/li>\n<\/ol>\n\n\n\n<p><strong>Courses visible in the USOS system<\/strong><\/p>\n\n\n\n<ul class=\"wp-block-list\">\n<li>Course registration is made via the USOS system based on your Learning Agreement (LA).<\/li>\n\n\n\n<li>All or a part of courses from your Learning Agreement will appear on your USOS accounts. In this case, you do not need to register. Please check the courses and compare them with your LA signed by the Institute of International and Security Studies (ISMB). Courses should be visible in the USOS by the end of September.<\/li>\n\n\n\n<li>In the USOS system, you can find courses only from the International Relations &#8211; Global Studies program.<\/li>\n<\/ul>\n\n\n\n<p><strong>Courses that are not visible in the USOS system &amp; registration<\/strong><\/p>\n\n\n\n<p>However, if there are no courses in the USOS system that were in your Learning Agreement, then you should register for them. In the USOS system, you can find the tab that leads you to the courses held at the Institute of International and Security Studies (ISMB). Please register for the courses you choose in your Learning Agreement (from the International Relations \u2013 Global Studies program) submitted to the ISMB at the University of Wroclaw.<\/p>\n\n\n\n<p>Registration for courses at ISMB usually starts at the end of September\/beginning of October (for the winter semester) and in mid-February (for the summer semester). <strong><em>Information on th<\/em><\/strong><em><strong>e<\/strong> exact date\/time will be sent later in a separate e-mail<\/em>. In case of technical problems with USOS, please get in touch with our ISMB secretary:<\/p>\n\n\n\n<p class=\"has-text-align-left\">Mrs Hanna Kupis-&nbsp; <a href=\"mailto:hanna.kupis@uwr.edu.pl\">hanna.kupis@uwr.edu.pl<\/a><\/p>\n\n\n\n<p class=\"has-text-align-left\">Mr Robert Rogo\u017ca &#8211;&nbsp; <a href=\"mailto:robert.rogoza@uwr.edu.pl\">robert.rogoza@uwr.edu.pl<\/a><\/p>\n\n\n\n<ul class=\"wp-block-list\">\n<li>If you have other courses in your LA that do not belong to the ISMB programs or would like to enrol in courses outside the ISMB, then you need to contact the appropriate Erasmus + Coordinator from other institutes. All email addresses of Coordinators you will find here&nbsp;<a href=\"https:\/\/international.uni.wroc.pl\/en\/incoming-exchange-students\/erasmus-exchange\/exchange-coordinators?field_coordinator_type_value=IN&amp;field_faculty_links_list=118\" target=\"_blank\" rel=\"noreferrer noopener\">Exchange Coordinators | International Office (uni.wroc.pl)<\/a> &nbsp;<\/li>\n\n\n\n<li>Please remember that you can modify your Learning Agreement and prepare changes to LA at the beginning of your mobility.<\/li>\n<\/ul>\n\n\n\n<ul class=\"wp-block-list\">\n<li>Remember&nbsp;to&nbsp;use the e-mail address&nbsp;in the <em>uwr.edu.pl<\/em> domain while contacting administration\/professors.<\/li>\n<\/ul>\n\n\n\n<h4 class=\"wp-block-heading has-text-align-center\"><strong>END of the ERASMUS + MOBILITY<\/strong><\/h4>\n\n\n\n<p>You need to collect your Transcript of Records (ToR) and Certificate at the end of the Erasmus + mobility.&nbsp;<\/p>\n\n\n\n<ol class=\"wp-block-list\">\n<li><strong>Transcript of Records (ToR)<\/strong><\/li>\n<\/ol>\n\n\n\n<ul class=\"wp-block-list\">\n<li><strong><span style=\"margin: 0px; padding: 0px;\">The Dean\u2019s Office will&nbsp;<strong>sign your Transcript of Records<\/strong><\/span>.<\/strong>&nbsp;<\/li>\n\n\n\n<li>To receive the transcript of records, you need to either email the Dean\u2019s Office stating that you need such a document or schedule a visit at&nbsp;<a href=\"https:\/\/wns.uwr.edu.pl\/en\/students\/deans-office\/\">https:\/\/wns.uwr.edu.pl\/en\/students\/deans-office\/.<\/a><\/li>\n\n\n\n<li>Please clarify if you need a transcript from the winter or summer semester of 2024\/25. If it is the ToR of an ongoing semester, please wait until you have all grades.&nbsp;<\/li>\n\n\n\n<li><em><u>Remember that without the signature from the <\/u><\/em><a href=\"https:\/\/wns.uwr.edu.pl\/en\/students\/deans-office\/\" target=\"_blank\" rel=\"noreferrer noopener\"><em>Dean\u2019s Office, <\/em><\/a><em><u>your Transcript is not valid!<\/u><\/em>&nbsp;<\/li>\n\n\n\n<li><strong>Contact to the Deans Office: &nbsp;<\/strong><\/li>\n\n\n\n<li><strong>Karolina Merdas&nbsp;, <\/strong><a href=\"mailto:karolina.merdas@uwr.edu.pl\" target=\"_blank\" rel=\"noreferrer noopener\">karolina.merdas@uwr.edu.pl<\/a>&nbsp;, tel: <strong>71 375 50 98<\/strong> | room: <strong>35&nbsp;<\/strong><\/li>\n<\/ul>\n\n\n\n<p>If you are a student, you must use your University email account only; if not, please use your index number.<\/p>\n\n\n\n<ol start=\"2\" class=\"wp-block-list\">\n<li><strong>Certificate&nbsp;<\/strong><\/li>\n<\/ol>\n\n\n\n<ul class=\"wp-block-list\">\n<li>You can download your&nbsp;<strong>Certificate of attendance&nbsp;<\/strong>from your international application account. &nbsp;<\/li>\n\n\n\n<li>This document has to be approved&nbsp;by&nbsp;the <strong>International Office<\/strong>.<\/li>\n<\/ul>\n\n\n\n<h4 class=\"wp-block-heading has-text-align-center\"><strong>ADDITIONAL INFORMATION for INCOMING STUDENTS<\/strong><\/h4>\n\n\n\n<p><strong>For all administration and technical issues (such as accommodation, financial issues, certificates, etc.), please get in touch with the Erasmus+ or Bilateral Agreement Coordinator from the International Office:<\/strong><\/p>\n\n\n\n<ul class=\"wp-block-list\">\n<li><strong>Erasmus +<\/strong><\/li>\n<\/ul>\n\n\n\n<p><strong>Barbara Pietrzkiewicz<\/strong> <a href=\"mailto:barbara.pietrzkiewicz@uwr.edu.pl\"><strong>barbara.pietrzkiewicz@uwr.edu.pl<\/strong><\/a><\/p>\n\n\n\n<ul class=\"wp-block-list\">\n<li><strong><u>Erasmus + Ukraine &amp; bilateral agreements<\/u><\/strong> <\/li>\n<\/ul>\n\n\n\n<p><strong>Marta B\u0142awat<\/strong> <a href=\"mailto:marta.blawat@uwr.edu.pl\"><strong>marta.blawat@uwr.edu.pl<\/strong><\/a><\/p>\n\n\n\n<ul class=\"wp-block-list\">\n<li><strong>Academic Calendar,<\/strong><strong> <\/strong><a href=\"https:\/\/international.uni.wroc.pl\/en\/current-students\/academic-calendar\">https:\/\/international.uni.wroc.pl\/en\/current-students\/academic-calendar<\/a><\/li>\n\n\n\n<li><strong>Erasmus +Exchange<\/strong>,&nbsp; <a href=\"https:\/\/international.uni.wroc.pl\/en\/incoming-exchange-students\/erasmus-exchange\">https:\/\/international.uni.wroc.pl\/en\/incoming-exchange-students\/erasmus-exchange<\/a><\/li>\n\n\n\n<li><strong>Learning Agreement<\/strong> <a href=\"https:\/\/international.uni.wroc.pl\/en\/incoming-exchange-students\/erasmus-exchange\/learning-agreement\">https:\/\/international.uni.wroc.pl\/en\/incoming-exchange-students\/erasmus-exchange\/learning-agreement<\/a><\/li>\n\n\n\n<li><strong>Useful information on Exchange Students<\/strong> <a href=\"https:\/\/international.uni.wroc.pl\/en\/incoming-exchange-students\/useful-information-exchange-students\">https:\/\/international.uni.wroc.pl\/en\/incoming-exchange-students\/useful-information-exchange-students<\/a><\/li>\n<\/ul>\n\n\n\n<h4 class=\"wp-block-heading has-text-align-center\"><strong>ERASMUS+ COORDINATOR FOR INCOMING STUDENTS <\/strong><br>International Relations &#8211; Global Studies BA&amp;MA<\/h4>\n\n\n\n<p class=\"has-text-align-left\"><strong>dr Anna Jagie\u0142\u0142o-Szostak<\/strong> <a href=\"mailto:anna.jagiello-szostak@uwr.edu.pl\">anna.jagiello-szostak@uwr.edu.pl<\/a><\/p>\n\n\n\n<ul class=\"wp-block-list\">\n<li><\/li>\n<\/ul>\n","protected":false},"excerpt":{"rendered":"<p>Bilateral agreements exchange (incoming) Information for outgoing students BEFORE MOBILITY BA and MA International Relations Global Studies courses and timetables [&hellip;]<\/p>\n","protected":false},"author":1536,"featured_media":0,"parent":35540,"menu_order":2,"comment_status":"closed","ping_status":"closed","template":"","meta":{"_acf_changed":false,"inline_featured_image":false,"site-sidebar-layout":"default","site-content-layout":"","ast-site-content-layout":"default","site-content-style":"default","site-sidebar-style":"default","ast-global-header-display":"","ast-banner-title-visibility":"","ast-main-header-display":"","ast-hfb-above-header-display":"","ast-hfb-below-header-display":"","ast-hfb-mobile-header-display":"","site-post-title":"","ast-breadcrumbs-content":"","ast-featured-img":"","footer-sml-layout":"","ast-disable-related-posts":"","theme-transparent-header-meta":"","adv-header-id-meta":"","stick-header-meta":"","header-above-stick-meta":"","header-main-stick-meta":"","header-below-stick-meta":"","astra-migrate-meta-layouts":"set","ast-page-background-enabled":"default","ast-page-background-meta":{"desktop":{"background-color":"var(--ast-global-color-5)","background-image":"","background-repeat":"repeat","background-position":"center center","background-size":"auto","background-attachment":"scroll","background-type":"","background-media":"","overlay-type":"","overlay-color":"","overlay-opacity":"","overlay-gradient":""},"tablet":{"background-color":"","background-image":"","background-repeat":"repeat","background-position":"center center","background-size":"auto","background-attachment":"scroll","background-type":"","background-media":"","overlay-type":"","overlay-color":"","overlay-opacity":"","overlay-gradient":""},"mobile":{"background-color":"","background-image":"","background-repeat":"repeat","background-position":"center center","background-size":"auto","background-attachment":"scroll","background-type":"","background-media":"","overlay-type":"","overlay-color":"","overlay-opacity":"","overlay-gradient":""}},"ast-content-background-meta":{"desktop":{"background-color":"var(--ast-global-color-4)","background-image":"","background-repeat":"repeat","background-position":"center center","background-size":"auto","background-attachment":"scroll","background-type":"","background-media":"","overlay-type":"","overlay-color":"","overlay-opacity":"","overlay-gradient":""},"tablet":{"background-color":"var(--ast-global-color-4)","background-image":"","background-repeat":"repeat","background-position":"center center","background-size":"auto","background-attachment":"scroll","background-type":"","background-media":"","overlay-type":"","overlay-color":"","overlay-opacity":"","overlay-gradient":""},"mobile":{"background-color":"var(--ast-global-color-4)","background-image":"","background-repeat":"repeat","background-position":"center center","background-size":"auto","background-attachment":"scroll","background-type":"","background-media":"","overlay-type":"","overlay-color":"","overlay-opacity":"","overlay-gradient":""}},"footnotes":""},"categories":[],"tags":[1452,2087,2018],"class_list":["post-35570","page","type-page","status-publish","hentry","tag-erasmus-2","tag-erasmus-4","tag-exchange"],"featured_image_urls_v2":{"full":"","thumbnail":"","medium":"","medium_large":"","large":"","1536x1536":"","2048x2048":"","menu-24x24":"","menu-36x36":"","menu-48x48":""},"post_excerpt_stackable_v2":"<p>Bilateral agreements exchange (incoming) Information for outgoing students BEFORE MOBILITY Check available courses at the Institute&nbsp;of International and Security Studies: BA and MA International Relations Global Studies courses and timetables are available here: Courses: https:\/\/ismb.uwr.edu.pl\/en\/erasmus\/erasmus-outgoing\/courses\/ Schedules: Schedules &#8211; Institute of International and Security Studies (uwr.edu.pl) The availability of some courses might change at the beginning of the academic year; please follow the links. Semesters 1, 3, and 5 are winter, and 2, 4, and 6 are summer ones. Additional links to check courses: https:\/\/gs.uni.wroc.pl\/emgs-wroclaw\/emgs-courses-wroclaw https:\/\/drive.google.com\/drive\/folders\/1wj3Cw6Z1jRzWekjHt5TRLw-WvMz5yYO5 https:\/\/international.uni.wpl\/en\/admission-full-degree-studies\/programmes-english\/international-relations-global-studies-13 If you have any questions concerning the courses from the BA\/MA level, don&#8217;t hesitate&hellip;<\/p>\n","category_list_v2":"Uncategorized","author_info_v2":{"name":"justyna.arendarska@uwr.edu.pl","url":"https:\/\/ismb.uwr.edu.pl\/en\/author\/justyna-arendarskauwr-edu-pl\/"},"comments_num_v2":"0 comments","acf":[],"yoast_head":"<!-- This site is optimized with the Yoast SEO plugin v27.1.1 - https:\/\/yoast.com\/product\/yoast-seo-wordpress\/ -->\n<title>Erasmus + Exchange - Instytut Studi\u00f3w Mi\u0119dzynarodowych i Bezpiecze\u0144stwa<\/title>\n<meta name=\"robots\" content=\"index, follow, max-snippet:-1, max-image-preview:large, max-video-preview:-1\" \/>\n<link rel=\"canonical\" href=\"https:\/\/ismb.uwr.edu.pl\/en\/erasmus\/erasmus-incoming\/\" \/>\n<meta property=\"og:locale\" content=\"en_US\" \/>\n<meta property=\"og:type\" content=\"article\" \/>\n<meta property=\"og:title\" content=\"Erasmus + Exchange - Instytut Studi\u00f3w Mi\u0119dzynarodowych i Bezpiecze\u0144stwa\" \/>\n<meta property=\"og:description\" content=\"Bilateral agreements exchange (incoming) Information for outgoing students BEFORE MOBILITY BA and MA International Relations Global Studies courses and timetables [&hellip;]\" \/>\n<meta property=\"og:url\" content=\"https:\/\/ismb.uwr.edu.pl\/en\/erasmus\/erasmus-incoming\/\" \/>\n<meta property=\"og:site_name\" content=\"Instytut Studi\u00f3w Mi\u0119dzynarodowych i Bezpiecze\u0144stwa\" \/>\n<meta property=\"article:modified_time\" content=\"2024-09-24T13:51:02+00:00\" \/>\n<meta name=\"twitter:card\" content=\"summary_large_image\" \/>\n<meta name=\"twitter:label1\" content=\"Est. reading time\" \/>\n\t<meta name=\"twitter:data1\" content=\"5 minutes\" \/>\n<script type=\"application\/ld+json\" class=\"yoast-schema-graph\">{\"@context\":\"https:\/\/schema.org\",\"@graph\":[{\"@type\":\"WebPage\",\"@id\":\"https:\/\/ismb.uwr.edu.pl\/en\/erasmus\/erasmus-incoming\/\",\"url\":\"https:\/\/ismb.uwr.edu.pl\/en\/erasmus\/erasmus-incoming\/\",\"name\":\"Erasmus + Exchange - Instytut Studi\u00f3w Mi\u0119dzynarodowych i Bezpiecze\u0144stwa\",\"isPartOf\":{\"@id\":\"https:\/\/ismb.uwr.edu.pl\/en\/#website\"},\"datePublished\":\"2024-07-23T23:20:48+00:00\",\"dateModified\":\"2024-09-24T13:51:02+00:00\",\"breadcrumb\":{\"@id\":\"https:\/\/ismb.uwr.edu.pl\/en\/erasmus\/erasmus-incoming\/#breadcrumb\"},\"inLanguage\":\"en-US\",\"potentialAction\":[{\"@type\":\"ReadAction\",\"target\":[\"https:\/\/ismb.uwr.edu.pl\/en\/erasmus\/erasmus-incoming\/\"]}]},{\"@type\":\"BreadcrumbList\",\"@id\":\"https:\/\/ismb.uwr.edu.pl\/en\/erasmus\/erasmus-incoming\/#breadcrumb\",\"itemListElement\":[{\"@type\":\"ListItem\",\"position\":1,\"name\":\"Strona g\u0142\u00f3wna\",\"item\":\"https:\/\/ismb.uwr.edu.pl\/en\/\"},{\"@type\":\"ListItem\",\"position\":2,\"name\":\"Erasmus+\",\"item\":\"https:\/\/ismb.uwr.edu.pl\/en\/erasmus\/\"},{\"@type\":\"ListItem\",\"position\":3,\"name\":\"Erasmus + Exchange\"}]},{\"@type\":\"WebSite\",\"@id\":\"https:\/\/ismb.uwr.edu.pl\/en\/#website\",\"url\":\"https:\/\/ismb.uwr.edu.pl\/en\/\",\"name\":\"Instytut Studi\u00f3w Mi\u0119dzynarodowych i Bezpiecze\u0144stwa\",\"description\":\"Kolejna witryna sieci \u201eUWR Witryny\u201d\",\"publisher\":{\"@id\":\"https:\/\/ismb.uwr.edu.pl\/en\/#organization\"},\"potentialAction\":[{\"@type\":\"SearchAction\",\"target\":{\"@type\":\"EntryPoint\",\"urlTemplate\":\"https:\/\/ismb.uwr.edu.pl\/en\/?s={search_term_string}\"},\"query-input\":{\"@type\":\"PropertyValueSpecification\",\"valueRequired\":true,\"valueName\":\"search_term_string\"}}],\"inLanguage\":\"en-US\"},{\"@type\":\"Organization\",\"@id\":\"https:\/\/ismb.uwr.edu.pl\/en\/#organization\",\"name\":\"Instytut Studi\u00f3w Mi\u0119dzynarodowych i Bezpiecze\u0144stwa\",\"url\":\"https:\/\/ismb.uwr.edu.pl\/en\/\",\"logo\":{\"@type\":\"ImageObject\",\"inLanguage\":\"en-US\",\"@id\":\"https:\/\/ismb.uwr.edu.pl\/en\/#\/schema\/logo\/image\/\",\"url\":\"https:\/\/ismb.uwr.edu.pl\/wp-content\/uploads\/sites\/366\/2025\/10\/UWr-logotyp-2025.png\",\"contentUrl\":\"https:\/\/ismb.uwr.edu.pl\/wp-content\/uploads\/sites\/366\/2025\/10\/UWr-logotyp-2025.png\",\"width\":764,\"height\":269,\"caption\":\"Instytut Studi\u00f3w Mi\u0119dzynarodowych i Bezpiecze\u0144stwa\"},\"image\":{\"@id\":\"https:\/\/ismb.uwr.edu.pl\/en\/#\/schema\/logo\/image\/\"}}]}<\/script>\n<!-- \/ Yoast SEO plugin. -->","yoast_head_json":{"title":"Erasmus + Exchange - Instytut Studi\u00f3w Mi\u0119dzynarodowych i Bezpiecze\u0144stwa","robots":{"index":"index","follow":"follow","max-snippet":"max-snippet:-1","max-image-preview":"max-image-preview:large","max-video-preview":"max-video-preview:-1"},"canonical":"https:\/\/ismb.uwr.edu.pl\/en\/erasmus\/erasmus-incoming\/","og_locale":"en_US","og_type":"article","og_title":"Erasmus + Exchange - Instytut Studi\u00f3w Mi\u0119dzynarodowych i Bezpiecze\u0144stwa","og_description":"Bilateral agreements exchange (incoming) Information for outgoing students BEFORE MOBILITY BA and MA International Relations Global Studies courses and timetables [&hellip;]","og_url":"https:\/\/ismb.uwr.edu.pl\/en\/erasmus\/erasmus-incoming\/","og_site_name":"Instytut Studi\u00f3w Mi\u0119dzynarodowych i Bezpiecze\u0144stwa","article_modified_time":"2024-09-24T13:51:02+00:00","twitter_card":"summary_large_image","twitter_misc":{"Est. reading time":"5 minutes"},"schema":{"@context":"https:\/\/schema.org","@graph":[{"@type":"WebPage","@id":"https:\/\/ismb.uwr.edu.pl\/en\/erasmus\/erasmus-incoming\/","url":"https:\/\/ismb.uwr.edu.pl\/en\/erasmus\/erasmus-incoming\/","name":"Erasmus + Exchange - Instytut Studi\u00f3w Mi\u0119dzynarodowych i Bezpiecze\u0144stwa","isPartOf":{"@id":"https:\/\/ismb.uwr.edu.pl\/en\/#website"},"datePublished":"2024-07-23T23:20:48+00:00","dateModified":"2024-09-24T13:51:02+00:00","breadcrumb":{"@id":"https:\/\/ismb.uwr.edu.pl\/en\/erasmus\/erasmus-incoming\/#breadcrumb"},"inLanguage":"en-US","potentialAction":[{"@type":"ReadAction","target":["https:\/\/ismb.uwr.edu.pl\/en\/erasmus\/erasmus-incoming\/"]}]},{"@type":"BreadcrumbList","@id":"https:\/\/ismb.uwr.edu.pl\/en\/erasmus\/erasmus-incoming\/#breadcrumb","itemListElement":[{"@type":"ListItem","position":1,"name":"Strona g\u0142\u00f3wna","item":"https:\/\/ismb.uwr.edu.pl\/en\/"},{"@type":"ListItem","position":2,"name":"Erasmus+","item":"https:\/\/ismb.uwr.edu.pl\/en\/erasmus\/"},{"@type":"ListItem","position":3,"name":"Erasmus + Exchange"}]},{"@type":"WebSite","@id":"https:\/\/ismb.uwr.edu.pl\/en\/#website","url":"https:\/\/ismb.uwr.edu.pl\/en\/","name":"Instytut Studi\u00f3w Mi\u0119dzynarodowych i Bezpiecze\u0144stwa","description":"Kolejna witryna sieci \u201eUWR Witryny\u201d","publisher":{"@id":"https:\/\/ismb.uwr.edu.pl\/en\/#organization"},"potentialAction":[{"@type":"SearchAction","target":{"@type":"EntryPoint","urlTemplate":"https:\/\/ismb.uwr.edu.pl\/en\/?s={search_term_string}"},"query-input":{"@type":"PropertyValueSpecification","valueRequired":true,"valueName":"search_term_string"}}],"inLanguage":"en-US"},{"@type":"Organization","@id":"https:\/\/ismb.uwr.edu.pl\/en\/#organization","name":"Instytut Studi\u00f3w Mi\u0119dzynarodowych i Bezpiecze\u0144stwa","url":"https:\/\/ismb.uwr.edu.pl\/en\/","logo":{"@type":"ImageObject","inLanguage":"en-US","@id":"https:\/\/ismb.uwr.edu.pl\/en\/#\/schema\/logo\/image\/","url":"https:\/\/ismb.uwr.edu.pl\/wp-content\/uploads\/sites\/366\/2025\/10\/UWr-logotyp-2025.png","contentUrl":"https:\/\/ismb.uwr.edu.pl\/wp-content\/uploads\/sites\/366\/2025\/10\/UWr-logotyp-2025.png","width":764,"height":269,"caption":"Instytut Studi\u00f3w Mi\u0119dzynarodowych i Bezpiecze\u0144stwa"},"image":{"@id":"https:\/\/ismb.uwr.edu.pl\/en\/#\/schema\/logo\/image\/"}}]}},"publishpress_future_action":{"enabled":false,"date":"2026-04-22 07:48:27","action":"change-status","newStatus":"draft","terms":[],"taxonomy":"category","extraData":[]},"publishpress_future_workflow_manual_trigger":{"enabledWorkflows":[]},"_links":{"self":[{"href":"https:\/\/ismb.uwr.edu.pl\/en\/wp-json\/wp\/v2\/pages\/35570\/"}],"collection":[{"href":"https:\/\/ismb.uwr.edu.pl\/en\/wp-json\/wp\/v2\/pages\/"}],"about":[{"href":"https:\/\/ismb.uwr.edu.pl\/en\/wp-json\/wp\/v2\/types\/page\/"}],"author":[{"embeddable":true,"href":"https:\/\/ismb.uwr.edu.pl\/en\/wp-json\/wp\/v2\/users\/1536\/"}],"replies":[{"embeddable":true,"href":"https:\/\/ismb.uwr.edu.pl\/en\/wp-json\/wp\/v2\/comments\/?post=35570"}],"version-history":[{"count":11,"href":"https:\/\/ismb.uwr.edu.pl\/en\/wp-json\/wp\/v2\/pages\/35570\/revisions\/"}],"predecessor-version":[{"id":36257,"href":"https:\/\/ismb.uwr.edu.pl\/en\/wp-json\/wp\/v2\/pages\/35570\/revisions\/36257\/"}],"up":[{"embeddable":true,"href":"https:\/\/ismb.uwr.edu.pl\/en\/wp-json\/wp\/v2\/pages\/35540\/"}],"wp:attachment":[{"href":"https:\/\/ismb.uwr.edu.pl\/en\/wp-json\/wp\/v2\/media\/?parent=35570"}],"wp:term":[{"taxonomy":"category","embeddable":true,"href":"https:\/\/ismb.uwr.edu.pl\/en\/wp-json\/wp\/v2\/categories\/?post=35570"},{"taxonomy":"post_tag","embeddable":true,"href":"https:\/\/ismb.uwr.edu.pl\/en\/wp-json\/wp\/v2\/tags\/?post=35570"}],"curies":[{"name":"wp","href":"https:\/\/api.w.org\/{rel}","templated":true}]}}