{"id":36233,"date":"2024-09-24T15:29:06","date_gmt":"2024-09-24T13:29:06","guid":{"rendered":"https:\/\/ismb.uwr.edu.pl\/?page_id=36233"},"modified":"2025-09-18T15:16:55","modified_gmt":"2025-09-18T13:16:55","slug":"courses","status":"publish","type":"page","link":"https:\/\/ismb.uwr.edu.pl\/en\/erasmus\/courses\/","title":{"rendered":"Courses"},"content":{"rendered":"\n<p><strong>Students have to collect 30 ECTS each semester. Every optional course is granted 4 ECTS.<\/strong><\/p>\n\n\n\n<div class=\"wp-block-stackable-columns stk-block-columns stk-block stk-866b074\" data-block-id=\"866b074\"><div class=\"stk-row stk-inner-blocks stk-block-content stk-content-align stk-866b074-column\">\n<div class=\"wp-block-stackable-column stk-block-column stk-column stk-block stk-4d52765\" data-v=\"4\" data-block-id=\"4d52765\"><div class=\"stk-column-wrapper stk-block-column__content stk-container stk-4d52765-container stk--no-background stk--no-padding\"><div class=\"stk-block-content stk-inner-blocks stk-4d52765-inner-blocks\">\n<div class=\"wp-block-stackable-columns stk-block-columns stk-block stk-302fb8b\" data-block-id=\"302fb8b\"><div class=\"stk-row stk-inner-blocks stk-block-content stk-content-align stk-302fb8b-column\">\n<div class=\"wp-block-stackable-column stk-block-column stk-column stk-block stk-d23f8f4\" data-v=\"4\" data-block-id=\"d23f8f4\"><div class=\"stk-column-wrapper stk-block-column__content stk-container stk-d23f8f4-container stk--no-background stk--no-padding\"><div class=\"stk-block-content stk-inner-blocks stk-d23f8f4-inner-blocks\">\n<h1 class=\"wp-block-heading\">BA PROGRAM in English:<br>INTERNATIONAL RELATIONS<\/h1>\n\n\n\n<h2 class=\"wp-block-heading\">Specialty:&nbsp;<strong>GLOBAL STUDIES<\/strong><\/h2>\n\n\n\n<h3 class=\"wp-block-heading\"><strong>Semester 1<\/strong><\/h3>\n\n\n\n<ul class=\"wp-block-list\">\n<li>History of International Relations \u2013 6 ECTS<\/li>\n\n\n\n<li>Microeconomics \u2013 6 ECTS<\/li>\n\n\n\n<li>Political and Economic Geography \u2013 5 ECTS<\/li>\n\n\n\n<li>Law and State Theory \u2013 6 ECTS<\/li>\n\n\n\n<li>Introduction to Global Studies \u2013 3 ECTS<\/li>\n\n\n\n<li>Modern History of Poland \u2013 3 ECTS<\/li>\n\n\n\n<li>Information Technology \u2013 1 ECTS<\/li>\n\n\n\n<li>Polish Language for Foreigners \/ Translation Course for Polish-speaking Students \u2013 0 ECTS<\/li>\n\n\n\n<li>Health and Safety Training (BHP) \u2013 0 ECTS<\/li>\n<\/ul>\n\n\n\n<h3 class=\"wp-block-heading\"><strong>Semester 2<\/strong><\/h3>\n\n\n\n<ul class=\"wp-block-list\">\n<li>Contemporary International Relations \u2013 6 ECTS<\/li>\n\n\n\n<li>Macroeconomics \u2013 6 ECTS<\/li>\n\n\n\n<li>Contemporary Political Systems \u2013 5 ECTS<\/li>\n\n\n\n<li>History of Political Thought \u2013 2 ECTS<\/li>\n\n\n\n<li>Introduction to Diplomacy \u2013 2 ECTS<\/li>\n\n\n\n<li>Media and Politics \u2013 2 ECTS<\/li>\n\n\n\n<li>Polish Language for Foreigners (A1) \/ Translation Course for Polish-speaking Students \u2013 5 ECTS<\/li>\n\n\n\n<li><strong>Elective (1 out of 2):<\/strong><\/li>\n\n\n\n<li>Intercultural Communication \u2013 2 ECTS<\/li>\n\n\n\n<li>Central European Heritage of Values \u2013 2 ECTS<\/li>\n<\/ul>\n\n\n\n<h2 class=\"wp-block-heading\"><strong>Semester 3<\/strong><\/h2>\n\n\n\n<ul class=\"wp-block-list\">\n<li>Global Political Networks \u2013 6 ECTS<\/li>\n\n\n\n<li>International Economic Relations \u2013 5 ECTS<\/li>\n\n\n\n<li>Public International Law \u2013 5 ECTS<\/li>\n\n\n\n<li>Contemporary Political Thought\u2013 5 ECTS<\/li>\n\n\n\n<li>International Management \u2013 3 ECTS<\/li>\n\n\n\n<li><strong>Elective (1 out of 2):<\/strong><\/li>\n\n\n\n<li>Cultural Security &#8211; 3 ECTS<\/li>\n\n\n\n<li>Regional Security Complex in Central Asia &#8211; 3 ECTS<\/li>\n\n\n\n<li>Fundamentals of Environmental Economics &#8211; 3 ECTS<\/li>\n<\/ul>\n\n\n\n<h3 class=\"wp-block-heading\"><strong>Semester 4<\/strong><\/h3>\n\n\n\n<ul class=\"wp-block-list\">\n<li>International Organisations \u2013 6 ECTS<\/li>\n\n\n\n<li>European Integration &#8211; 7 ECTS<\/li>\n\n\n\n<li>Religions in the Contemporary World &#8211; 5 ECTS<\/li>\n\n\n\n<li>Ethnic Problems and Conflicts \u2013 4 ECTS<\/li>\n\n\n\n<li>Economic Policy \u2013 4 ECTS<\/li>\n\n\n\n<li>Project Management \u2013 4 ECTS<\/li>\n\n\n\n<li>Foreign Language (not Polish \/ SPNJO) &#8211; 0 ECTS<\/li>\n\n\n\n<li>Physical Education\u2013 0 ECTS<\/li>\n<\/ul>\n\n\n\n<h3 class=\"wp-block-heading\"><strong>Semester 5<\/strong><\/h3>\n\n\n\n<ul class=\"wp-block-list\">\n<li>Foreign Policy of the European Union and Member States \u2013 6 ECTS<\/li>\n\n\n\n<li>International Cultural Relations \u2013 4 ECTS<\/li>\n\n\n\n<li>Foreign Language (not Polish \/ SPNJO) \u2013 0 ECTS<\/li>\n\n\n\n<li>Bachelor Seminar 1 \u2013 4 ECTS<\/li>\n\n\n\n<li>Physical Education \u2013 0 ECTS<\/li>\n\n\n\n<li><strong>Elective courses (choose 4 out of 5, each 4 ECTS):<\/strong><\/li>\n\n\n\n<li>EU Regional Policy<\/li>\n\n\n\n<li>Global Energy Problems<\/li>\n\n\n\n<li>Internet Media Analytics and Research<\/li>\n\n\n\n<li>Introduction to Sustainable Development<\/li>\n\n\n\n<li>US Foreign Policy<\/li>\n<\/ul>\n\n\n\n<h3 class=\"wp-block-heading\"><strong>Semester 6<\/strong><\/h3>\n\n\n\n<ul class=\"wp-block-list\">\n<li>Geopolitics and Geostrategy \u2013 6 ECTS<\/li>\n\n\n\n<li>Foreign Language (not Polish \/ SPNJO, level B2) \u2013 12 ECTS<\/li>\n\n\n\n<li>Bachelor Seminar 2 \u2013 6 ECTS<\/li>\n\n\n\n<li>Elective courses (choose 2 out of 3, each 3 ECTS):<\/li>\n\n\n\n<li>Human Security<\/li>\n\n\n\n<li>Diaspora Diplomacy<\/li>\n\n\n\n<li>Women in International Politics<\/li>\n<\/ul>\n<\/div><\/div><\/div>\n\n\n\n<div class=\"wp-block-stackable-column stk-block-column stk-column stk-block stk-1313397\" data-v=\"4\" data-block-id=\"1313397\"><div class=\"stk-column-wrapper stk-block-column__content stk-container stk-1313397-container stk--no-background stk--no-padding\"><div class=\"stk-block-content stk-inner-blocks stk-1313397-inner-blocks\">\n<h1 class=\"wp-block-heading\">MA PROGRAM in English:<br>INTERNATIONAL RELATIONS<\/h1>\n\n\n\n<h2 class=\"wp-block-heading\">Specialty:&nbsp;<strong>GLOBAL STUDIES<\/strong><\/h2>\n\n\n\n<h3 class=\"wp-block-heading\"><strong>Semester 1<\/strong><\/h3>\n\n\n\n<ul class=\"wp-block-list\">\n<li>Theories of International Relations (8 ECTS)<\/li>\n\n\n\n<li>Globalisation and Regionalisation (8 ECTS)<\/li>\n\n\n\n<li>Development Economics (5 ECTS)<\/li>\n\n\n\n<li>Methodology of Social Sciences and Academic Writing (5 ECTS)<\/li>\n\n\n\n<li>International Environmental Protection (4 ECTS)<\/li>\n\n\n\n<li>Polish Language for foreigners \/ Translation Course for Polish-speaking Students (0 ECTS)<\/li>\n\n\n\n<li>Health and Safety Training (0 ECTS)<\/li>\n\n\n\n<li><strong>Obligatory for Erasmus Mundus only: EMGS Winter School &#8211; 4 ECTS<\/strong><\/li>\n\n\n\n<li><strong>Elective Workshops for MA, Erasmus Mundus, Erasmus+, Double Degree: Workshops of Visiting Scholars &#8211; 2 ECTS<\/strong><\/li>\n<\/ul>\n\n\n\n<h3 class=\"wp-block-heading\"><strong>Semester 2<\/strong><\/h3>\n\n\n\n<ul class=\"wp-block-list\">\n<li>International Economic Transactions (8 ECTS)<\/li>\n\n\n\n<li>International Migrations and Immigrant Integration (6 ECTS)<\/li>\n\n\n\n<li>International Forecasts and Simulations (5 ECTS)<\/li>\n\n\n\n<li>Polish Language for foreigners (level&nbsp;A1) \/ Translation Course for Polish-speaking Students (5 ECTS)<\/li>\n\n\n\n<li>Individual Master Seminar 1 (2 ECTS)<\/li>\n\n\n\n<li><strong>Elective Courses (4 ECTS) 1 out of 4:<\/strong><\/li>\n\n\n\n<li>Special Services in International Relations<\/li>\n\n\n\n<li>Balkans in International Relations<\/li>\n\n\n\n<li>Middle East in International Relations<\/li>\n\n\n\n<li>Sub-Saharan Africa in International Relations<\/li>\n\n\n\n<li><strong>Obligatory for Erasmus Mundus only: EMGS Summer School &#8211; 4 ECTS<\/strong><\/li>\n\n\n\n<li><strong>Elective Workshops for MA, Erasmus Mundus, Erasmus+, Double Degree: <\/strong><\/li>\n\n\n\n<li>Securitisation: A Framework for Security Analysis &#8211; 2 ECTS<\/li>\n\n\n\n<li>The Global South in International Relations &#8211; 2 ECTS<\/li>\n\n\n\n<li>Workshops of Visiting Scholars &#8211; 2 ECTS<\/li>\n<\/ul>\n\n\n\n<h3 class=\"wp-block-heading\"><strong>Semester 3<\/strong><\/h3>\n\n\n\n<ul class=\"wp-block-list\">\n<li>International Security (8 ECTS)<\/li>\n\n\n\n<li>Genesis and Evolution of Human Rights (5 ECTS)<\/li>\n\n\n\n<li>Governing Europe (5 ECTS)<\/li>\n\n\n\n<li>Foreign Language (not Polish \/ SPNJO, level B2+) (4 ECTS)<\/li>\n\n\n\n<li>Individual Master Seminar 2 (2 ECTS)<\/li>\n\n\n\n<li><strong>Elective Courses (4 ECTS each):<\/strong><\/li>\n\n\n\n<li>Hybrid and Transnational Threats in Euroatlantic and Indo-Pacific Regions<\/li>\n\n\n\n<li>Cold War and the Process of Transformation in Central and Eastern Europe<\/li>\n\n\n\n<li>Soft Power and Public Diplomacy<\/li>\n\n\n\n<li>Religious Fundamentalism in the Contemporary World<\/li>\n\n\n\n<li>International Social Policy<\/li>\n\n\n\n<li>Economic Diplomacy and Statecraft<\/li>\n\n\n\n<li><strong>Obligatory for Erasmus Mundus only: EMGS Winter School 4 ECTS<\/strong><\/li>\n\n\n\n<li><strong>Elective Workshops for MA, Erasmus Mundus, Erasmus+, Double Degree: (2 ECTS each)<\/strong><\/li>\n\n\n\n<li>Sustainable Development<\/li>\n\n\n\n<li>Workshops of Visiting Scholars<\/li>\n<\/ul>\n\n\n\n<h3 class=\"wp-block-heading\"><strong>Semester 4<\/strong><\/h3>\n\n\n\n<ul class=\"wp-block-list\">\n<li>Strategic Culture (4 ECTS)<\/li>\n\n\n\n<li>Individual Master Seminar 3 (20 ECTS)<\/li>\n\n\n\n<li><strong>Elective Courses (4 ECTS):<\/strong><\/li>\n\n\n\n<li>Special Services in International Relations<\/li>\n\n\n\n<li>Balkans in International Relations<\/li>\n\n\n\n<li>Middle East in International Relations<\/li>\n\n\n\n<li>Sub-Saharan Africa in International Relations<\/li>\n\n\n\n<li><strong>Elective Workshops for MA, Erasmus Mundus, Erasmus+, Double Degree:<\/strong> (2 ECTS each)<\/li>\n\n\n\n<li>Securitisation: A Framework for Security Analysis<\/li>\n\n\n\n<li>The Global South in International Relations<\/li>\n\n\n\n<li>Workshops of Visiting Scholars<\/li>\n<\/ul>\n<\/div><\/div><\/div>\n<\/div><\/div>\n<\/div><\/div><\/div>\n<\/div><\/div>\n\n\n\n<h2 class=\"wp-block-heading\">Courses for students who started their studies in the academic year 2023\/2024 and earlier<\/h2>\n\n\n\n<div class=\"wp-block-stackable-columns stk-block-columns stk-block stk-5241627\" data-block-id=\"5241627\"><div class=\"stk-row stk-inner-blocks stk-block-content stk-content-align stk-5241627-column\">\n<div class=\"wp-block-stackable-column stk-block-column stk-column stk-block stk-a27508e\" data-v=\"4\" data-block-id=\"a27508e\"><div class=\"stk-column-wrapper stk-block-column__content stk-container stk-a27508e-container stk--no-background stk--no-padding\"><div class=\"stk-block-content stk-inner-blocks stk-a27508e-inner-blocks\">\n<p>BA PROGRAM in English: INTERNATIONAL RELATIONS<\/p>\n\n\n\n<h2 class=\"wp-block-heading\"><strong>Semester 5 <\/strong><\/h2>\n\n\n\n<ul class=\"wp-block-list\">\n<li>Regional Policy \u2013 <strong>5 ECTS<\/strong><\/li>\n\n\n\n<li>Internet Media Analytics and Research \u2013 <strong>4 ECTS<\/strong><\/li>\n\n\n\n<li>Fundamentals of Environmental Economics \u2013 <strong>4 ECTS<\/strong><\/li>\n\n\n\n<li>Human Security \u2013 <strong>4 ECTS<\/strong><\/li>\n\n\n\n<li>Global Energy Problems \u2013 <strong>4 ECTS<\/strong><\/li>\n\n\n\n<li>Global Cities \u2013 <strong>3 ECTS<\/strong><\/li>\n\n\n\n<li>Introduction to Game Theory \u2013 <strong>3 ECTS<\/strong><\/li>\n\n\n\n<li>Individual Bachelor Seminar 1 \u2013 <strong>3 ECTS<\/strong><\/li>\n<\/ul>\n\n\n\n<hr class=\"wp-block-separator has-alpha-channel-opacity\"\/>\n\n\n\n<h2 class=\"wp-block-heading\"><strong>Semester 6<\/strong><\/h2>\n\n\n\n<ul class=\"wp-block-list\">\n<li>Geopolitics \u2013 <strong>6 ECTS<\/strong><\/li>\n\n\n\n<li>Religions in the Contemporary World \u2013 <strong>6 ECTS<\/strong><\/li>\n\n\n\n<li>International Cultural Relations \u2013 <strong>5 ECTS<\/strong><\/li>\n\n\n\n<li>Foreign Language (SPNJO, B1 level) \u2013 <strong>4 ECTS<\/strong><\/li>\n\n\n\n<li>Individual Bachelor Seminar 2 \u2013 <strong>3 ECTS<\/strong><\/li>\n\n\n\n<li>Bachelor Exam \/ Bachelor Dissertation \u2013 <strong>6 ECTS<\/strong><\/li>\n<\/ul>\n<\/div><\/div><\/div>\n\n\n\n<div class=\"wp-block-stackable-column stk-block-column stk-column stk-block stk-f286915\" data-v=\"4\" data-block-id=\"f286915\"><div class=\"stk-column-wrapper stk-block-column__content stk-container stk-f286915-container stk--no-background stk--no-padding\"><div class=\"stk-block-content stk-inner-blocks stk-f286915-inner-blocks\">\n<p><\/p>\n<\/div><\/div><\/div>\n<\/div><\/div>\n\n\n\n<p><\/p>\n","protected":false},"excerpt":{"rendered":"<p>Students have to collect 30 ECTS each semester. Every optional course is granted 4 ECTS. BA PROGRAM in English:INTERNATIONAL RELATIONS [&hellip;]<\/p>\n","protected":false},"author":1536,"featured_media":0,"parent":35540,"menu_order":0,"comment_status":"closed","ping_status":"closed","template":"","meta":{"_acf_changed":false,"inline_featured_image":false,"site-sidebar-layout":"default","site-content-layout":"","ast-site-content-layout":"default","site-content-style":"default","site-sidebar-style":"default","ast-global-header-display":"","ast-banner-title-visibility":"","ast-main-header-display":"","ast-hfb-above-header-display":"","ast-hfb-below-header-display":"","ast-hfb-mobile-header-display":"","site-post-title":"","ast-breadcrumbs-content":"","ast-featured-img":"","footer-sml-layout":"","ast-disable-related-posts":"","theme-transparent-header-meta":"","adv-header-id-meta":"","stick-header-meta":"","header-above-stick-meta":"","header-main-stick-meta":"","header-below-stick-meta":"","astra-migrate-meta-layouts":"set","ast-page-background-enabled":"default","ast-page-background-meta":{"desktop":{"background-color":"var(--ast-global-color-5)","background-image":"","background-repeat":"repeat","background-position":"center center","background-size":"auto","background-attachment":"scroll","background-type":"","background-media":"","overlay-type":"","overlay-color":"","overlay-opacity":"","overlay-gradient":""},"tablet":{"background-color":"","background-image":"","background-repeat":"repeat","background-position":"center center","background-size":"auto","background-attachment":"scroll","background-type":"","background-media":"","overlay-type":"","overlay-color":"","overlay-opacity":"","overlay-gradient":""},"mobile":{"background-color":"","background-image":"","background-repeat":"repeat","background-position":"center center","background-size":"auto","background-attachment":"scroll","background-type":"","background-media":"","overlay-type":"","overlay-color":"","overlay-opacity":"","overlay-gradient":""}},"ast-content-background-meta":{"desktop":{"background-color":"var(--ast-global-color-4)","background-image":"","background-repeat":"repeat","background-position":"center center","background-size":"auto","background-attachment":"scroll","background-type":"","background-media":"","overlay-type":"","overlay-color":"","overlay-opacity":"","overlay-gradient":""},"tablet":{"background-color":"var(--ast-global-color-4)","background-image":"","background-repeat":"repeat","background-position":"center center","background-size":"auto","background-attachment":"scroll","background-type":"","background-media":"","overlay-type":"","overlay-color":"","overlay-opacity":"","overlay-gradient":""},"mobile":{"background-color":"var(--ast-global-color-4)","background-image":"","background-repeat":"repeat","background-position":"center center","background-size":"auto","background-attachment":"scroll","background-type":"","background-media":"","overlay-type":"","overlay-color":"","overlay-opacity":"","overlay-gradient":""}},"footnotes":""},"categories":[],"tags":[2183,2198,2075,2204,2078,1461],"class_list":["post-36233","page","type-page","status-publish","hentry","tag-ba-en","tag-courses","tag-global-studies-2","tag-international-relations-2","tag-ma-2","tag-master-2"],"featured_image_urls_v2":{"full":"","thumbnail":"","medium":"","medium_large":"","large":"","1536x1536":"","2048x2048":"","menu-24x24":"","menu-36x36":"","menu-48x48":""},"post_excerpt_stackable_v2":"<p>Students have to collect 30 ECTS each semester. Every optional course is granted 4 ECTS. BA PROGRAM in English:INTERNATIONAL RELATIONS Specialty:&nbsp;GLOBAL STUDIES Semester 1 History of International Relations \u2013 6 ECTS Microeconomics \u2013 6 ECTS Political and Economic Geography \u2013 5 ECTS Law and State Theory \u2013 6 ECTS Introduction to Global Studies \u2013 3 ECTS Modern History of Poland \u2013 3 ECTS Information Technology \u2013 1 ECTS Polish Language for Foreigners \/ Translation Course for Polish-speaking Students \u2013 0 ECTS Health and Safety Training (BHP) \u2013 0 ECTS Semester 2 Contemporary International Relations \u2013 6 ECTS Macroeconomics \u2013 6&hellip;<\/p>\n","category_list_v2":"Uncategorized","author_info_v2":{"name":"justyna.arendarska@uwr.edu.pl","url":"https:\/\/ismb.uwr.edu.pl\/en\/author\/justyna-arendarskauwr-edu-pl\/"},"comments_num_v2":"0 comments","acf":[],"yoast_head":"<!-- This site is optimized with the Yoast SEO plugin v27.1.1 - https:\/\/yoast.com\/product\/yoast-seo-wordpress\/ -->\n<title>Courses - Instytut Studi\u00f3w Mi\u0119dzynarodowych i Bezpiecze\u0144stwa<\/title>\n<meta name=\"robots\" content=\"index, follow, max-snippet:-1, max-image-preview:large, max-video-preview:-1\" \/>\n<link rel=\"canonical\" href=\"https:\/\/ismb.uwr.edu.pl\/en\/erasmus\/courses\/\" \/>\n<meta property=\"og:locale\" content=\"en_US\" \/>\n<meta property=\"og:type\" content=\"article\" \/>\n<meta property=\"og:title\" content=\"Courses - Instytut Studi\u00f3w Mi\u0119dzynarodowych i Bezpiecze\u0144stwa\" \/>\n<meta property=\"og:description\" content=\"Students have to collect 30 ECTS each semester. Every optional course is granted 4 ECTS. BA PROGRAM in English:INTERNATIONAL RELATIONS [&hellip;]\" \/>\n<meta property=\"og:url\" content=\"https:\/\/ismb.uwr.edu.pl\/en\/erasmus\/courses\/\" \/>\n<meta property=\"og:site_name\" content=\"Instytut Studi\u00f3w Mi\u0119dzynarodowych i Bezpiecze\u0144stwa\" \/>\n<meta property=\"article:modified_time\" content=\"2025-09-18T13:16:55+00:00\" \/>\n<meta name=\"twitter:card\" content=\"summary_large_image\" \/>\n<meta name=\"twitter:label1\" content=\"Est. reading time\" \/>\n\t<meta name=\"twitter:data1\" content=\"5 minutes\" \/>\n<script type=\"application\/ld+json\" class=\"yoast-schema-graph\">{\"@context\":\"https:\/\/schema.org\",\"@graph\":[{\"@type\":\"WebPage\",\"@id\":\"https:\/\/ismb.uwr.edu.pl\/en\/erasmus\/courses\/\",\"url\":\"https:\/\/ismb.uwr.edu.pl\/en\/erasmus\/courses\/\",\"name\":\"Courses - Instytut Studi\u00f3w Mi\u0119dzynarodowych i Bezpiecze\u0144stwa\",\"isPartOf\":{\"@id\":\"https:\/\/ismb.uwr.edu.pl\/en\/#website\"},\"datePublished\":\"2024-09-24T13:29:06+00:00\",\"dateModified\":\"2025-09-18T13:16:55+00:00\",\"breadcrumb\":{\"@id\":\"https:\/\/ismb.uwr.edu.pl\/en\/erasmus\/courses\/#breadcrumb\"},\"inLanguage\":\"en-US\",\"potentialAction\":[{\"@type\":\"ReadAction\",\"target\":[\"https:\/\/ismb.uwr.edu.pl\/en\/erasmus\/courses\/\"]}]},{\"@type\":\"BreadcrumbList\",\"@id\":\"https:\/\/ismb.uwr.edu.pl\/en\/erasmus\/courses\/#breadcrumb\",\"itemListElement\":[{\"@type\":\"ListItem\",\"position\":1,\"name\":\"Strona g\u0142\u00f3wna\",\"item\":\"https:\/\/ismb.uwr.edu.pl\/en\/\"},{\"@type\":\"ListItem\",\"position\":2,\"name\":\"Erasmus+\",\"item\":\"https:\/\/ismb.uwr.edu.pl\/en\/erasmus\/\"},{\"@type\":\"ListItem\",\"position\":3,\"name\":\"Courses\"}]},{\"@type\":\"WebSite\",\"@id\":\"https:\/\/ismb.uwr.edu.pl\/en\/#website\",\"url\":\"https:\/\/ismb.uwr.edu.pl\/en\/\",\"name\":\"Instytut Studi\u00f3w Mi\u0119dzynarodowych i Bezpiecze\u0144stwa\",\"description\":\"Kolejna witryna sieci \u201eUWR Witryny\u201d\",\"publisher\":{\"@id\":\"https:\/\/ismb.uwr.edu.pl\/en\/#organization\"},\"potentialAction\":[{\"@type\":\"SearchAction\",\"target\":{\"@type\":\"EntryPoint\",\"urlTemplate\":\"https:\/\/ismb.uwr.edu.pl\/en\/?s={search_term_string}\"},\"query-input\":{\"@type\":\"PropertyValueSpecification\",\"valueRequired\":true,\"valueName\":\"search_term_string\"}}],\"inLanguage\":\"en-US\"},{\"@type\":\"Organization\",\"@id\":\"https:\/\/ismb.uwr.edu.pl\/en\/#organization\",\"name\":\"Instytut Studi\u00f3w Mi\u0119dzynarodowych i Bezpiecze\u0144stwa\",\"url\":\"https:\/\/ismb.uwr.edu.pl\/en\/\",\"logo\":{\"@type\":\"ImageObject\",\"inLanguage\":\"en-US\",\"@id\":\"https:\/\/ismb.uwr.edu.pl\/en\/#\/schema\/logo\/image\/\",\"url\":\"https:\/\/ismb.uwr.edu.pl\/wp-content\/uploads\/sites\/366\/2025\/10\/UWr-logotyp-2025.png\",\"contentUrl\":\"https:\/\/ismb.uwr.edu.pl\/wp-content\/uploads\/sites\/366\/2025\/10\/UWr-logotyp-2025.png\",\"width\":764,\"height\":269,\"caption\":\"Instytut Studi\u00f3w Mi\u0119dzynarodowych i Bezpiecze\u0144stwa\"},\"image\":{\"@id\":\"https:\/\/ismb.uwr.edu.pl\/en\/#\/schema\/logo\/image\/\"}}]}<\/script>\n<!-- \/ Yoast SEO plugin. -->","yoast_head_json":{"title":"Courses - Instytut Studi\u00f3w Mi\u0119dzynarodowych i Bezpiecze\u0144stwa","robots":{"index":"index","follow":"follow","max-snippet":"max-snippet:-1","max-image-preview":"max-image-preview:large","max-video-preview":"max-video-preview:-1"},"canonical":"https:\/\/ismb.uwr.edu.pl\/en\/erasmus\/courses\/","og_locale":"en_US","og_type":"article","og_title":"Courses - Instytut Studi\u00f3w Mi\u0119dzynarodowych i Bezpiecze\u0144stwa","og_description":"Students have to collect 30 ECTS each semester. Every optional course is granted 4 ECTS. BA PROGRAM in English:INTERNATIONAL RELATIONS [&hellip;]","og_url":"https:\/\/ismb.uwr.edu.pl\/en\/erasmus\/courses\/","og_site_name":"Instytut Studi\u00f3w Mi\u0119dzynarodowych i Bezpiecze\u0144stwa","article_modified_time":"2025-09-18T13:16:55+00:00","twitter_card":"summary_large_image","twitter_misc":{"Est. reading time":"5 minutes"},"schema":{"@context":"https:\/\/schema.org","@graph":[{"@type":"WebPage","@id":"https:\/\/ismb.uwr.edu.pl\/en\/erasmus\/courses\/","url":"https:\/\/ismb.uwr.edu.pl\/en\/erasmus\/courses\/","name":"Courses - Instytut Studi\u00f3w Mi\u0119dzynarodowych i Bezpiecze\u0144stwa","isPartOf":{"@id":"https:\/\/ismb.uwr.edu.pl\/en\/#website"},"datePublished":"2024-09-24T13:29:06+00:00","dateModified":"2025-09-18T13:16:55+00:00","breadcrumb":{"@id":"https:\/\/ismb.uwr.edu.pl\/en\/erasmus\/courses\/#breadcrumb"},"inLanguage":"en-US","potentialAction":[{"@type":"ReadAction","target":["https:\/\/ismb.uwr.edu.pl\/en\/erasmus\/courses\/"]}]},{"@type":"BreadcrumbList","@id":"https:\/\/ismb.uwr.edu.pl\/en\/erasmus\/courses\/#breadcrumb","itemListElement":[{"@type":"ListItem","position":1,"name":"Strona g\u0142\u00f3wna","item":"https:\/\/ismb.uwr.edu.pl\/en\/"},{"@type":"ListItem","position":2,"name":"Erasmus+","item":"https:\/\/ismb.uwr.edu.pl\/en\/erasmus\/"},{"@type":"ListItem","position":3,"name":"Courses"}]},{"@type":"WebSite","@id":"https:\/\/ismb.uwr.edu.pl\/en\/#website","url":"https:\/\/ismb.uwr.edu.pl\/en\/","name":"Instytut Studi\u00f3w Mi\u0119dzynarodowych i Bezpiecze\u0144stwa","description":"Kolejna witryna sieci \u201eUWR Witryny\u201d","publisher":{"@id":"https:\/\/ismb.uwr.edu.pl\/en\/#organization"},"potentialAction":[{"@type":"SearchAction","target":{"@type":"EntryPoint","urlTemplate":"https:\/\/ismb.uwr.edu.pl\/en\/?s={search_term_string}"},"query-input":{"@type":"PropertyValueSpecification","valueRequired":true,"valueName":"search_term_string"}}],"inLanguage":"en-US"},{"@type":"Organization","@id":"https:\/\/ismb.uwr.edu.pl\/en\/#organization","name":"Instytut Studi\u00f3w Mi\u0119dzynarodowych i Bezpiecze\u0144stwa","url":"https:\/\/ismb.uwr.edu.pl\/en\/","logo":{"@type":"ImageObject","inLanguage":"en-US","@id":"https:\/\/ismb.uwr.edu.pl\/en\/#\/schema\/logo\/image\/","url":"https:\/\/ismb.uwr.edu.pl\/wp-content\/uploads\/sites\/366\/2025\/10\/UWr-logotyp-2025.png","contentUrl":"https:\/\/ismb.uwr.edu.pl\/wp-content\/uploads\/sites\/366\/2025\/10\/UWr-logotyp-2025.png","width":764,"height":269,"caption":"Instytut Studi\u00f3w Mi\u0119dzynarodowych i Bezpiecze\u0144stwa"},"image":{"@id":"https:\/\/ismb.uwr.edu.pl\/en\/#\/schema\/logo\/image\/"}}]}},"publishpress_future_action":{"enabled":false,"date":"2026-04-22 07:33:01","action":"change-status","newStatus":"draft","terms":[],"taxonomy":"category","extraData":[]},"publishpress_future_workflow_manual_trigger":{"enabledWorkflows":[]},"_links":{"self":[{"href":"https:\/\/ismb.uwr.edu.pl\/en\/wp-json\/wp\/v2\/pages\/36233\/"}],"collection":[{"href":"https:\/\/ismb.uwr.edu.pl\/en\/wp-json\/wp\/v2\/pages\/"}],"about":[{"href":"https:\/\/ismb.uwr.edu.pl\/en\/wp-json\/wp\/v2\/types\/page\/"}],"author":[{"embeddable":true,"href":"https:\/\/ismb.uwr.edu.pl\/en\/wp-json\/wp\/v2\/users\/1536\/"}],"replies":[{"embeddable":true,"href":"https:\/\/ismb.uwr.edu.pl\/en\/wp-json\/wp\/v2\/comments\/?post=36233"}],"version-history":[{"count":51,"href":"https:\/\/ismb.uwr.edu.pl\/en\/wp-json\/wp\/v2\/pages\/36233\/revisions\/"}],"predecessor-version":[{"id":47159,"href":"https:\/\/ismb.uwr.edu.pl\/en\/wp-json\/wp\/v2\/pages\/36233\/revisions\/47159\/"}],"up":[{"embeddable":true,"href":"https:\/\/ismb.uwr.edu.pl\/en\/wp-json\/wp\/v2\/pages\/35540\/"}],"wp:attachment":[{"href":"https:\/\/ismb.uwr.edu.pl\/en\/wp-json\/wp\/v2\/media\/?parent=36233"}],"wp:term":[{"taxonomy":"category","embeddable":true,"href":"https:\/\/ismb.uwr.edu.pl\/en\/wp-json\/wp\/v2\/categories\/?post=36233"},{"taxonomy":"post_tag","embeddable":true,"href":"https:\/\/ismb.uwr.edu.pl\/en\/wp-json\/wp\/v2\/tags\/?post=36233"}],"curies":[{"name":"wp","href":"https:\/\/api.w.org\/{rel}","templated":true}]}}