{"id":36293,"date":"2024-09-24T18:02:38","date_gmt":"2024-09-24T16:02:38","guid":{"rendered":"https:\/\/ismb.uwr.edu.pl\/?page_id=36293"},"modified":"2025-05-01T18:21:30","modified_gmt":"2025-05-01T16:21:30","slug":"master-in-international-relations","status":"publish","type":"page","link":"https:\/\/ismb.uwr.edu.pl\/en\/strona-glowna2-2\/degree-requirements\/master-in-international-relations\/","title":{"rendered":"Master in International Relations"},"content":{"rendered":"<div class=\"wp-block-bonasoft-modular-file-list2\">\r\n    <div class=\"bs__file-list\">\r\n        <div class=\"bs__file-list__section\">\r\n            <ul class=\"bs__file-list__list\">\r\n                                    <li>\r\n                    <a href=\"https:\/\/ismb.uwr.edu.pl\/wp-content\/uploads\/sites\/366\/2024\/09\/best-diploma-award_2021-06-10_22-39-29.pdf\" title=\"Download file: Regulation Best diploma award . File type pdf. File size 693 KB\" download>\r\n                            <div class=\"bs__file-list__subsection\">\r\n                                <span class=\"bs__file-list__title\">Regulation<\/span>\r\n                                <span class=\"bs__file-list__text\">Best diploma award <\/span>\r\n                                                                    <span class=\"bs__file-list__size\">\r\n                                        <span>pdf<\/span>\r\n                                        <span>693 KB  <\/span>\r\n                                    <\/span>\r\n                                                            <\/div>\r\n                            <div class=\"bs__links__icon\">\r\n                                <svg width=\"40px\" height=\"40px\" viewBox=\"0 0 22 16\" version=\"1.1\">\r\n                                    <g stroke=\"none\" strokeWidth=\"1\" fill=\"white\" fillRule=\"evenodd\">\r\n                                        <g>\r\n                                            <polygon points=\"13.4875 0 12 1.6215 18.7875 8 12 14.3795 13.4875 16 21.9995 8\" \/>\r\n                                        <\/g>\r\n                                    <\/g>\r\n                                <\/svg>\r\n                            <\/div>\r\n                        <\/a>\r\n                    <\/li>\r\n                                    <li>\r\n                    <a href=\"https:\/\/ismb.uwr.edu.pl\/wp-content\/uploads\/sites\/366\/2024\/09\/Zagadnienia-egzaminacyjne-International-Relations-Global-Studies-MA-Exam-questions-studia-mgr-2022-2023_2023-03-15_10-51-05.pdf\" title=\"Download file: International Relations Global Studies (MA) Final exam questions. File type pdf. File size 47 KB\" download>\r\n                            <div class=\"bs__file-list__subsection\">\r\n                                <span class=\"bs__file-list__title\">International Relations Global Studies (MA)<\/span>\r\n                                <span class=\"bs__file-list__text\">Final exam questions<\/span>\r\n                                                                    <span class=\"bs__file-list__size\">\r\n                                        <span>pdf<\/span>\r\n                                        <span>47 KB  <\/span>\r\n                                    <\/span>\r\n                                                            <\/div>\r\n                            <div class=\"bs__links__icon\">\r\n                                <svg width=\"40px\" height=\"40px\" viewBox=\"0 0 22 16\" version=\"1.1\">\r\n                                    <g stroke=\"none\" strokeWidth=\"1\" fill=\"white\" fillRule=\"evenodd\">\r\n                                        <g>\r\n                                            <polygon points=\"13.4875 0 12 1.6215 18.7875 8 12 14.3795 13.4875 16 21.9995 8\" \/>\r\n                                        <\/g>\r\n                                    <\/g>\r\n                                <\/svg>\r\n                            <\/div>\r\n                        <\/a>\r\n                    <\/li>\r\n                                    <li>\r\n                    <a href=\"https:\/\/ismb.uwr.edu.pl\/wp-content\/uploads\/sites\/366\/2025\/05\/European-Master-in-Global-Studies-EMGS-Exam-since-2024-2025.pdf\" title=\"Download file: Exam questions European Master i Global Studies. File type pdf. File size 59 KB\" download>\r\n                            <div class=\"bs__file-list__subsection\">\r\n                                <span class=\"bs__file-list__title\">Exam questions<\/span>\r\n                                <span class=\"bs__file-list__text\">European Master i Global Studies<\/span>\r\n                                                                    <span class=\"bs__file-list__size\">\r\n                                        <span>pdf<\/span>\r\n                                        <span>59 KB  <\/span>\r\n                                    <\/span>\r\n                                                            <\/div>\r\n                            <div class=\"bs__links__icon\">\r\n                                <svg width=\"40px\" height=\"40px\" viewBox=\"0 0 22 16\" version=\"1.1\">\r\n                                    <g stroke=\"none\" strokeWidth=\"1\" fill=\"white\" fillRule=\"evenodd\">\r\n                                        <g>\r\n                                            <polygon points=\"13.4875 0 12 1.6215 18.7875 8 12 14.3795 13.4875 16 21.9995 8\" \/>\r\n                                        <\/g>\r\n                                    <\/g>\r\n                                <\/svg>\r\n                            <\/div>\r\n                        <\/a>\r\n                    <\/li>\r\n                            <\/ul>\r\n        <\/div>\r\n    <\/div>\r\n<\/div>\r\n","protected":false},"excerpt":{"rendered":"","protected":false},"author":1536,"featured_media":0,"parent":36260,"menu_order":2,"comment_status":"closed","ping_status":"closed","template":"","meta":{"_acf_changed":false,"inline_featured_image":false,"site-sidebar-layout":"default","site-content-layout":"","ast-site-content-layout":"default","site-content-style":"default","site-sidebar-style":"default","ast-global-header-display":"","ast-banner-title-visibility":"","ast-main-header-display":"","ast-hfb-above-header-display":"","ast-hfb-below-header-display":"","ast-hfb-mobile-header-display":"","site-post-title":"","ast-breadcrumbs-content":"","ast-featured-img":"","footer-sml-layout":"","ast-disable-related-posts":"","theme-transparent-header-meta":"","adv-header-id-meta":"","stick-header-meta":"","header-above-stick-meta":"","header-main-stick-meta":"","header-below-stick-meta":"","astra-migrate-meta-layouts":"set","ast-page-background-enabled":"default","ast-page-background-meta":{"desktop":{"background-color":"var(--ast-global-color-5)","background-image":"","background-repeat":"repeat","background-position":"center center","background-size":"auto","background-attachment":"scroll","background-type":"","background-media":"","overlay-type":"","overlay-color":"","overlay-opacity":"","overlay-gradient":""},"tablet":{"background-color":"","background-image":"","background-repeat":"repeat","background-position":"center center","background-size":"auto","background-attachment":"scroll","background-type":"","background-media":"","overlay-type":"","overlay-color":"","overlay-opacity":"","overlay-gradient":""},"mobile":{"background-color":"","background-image":"","background-repeat":"repeat","background-position":"center center","background-size":"auto","background-attachment":"scroll","background-type":"","background-media":"","overlay-type":"","overlay-color":"","overlay-opacity":"","overlay-gradient":""}},"ast-content-background-meta":{"desktop":{"background-color":"var(--ast-global-color-4)","background-image":"","background-repeat":"repeat","background-position":"center center","background-size":"auto","background-attachment":"scroll","background-type":"","background-media":"","overlay-type":"","overlay-color":"","overlay-opacity":"","overlay-gradient":""},"tablet":{"background-color":"var(--ast-global-color-4)","background-image":"","background-repeat":"repeat","background-position":"center center","background-size":"auto","background-attachment":"scroll","background-type":"","background-media":"","overlay-type":"","overlay-color":"","overlay-opacity":"","overlay-gradient":""},"mobile":{"background-color":"var(--ast-global-color-4)","background-image":"","background-repeat":"repeat","background-position":"center center","background-size":"auto","background-attachment":"scroll","background-type":"","background-media":"","overlay-type":"","overlay-color":"","overlay-opacity":"","overlay-gradient":""}},"footnotes":""},"categories":[],"tags":[],"class_list":["post-36293","page","type-page","status-publish","hentry"],"featured_image_urls_v2":{"full":"","thumbnail":"","medium":"","medium_large":"","large":"","1536x1536":"","2048x2048":"","menu-24x24":"","menu-36x36":"","menu-48x48":""},"post_excerpt_stackable_v2":"<p>Regulation Best diploma award pdf 693 KB International Relations Global Studies (MA) Final exam questions pdf 47 KB Exam questions European Master i Global Studies pdf 59 KB<\/p>\n","category_list_v2":"Uncategorized","author_info_v2":{"name":"justyna.arendarska@uwr.edu.pl","url":"https:\/\/ismb.uwr.edu.pl\/en\/author\/justyna-arendarskauwr-edu-pl\/"},"comments_num_v2":"0 comments","acf":[],"yoast_head":"<!-- This site is optimized with the Yoast SEO plugin v27.1.1 - https:\/\/yoast.com\/product\/yoast-seo-wordpress\/ -->\n<title>Master in International Relations - Instytut Studi\u00f3w Mi\u0119dzynarodowych i Bezpiecze\u0144stwa<\/title>\n<meta name=\"robots\" content=\"index, follow, max-snippet:-1, max-image-preview:large, max-video-preview:-1\" \/>\n<link rel=\"canonical\" href=\"https:\/\/ismb.uwr.edu.pl\/en\/strona-glowna2-2\/degree-requirements\/master-in-international-relations\/\" \/>\n<meta property=\"og:locale\" content=\"en_US\" \/>\n<meta property=\"og:type\" content=\"article\" \/>\n<meta property=\"og:title\" content=\"Master in International Relations - Instytut Studi\u00f3w Mi\u0119dzynarodowych i Bezpiecze\u0144stwa\" \/>\n<meta property=\"og:url\" content=\"https:\/\/ismb.uwr.edu.pl\/en\/strona-glowna2-2\/degree-requirements\/master-in-international-relations\/\" \/>\n<meta property=\"og:site_name\" content=\"Instytut Studi\u00f3w Mi\u0119dzynarodowych i Bezpiecze\u0144stwa\" \/>\n<meta property=\"article:modified_time\" content=\"2025-05-01T16:21:30+00:00\" \/>\n<meta name=\"twitter:card\" content=\"summary_large_image\" \/>\n<script type=\"application\/ld+json\" class=\"yoast-schema-graph\">{\"@context\":\"https:\/\/schema.org\",\"@graph\":[{\"@type\":\"WebPage\",\"@id\":\"https:\/\/ismb.uwr.edu.pl\/en\/strona-glowna2-2\/degree-requirements\/master-in-international-relations\/\",\"url\":\"https:\/\/ismb.uwr.edu.pl\/en\/strona-glowna2-2\/degree-requirements\/master-in-international-relations\/\",\"name\":\"Master in International Relations - Instytut Studi\u00f3w Mi\u0119dzynarodowych i Bezpiecze\u0144stwa\",\"isPartOf\":{\"@id\":\"https:\/\/ismb.uwr.edu.pl\/en\/#website\"},\"datePublished\":\"2024-09-24T16:02:38+00:00\",\"dateModified\":\"2025-05-01T16:21:30+00:00\",\"breadcrumb\":{\"@id\":\"https:\/\/ismb.uwr.edu.pl\/en\/strona-glowna2-2\/degree-requirements\/master-in-international-relations\/#breadcrumb\"},\"inLanguage\":\"en-US\",\"potentialAction\":[{\"@type\":\"ReadAction\",\"target\":[\"https:\/\/ismb.uwr.edu.pl\/en\/strona-glowna2-2\/degree-requirements\/master-in-international-relations\/\"]}]},{\"@type\":\"BreadcrumbList\",\"@id\":\"https:\/\/ismb.uwr.edu.pl\/en\/strona-glowna2-2\/degree-requirements\/master-in-international-relations\/#breadcrumb\",\"itemListElement\":[{\"@type\":\"ListItem\",\"position\":1,\"name\":\"Strona g\u0142\u00f3wna\",\"item\":\"https:\/\/ismb.uwr.edu.pl\/en\/\"},{\"@type\":\"ListItem\",\"position\":2,\"name\":\"Main page\",\"item\":\"https:\/\/ismb.uwr.edu.pl\/en\/\"},{\"@type\":\"ListItem\",\"position\":3,\"name\":\"Degree requirements\",\"item\":\"https:\/\/ismb.uwr.edu.pl\/en\/strona-glowna2-2\/degree-requirements\/\"},{\"@type\":\"ListItem\",\"position\":4,\"name\":\"Master in International Relations\"}]},{\"@type\":\"WebSite\",\"@id\":\"https:\/\/ismb.uwr.edu.pl\/en\/#website\",\"url\":\"https:\/\/ismb.uwr.edu.pl\/en\/\",\"name\":\"Instytut Studi\u00f3w Mi\u0119dzynarodowych i Bezpiecze\u0144stwa\",\"description\":\"Kolejna witryna sieci \u201eUWR Witryny\u201d\",\"publisher\":{\"@id\":\"https:\/\/ismb.uwr.edu.pl\/en\/#organization\"},\"potentialAction\":[{\"@type\":\"SearchAction\",\"target\":{\"@type\":\"EntryPoint\",\"urlTemplate\":\"https:\/\/ismb.uwr.edu.pl\/en\/?s={search_term_string}\"},\"query-input\":{\"@type\":\"PropertyValueSpecification\",\"valueRequired\":true,\"valueName\":\"search_term_string\"}}],\"inLanguage\":\"en-US\"},{\"@type\":\"Organization\",\"@id\":\"https:\/\/ismb.uwr.edu.pl\/en\/#organization\",\"name\":\"Instytut Studi\u00f3w Mi\u0119dzynarodowych i Bezpiecze\u0144stwa\",\"url\":\"https:\/\/ismb.uwr.edu.pl\/en\/\",\"logo\":{\"@type\":\"ImageObject\",\"inLanguage\":\"en-US\",\"@id\":\"https:\/\/ismb.uwr.edu.pl\/en\/#\/schema\/logo\/image\/\",\"url\":\"https:\/\/ismb.uwr.edu.pl\/wp-content\/uploads\/sites\/366\/2025\/10\/UWr-logotyp-2025.png\",\"contentUrl\":\"https:\/\/ismb.uwr.edu.pl\/wp-content\/uploads\/sites\/366\/2025\/10\/UWr-logotyp-2025.png\",\"width\":764,\"height\":269,\"caption\":\"Instytut Studi\u00f3w Mi\u0119dzynarodowych i Bezpiecze\u0144stwa\"},\"image\":{\"@id\":\"https:\/\/ismb.uwr.edu.pl\/en\/#\/schema\/logo\/image\/\"}}]}<\/script>\n<!-- \/ Yoast SEO plugin. -->","yoast_head_json":{"title":"Master in International Relations - Instytut Studi\u00f3w Mi\u0119dzynarodowych i Bezpiecze\u0144stwa","robots":{"index":"index","follow":"follow","max-snippet":"max-snippet:-1","max-image-preview":"max-image-preview:large","max-video-preview":"max-video-preview:-1"},"canonical":"https:\/\/ismb.uwr.edu.pl\/en\/strona-glowna2-2\/degree-requirements\/master-in-international-relations\/","og_locale":"en_US","og_type":"article","og_title":"Master in International Relations - Instytut Studi\u00f3w Mi\u0119dzynarodowych i Bezpiecze\u0144stwa","og_url":"https:\/\/ismb.uwr.edu.pl\/en\/strona-glowna2-2\/degree-requirements\/master-in-international-relations\/","og_site_name":"Instytut Studi\u00f3w Mi\u0119dzynarodowych i Bezpiecze\u0144stwa","article_modified_time":"2025-05-01T16:21:30+00:00","twitter_card":"summary_large_image","schema":{"@context":"https:\/\/schema.org","@graph":[{"@type":"WebPage","@id":"https:\/\/ismb.uwr.edu.pl\/en\/strona-glowna2-2\/degree-requirements\/master-in-international-relations\/","url":"https:\/\/ismb.uwr.edu.pl\/en\/strona-glowna2-2\/degree-requirements\/master-in-international-relations\/","name":"Master in International Relations - Instytut Studi\u00f3w Mi\u0119dzynarodowych i Bezpiecze\u0144stwa","isPartOf":{"@id":"https:\/\/ismb.uwr.edu.pl\/en\/#website"},"datePublished":"2024-09-24T16:02:38+00:00","dateModified":"2025-05-01T16:21:30+00:00","breadcrumb":{"@id":"https:\/\/ismb.uwr.edu.pl\/en\/strona-glowna2-2\/degree-requirements\/master-in-international-relations\/#breadcrumb"},"inLanguage":"en-US","potentialAction":[{"@type":"ReadAction","target":["https:\/\/ismb.uwr.edu.pl\/en\/strona-glowna2-2\/degree-requirements\/master-in-international-relations\/"]}]},{"@type":"BreadcrumbList","@id":"https:\/\/ismb.uwr.edu.pl\/en\/strona-glowna2-2\/degree-requirements\/master-in-international-relations\/#breadcrumb","itemListElement":[{"@type":"ListItem","position":1,"name":"Strona g\u0142\u00f3wna","item":"https:\/\/ismb.uwr.edu.pl\/en\/"},{"@type":"ListItem","position":2,"name":"Main page","item":"https:\/\/ismb.uwr.edu.pl\/en\/"},{"@type":"ListItem","position":3,"name":"Degree requirements","item":"https:\/\/ismb.uwr.edu.pl\/en\/strona-glowna2-2\/degree-requirements\/"},{"@type":"ListItem","position":4,"name":"Master in International Relations"}]},{"@type":"WebSite","@id":"https:\/\/ismb.uwr.edu.pl\/en\/#website","url":"https:\/\/ismb.uwr.edu.pl\/en\/","name":"Instytut Studi\u00f3w Mi\u0119dzynarodowych i Bezpiecze\u0144stwa","description":"Kolejna witryna sieci \u201eUWR Witryny\u201d","publisher":{"@id":"https:\/\/ismb.uwr.edu.pl\/en\/#organization"},"potentialAction":[{"@type":"SearchAction","target":{"@type":"EntryPoint","urlTemplate":"https:\/\/ismb.uwr.edu.pl\/en\/?s={search_term_string}"},"query-input":{"@type":"PropertyValueSpecification","valueRequired":true,"valueName":"search_term_string"}}],"inLanguage":"en-US"},{"@type":"Organization","@id":"https:\/\/ismb.uwr.edu.pl\/en\/#organization","name":"Instytut Studi\u00f3w Mi\u0119dzynarodowych i Bezpiecze\u0144stwa","url":"https:\/\/ismb.uwr.edu.pl\/en\/","logo":{"@type":"ImageObject","inLanguage":"en-US","@id":"https:\/\/ismb.uwr.edu.pl\/en\/#\/schema\/logo\/image\/","url":"https:\/\/ismb.uwr.edu.pl\/wp-content\/uploads\/sites\/366\/2025\/10\/UWr-logotyp-2025.png","contentUrl":"https:\/\/ismb.uwr.edu.pl\/wp-content\/uploads\/sites\/366\/2025\/10\/UWr-logotyp-2025.png","width":764,"height":269,"caption":"Instytut Studi\u00f3w Mi\u0119dzynarodowych i Bezpiecze\u0144stwa"},"image":{"@id":"https:\/\/ismb.uwr.edu.pl\/en\/#\/schema\/logo\/image\/"}}]}},"publishpress_future_action":{"enabled":false,"date":"2026-04-22 07:33:02","action":"change-status","newStatus":"draft","terms":[],"taxonomy":"category","extraData":[]},"publishpress_future_workflow_manual_trigger":{"enabledWorkflows":[]},"_links":{"self":[{"href":"https:\/\/ismb.uwr.edu.pl\/en\/wp-json\/wp\/v2\/pages\/36293\/"}],"collection":[{"href":"https:\/\/ismb.uwr.edu.pl\/en\/wp-json\/wp\/v2\/pages\/"}],"about":[{"href":"https:\/\/ismb.uwr.edu.pl\/en\/wp-json\/wp\/v2\/types\/page\/"}],"author":[{"embeddable":true,"href":"https:\/\/ismb.uwr.edu.pl\/en\/wp-json\/wp\/v2\/users\/1536\/"}],"replies":[{"embeddable":true,"href":"https:\/\/ismb.uwr.edu.pl\/en\/wp-json\/wp\/v2\/comments\/?post=36293"}],"version-history":[{"count":3,"href":"https:\/\/ismb.uwr.edu.pl\/en\/wp-json\/wp\/v2\/pages\/36293\/revisions\/"}],"predecessor-version":[{"id":45112,"href":"https:\/\/ismb.uwr.edu.pl\/en\/wp-json\/wp\/v2\/pages\/36293\/revisions\/45112\/"}],"up":[{"embeddable":true,"href":"https:\/\/ismb.uwr.edu.pl\/en\/wp-json\/wp\/v2\/pages\/36260\/"}],"wp:attachment":[{"href":"https:\/\/ismb.uwr.edu.pl\/en\/wp-json\/wp\/v2\/media\/?parent=36293"}],"wp:term":[{"taxonomy":"category","embeddable":true,"href":"https:\/\/ismb.uwr.edu.pl\/en\/wp-json\/wp\/v2\/categories\/?post=36293"},{"taxonomy":"post_tag","embeddable":true,"href":"https:\/\/ismb.uwr.edu.pl\/en\/wp-json\/wp\/v2\/tags\/?post=36293"}],"curies":[{"name":"wp","href":"https:\/\/api.w.org\/{rel}","templated":true}]}}