{"id":51577,"date":"2026-02-21T14:30:56","date_gmt":"2026-02-21T13:30:56","guid":{"rendered":"https:\/\/ismb.uwr.edu.pl\/?page_id=51577"},"modified":"2026-02-21T14:53:19","modified_gmt":"2026-02-21T13:53:19","slug":"winter-semester","status":"publish","type":"page","link":"https:\/\/ismb.uwr.edu.pl\/en\/european-master-in-global-studies\/modules-and-courses\/winter-semester\/","title":{"rendered":"Winter semester"},"content":{"rendered":"\n<h3 class=\"wp-block-heading\">PROGRAM FOR THE FIRST YEAR STUDENTS (2025\/2026)<\/h3>\n\n\n\n<figure class=\"wp-block-table\"><table class=\"has-fixed-layout\"><tbody><tr><td>&nbsp;<\/td><td><strong>Modules and courses (M \u2013 mandatory, E \u2013 elective)<\/strong><\/td><td><strong>ECTS<\/strong><\/td><td><strong>Number<br>of hours<\/strong><\/td><td><strong>Time<\/strong><\/td><\/tr><tr><td><strong>710<\/strong><\/td><td colspan=\"2\"><strong>International relations<\/strong><\/td><td>&nbsp;<\/td><td>&nbsp;<\/td><\/tr><tr><td rowspan=\"2\">E<\/td><td><span style=\"margin: 0px; padding: 0px;\">Theories of International Relati<\/span>ons&nbsp;(lecture), Prof. Andrzej Polus<\/td><td rowspan=\"2\">8 (lecture + seminar + exam)<\/td><td rowspan=\"2\">30+30<\/td><td rowspan=\"2\">&nbsp;<\/td><\/tr><tr><td>Theories of International Relations (seminar), Dr Maciej Herbut<\/td><\/tr><tr><td>E<\/td><td>Genesis and Evolution of Human Rights, Dr Katarzyna Zalas- Kami\u0144ska<\/td><td>5<\/td><td>30<\/td><td>&nbsp;<\/td><\/tr><tr><td>E<\/td><td>International Protection of the Environment, Dr Monika Paradowska<\/td><td>4<\/td><td>30<\/td><td>&nbsp;<\/td><\/tr><tr><td>E<\/td><td>Hybrid and Transnational Threats in Euroatlantic and Indo-Pacific Regions, Dr hab. Zdzis\u0142aw \u015aliwa<\/td><td>4<\/td><td>30<\/td><td>&nbsp;<\/td><\/tr><tr><td>E<\/td><td>(Post)Colonial Narratives in Trans-European Relations, Prof. Beata Ociepka<\/td><td>2<\/td><td>15<\/td><td>&nbsp;<\/td><\/tr><tr><td>&nbsp;<\/td><td>&nbsp;<\/td><td>&nbsp;<\/td><td>&nbsp;<\/td><td>&nbsp;<\/td><\/tr><tr><td><strong>720<\/strong><\/td><td colspan=\"2\"><strong>Aspects of regionalisation and globalisation<\/strong><\/td><td>&nbsp;<\/td><td>&nbsp;<\/td><\/tr><tr><td rowspan=\"2\">E<\/td><td>Globalisation and Regionalisation, Dr Monika Paradowska (economic aspects)<\/td><td rowspan=\"2\">8 (lecture + seminar + exam)<\/td><td rowspan=\"2\">30+30<\/td><td rowspan=\"2\">&nbsp;<\/td><\/tr><tr><td>Globalisation and Regionalisation, Dr \u0141ukasz Fija\u0142kowski (political aspects)<\/td><\/tr><tr><td>E<\/td><td>Governing Europe, Dr Veronica Russu<\/td><td>5<\/td><td>30<\/td><td>&nbsp;<\/td><\/tr><tr><td>E<\/td><td>Religious Fundamentalism in the Contemporary World, dr Katarzyna J\u0119drzejczyk-Kuliniak<\/td><td>4<\/td><td>30<\/td><td>&nbsp;<\/td><\/tr><tr><td>E<\/td><td>Soft Power and Public Diplomacy, Prof. Beata Ociepka<\/td><td>4<\/td><td>30<\/td><td>&nbsp;<\/td><\/tr><tr><td>&nbsp;<\/td><td>&nbsp;<\/td><td>&nbsp;<\/td><td>&nbsp;<\/td><td>&nbsp;<\/td><\/tr><tr><td><strong>730<\/strong><\/td><td colspan=\"2\"><strong>Economic and security systems<\/strong><\/td><td>&nbsp;<\/td><td>&nbsp;<\/td><\/tr><tr><td>E<\/td><td>Economic Diplomacy and Statecraft, Prof. Bartosz Michalski<\/td><td>4<\/td><td>30<\/td><td>&nbsp;<\/td><\/tr><tr><td>E<\/td><td>Development Economics, Dr Tomasz Matras<\/td><td>5<\/td><td>30<\/td><td>&nbsp;<\/td><\/tr><tr><td>E<\/td><td>International Security, dr \u0141ukasz Fija\u0142kowski<\/td><td>8 (lecture + seminar + exam)<\/td><td>30+30<\/td><td>&nbsp;<\/td><\/tr><tr><td>E<\/td><td>Methodology of Social Sciences and Academic Writing, Prof. Andrzej Polus \/ Dr Anna Cichecka<\/td><td>5<\/td><td>30<\/td><td>&nbsp;<\/td><\/tr><tr><td>E<\/td><td>Sustainable Development, Dr Michal Plsek<\/td><td>2<\/td><td>15<\/td><td>&nbsp;<\/td><\/tr><tr><td><strong>M<\/strong><\/td><td>EMGS Winter School<\/td><td>4<\/td><td>x<\/td><td>&nbsp;<\/td><\/tr><tr><td>&nbsp;<\/td><td>&nbsp;<\/td><td>&nbsp;<\/td><td>&nbsp;<\/td><td>&nbsp;<\/td><\/tr><\/tbody><\/table><\/figure>\n\n\n\n<h3 class=\"wp-block-heading\"><a><\/a>PROGRAM FOR THE SECOND YEAR STUDENTS (2024\/2025)<\/h3>\n\n\n\n<figure class=\"wp-block-table\"><table class=\"has-fixed-layout\"><tbody><tr><td>&nbsp;<\/td><td>Modules and courses (M \u2013 mandatory, E \u2013 elective)<\/td><td>ECTS<\/td><td>Number<br>of hours<\/td><td>Time<\/td><\/tr><tr><td>&nbsp;<\/td><td colspan=\"2\">WINTER SEMESTER<\/td><td>&nbsp;<\/td><td>&nbsp;<\/td><\/tr><tr><td><strong>910<\/strong><\/td><td colspan=\"2\"><strong>Globalisation: selected issues<\/strong><\/td><td>&nbsp;<\/td><td>&nbsp;<\/td><\/tr><tr><td rowspan=\"2\">E<\/td><td>Globalisation and Regionalisation, Dr Monika Paradowska (economic aspects \u2013 lecture and seminar)<\/td><td rowspan=\"2\">8 (lecture + seminar + exam)<\/td><td rowspan=\"2\">30+30<\/td><td rowspan=\"2\">&nbsp;<\/td><\/tr><tr><td>Globalisation and Regionalisation, Dr \u0141ukasz Fija\u0142kowski (political aspects)<\/td><\/tr><tr><td>E<\/td><td>International Security, dr \u0141ukasz Fija\u0142kowski<\/td><td>8 (lecture + seminar + exam)<\/td><td>30+30<\/td><td>&nbsp;<\/td><\/tr><tr><td>E<\/td><td><span style=\"margin: 0px; padding: 0px;\">International Protection of the Envi<\/span>ronment, Dr Monika Paradowska<\/td><td>4<\/td><td>30<\/td><td>&nbsp;<\/td><\/tr><tr><td>E<\/td><td>Soft Power and Public Diplomacy, Prof. Beata Ociepka<\/td><td>4<\/td><td>30<\/td><td>&nbsp;<\/td><\/tr><tr><td>E<\/td><td>Development Economics, Dr Tomasz Matras<\/td><td>5<\/td><td>30<\/td><td>&nbsp;<\/td><\/tr><tr><td>E<\/td><td>Sustainable Development, Dr Michal Plsek<\/td><td>2<\/td><td>15<\/td><td>&nbsp;<\/td><\/tr><tr><td>&nbsp;<\/td><td>&nbsp;<\/td><td>&nbsp;<\/td><td>&nbsp;<\/td><td>&nbsp;<\/td><\/tr><tr><td><strong>920<\/strong><\/td><td colspan=\"2\"><strong>Systems in transition<\/strong><\/td><td>&nbsp;<\/td><td>&nbsp;<\/td><\/tr><tr><td rowspan=\"2\">E<\/td><td><span style=\"margin: 0px; padding: 0px;\">Theories of International Rela<\/span>tions&nbsp;(lecture), Prof. Andrzej Polus<\/td><td rowspan=\"2\">8 (lecture + seminar + exam)<\/td><td rowspan=\"2\">30+30<\/td><td>&nbsp;<\/td><\/tr><tr><td>Theories of International Relations (seminar), Dr Maciej Herbut<\/td><td>&nbsp;<\/td><\/tr><tr><td>E<\/td><td>Governing Europe, Dr Veronica Russu<\/td><td>5<\/td><td>30<\/td><td>&nbsp;<\/td><\/tr><tr><td>E<\/td><td>Genesis and Evolution of Human Rights, Dr Katarzyna Zalas- Kami\u0144ska<\/td><td>5<\/td><td>30<\/td><td>&nbsp;<\/td><\/tr><tr><td>E<\/td><td>Economic Diplomacy and Statecraft, Prof. Bartosz Michalski<\/td><td>4<\/td><td>30<\/td><td>&nbsp;<\/td><\/tr><tr><td>E<\/td><td>Hybrid and Transnational Threats in Euroatlantic and Indo-Pacific Regions, Dr hab. Zdzis\u0142aw \u015aliwa<\/td><td>4<\/td><td>30<\/td><td>&nbsp;<\/td><\/tr><tr><td>E<\/td><td>Religious Fundamentalism in the Contemporary World, dr Katarzyna J\u0119drzejczyk-Kuliniak<\/td><td>4<\/td><td>30<\/td><td>&nbsp;<\/td><\/tr><tr><td>E<\/td><td>(Post)Colonial Narratives in Trans-European Relations, Prof. Beata Ociepka<\/td><td>2<\/td><td>15<\/td><td>&nbsp;<\/td><\/tr><tr><td>&nbsp;<\/td><td>&nbsp;<\/td><td>&nbsp;<\/td><td>&nbsp;<\/td><td>&nbsp;<\/td><\/tr><tr><td><strong>930<\/strong><\/td><td colspan=\"2\"><strong>Research and master&#8217;s thesis I (Choose only one of the seminars)<\/strong><\/td><td>&nbsp;<\/td><td>&nbsp;<\/td><\/tr><tr><td>E<\/td><td>Methodology of Social Sciences and Academic Writing, Prof. Andrzej Polus \/ Dr Anna Cichecka<\/td><td>5<\/td><td>30<\/td><td>&nbsp;<\/td><\/tr><tr><td><strong>M<\/strong><\/td><td>Individual Diploma Seminar, Prof. Renata Duda<\/td><td rowspan=\"8\">&nbsp; 2 (one seminar to choose)<\/td><td>&nbsp;<\/td><td>&nbsp;<\/td><\/tr><tr><td><strong>M<\/strong><\/td><td>Individual Diploma Seminar, Prof. Marek Wr\u00f3blewski<\/td><td>&nbsp;<\/td><td>&nbsp; &nbsp;<\/td><\/tr><tr><td><strong>M<\/strong><\/td><td>Individual<strong> <\/strong>Diploma Seminar, Prof. Beata Ociepka<\/td><td>&nbsp;<\/td><td>&nbsp;<\/td><\/tr><tr><td><strong>M<\/strong><\/td><td>Individual Diploma Seminar, Prof. Patrycja Matusz<\/td><td>&nbsp;<\/td><td>&nbsp;<\/td><\/tr><tr><td><strong>M<\/strong><\/td><td>Individual<strong> <\/strong>Diploma Seminar, Prof. Bartosz Michalski<\/td><td>&nbsp;<\/td><td>&nbsp;<\/td><\/tr><tr><td><strong>M<\/strong><\/td><td>Individual<strong> <\/strong>Diploma Seminar, Prof. Magdalena Ratajczak<\/td><td>&nbsp;<\/td><td>&nbsp;<\/td><\/tr><tr><td><strong>M<\/strong><\/td><td>Individual<strong> <\/strong>Diploma Seminar, Prof. Przemys\u0142aw Mikiewicz<\/td><td>&nbsp;<\/td><td>&nbsp;<\/td><\/tr><tr><td><strong>M<\/strong><\/td><td>Individual<strong> <\/strong>Diploma Seminar, Prof. Jaros\u0142aw Jarz\u0105bek<\/td><td>&nbsp;<\/td><td>&nbsp;<\/td><\/tr><tr><td><strong>&nbsp;<\/strong><\/td><td>Individual<strong> <\/strong>Diploma Seminar, Prof. Zdzis\u0142aw \u015aliwa<\/td><td>&nbsp;<\/td><td>&nbsp;<\/td><td>&nbsp;<\/td><\/tr><\/tbody><\/table><\/figure>\n","protected":false},"excerpt":{"rendered":"<p>PROGRAM FOR THE FIRST YEAR STUDENTS (2025\/2026) &nbsp; Modules and courses (M \u2013 mandatory, E \u2013 elective) ECTS Numberof hours [&hellip;]<\/p>\n","protected":false},"author":1536,"featured_media":0,"parent":51568,"menu_order":1,"comment_status":"closed","ping_status":"closed","template":"","meta":{"_acf_changed":false,"inline_featured_image":false,"site-sidebar-layout":"default","site-content-layout":"","ast-site-content-layout":"default","site-content-style":"default","site-sidebar-style":"default","ast-global-header-display":"","ast-banner-title-visibility":"","ast-main-header-display":"","ast-hfb-above-header-display":"","ast-hfb-below-header-display":"","ast-hfb-mobile-header-display":"","site-post-title":"","ast-breadcrumbs-content":"","ast-featured-img":"","footer-sml-layout":"","ast-disable-related-posts":"","theme-transparent-header-meta":"","adv-header-id-meta":"","stick-header-meta":"","header-above-stick-meta":"","header-main-stick-meta":"","header-below-stick-meta":"","astra-migrate-meta-layouts":"default","ast-page-background-enabled":"default","ast-page-background-meta":{"desktop":{"background-color":"var(--ast-global-color-5)","background-image":"","background-repeat":"repeat","background-position":"center center","background-size":"auto","background-attachment":"scroll","background-type":"","background-media":"","overlay-type":"","overlay-color":"","overlay-opacity":"","overlay-gradient":""},"tablet":{"background-color":"","background-image":"","background-repeat":"repeat","background-position":"center center","background-size":"auto","background-attachment":"scroll","background-type":"","background-media":"","overlay-type":"","overlay-color":"","overlay-opacity":"","overlay-gradient":""},"mobile":{"background-color":"","background-image":"","background-repeat":"repeat","background-position":"center center","background-size":"auto","background-attachment":"scroll","background-type":"","background-media":"","overlay-type":"","overlay-color":"","overlay-opacity":"","overlay-gradient":""}},"ast-content-background-meta":{"desktop":{"background-color":"var(--ast-global-color-4)","background-image":"","background-repeat":"repeat","background-position":"center center","background-size":"auto","background-attachment":"scroll","background-type":"","background-media":"","overlay-type":"","overlay-color":"","overlay-opacity":"","overlay-gradient":""},"tablet":{"background-color":"var(--ast-global-color-4)","background-image":"","background-repeat":"repeat","background-position":"center center","background-size":"auto","background-attachment":"scroll","background-type":"","background-media":"","overlay-type":"","overlay-color":"","overlay-opacity":"","overlay-gradient":""},"mobile":{"background-color":"var(--ast-global-color-4)","background-image":"","background-repeat":"repeat","background-position":"center center","background-size":"auto","background-attachment":"scroll","background-type":"","background-media":"","overlay-type":"","overlay-color":"","overlay-opacity":"","overlay-gradient":""}},"footnotes":""},"categories":[],"tags":[2072,2075,1458],"class_list":["post-51577","page","type-page","status-publish","hentry","tag-erasmus-mundus-2","tag-global-studies-2","tag-mundus"],"featured_image_urls_v2":{"full":"","thumbnail":"","medium":"","medium_large":"","large":"","1536x1536":"","2048x2048":"","menu-24x24":"","menu-36x36":"","menu-48x48":""},"post_excerpt_stackable_v2":"<p>PROGRAM FOR THE FIRST YEAR STUDENTS (2025\/2026) &nbsp;Modules and courses (M \u2013 mandatory, E \u2013 elective)ECTSNumberof hoursTime710International relations&nbsp;&nbsp;ETheories of International Relations&nbsp;(lecture), Prof. Andrzej Polus8 (lecture + seminar + exam)30+30&nbsp;Theories of International Relations (seminar), Dr Maciej HerbutEGenesis and Evolution of Human Rights, Dr Katarzyna Zalas- Kami\u0144ska530&nbsp;EInternational Protection of the Environment, Dr Monika Paradowska430&nbsp;EHybrid and Transnational Threats in Euroatlantic and Indo-Pacific Regions, Dr hab. Zdzis\u0142aw \u015aliwa430&nbsp;E(Post)Colonial Narratives in Trans-European Relations, Prof. Beata Ociepka215&nbsp;&nbsp;&nbsp;&nbsp;&nbsp;&nbsp;720Aspects of regionalisation and globalisation&nbsp;&nbsp;EGlobalisation and Regionalisation, Dr Monika Paradowska (economic aspects)8 (lecture + seminar + exam)30+30&nbsp;Globalisation and Regionalisation, Dr \u0141ukasz Fija\u0142kowski (political aspects)EGoverning Europe, Dr Veronica Russu530&nbsp;EReligious Fundamentalism in&hellip;<\/p>\n","category_list_v2":"Uncategorized","author_info_v2":{"name":"justyna.arendarska@uwr.edu.pl","url":"https:\/\/ismb.uwr.edu.pl\/en\/author\/justyna-arendarskauwr-edu-pl\/"},"comments_num_v2":"0 comments","acf":[],"yoast_head":"<!-- This site is optimized with the Yoast SEO plugin v27.1.1 - https:\/\/yoast.com\/product\/yoast-seo-wordpress\/ -->\n<title>Winter semester - Instytut Studi\u00f3w Mi\u0119dzynarodowych i Bezpiecze\u0144stwa<\/title>\n<meta name=\"robots\" content=\"index, follow, max-snippet:-1, max-image-preview:large, max-video-preview:-1\" \/>\n<link rel=\"canonical\" href=\"https:\/\/ismb.uwr.edu.pl\/en\/european-master-in-global-studies\/modules-and-courses\/winter-semester\/\" \/>\n<meta property=\"og:locale\" content=\"en_US\" \/>\n<meta property=\"og:type\" content=\"article\" \/>\n<meta property=\"og:title\" content=\"Winter semester - Instytut Studi\u00f3w Mi\u0119dzynarodowych i Bezpiecze\u0144stwa\" \/>\n<meta property=\"og:description\" content=\"PROGRAM FOR THE FIRST YEAR STUDENTS (2025\/2026) &nbsp; Modules and courses (M \u2013 mandatory, E \u2013 elective) ECTS Numberof hours [&hellip;]\" \/>\n<meta property=\"og:url\" content=\"https:\/\/ismb.uwr.edu.pl\/en\/european-master-in-global-studies\/modules-and-courses\/winter-semester\/\" \/>\n<meta property=\"og:site_name\" content=\"Instytut Studi\u00f3w Mi\u0119dzynarodowych i Bezpiecze\u0144stwa\" \/>\n<meta property=\"article:modified_time\" content=\"2026-02-21T13:53:19+00:00\" \/>\n<meta name=\"twitter:card\" content=\"summary_large_image\" \/>\n<meta name=\"twitter:label1\" content=\"Est. reading time\" \/>\n\t<meta name=\"twitter:data1\" content=\"4 minutes\" \/>\n<script type=\"application\/ld+json\" class=\"yoast-schema-graph\">{\"@context\":\"https:\/\/schema.org\",\"@graph\":[{\"@type\":\"WebPage\",\"@id\":\"https:\/\/ismb.uwr.edu.pl\/en\/european-master-in-global-studies\/modules-and-courses\/winter-semester\/\",\"url\":\"https:\/\/ismb.uwr.edu.pl\/en\/european-master-in-global-studies\/modules-and-courses\/winter-semester\/\",\"name\":\"Winter semester - Instytut Studi\u00f3w Mi\u0119dzynarodowych i Bezpiecze\u0144stwa\",\"isPartOf\":{\"@id\":\"https:\/\/ismb.uwr.edu.pl\/en\/#website\"},\"datePublished\":\"2026-02-21T13:30:56+00:00\",\"dateModified\":\"2026-02-21T13:53:19+00:00\",\"breadcrumb\":{\"@id\":\"https:\/\/ismb.uwr.edu.pl\/en\/european-master-in-global-studies\/modules-and-courses\/winter-semester\/#breadcrumb\"},\"inLanguage\":\"en-US\",\"potentialAction\":[{\"@type\":\"ReadAction\",\"target\":[\"https:\/\/ismb.uwr.edu.pl\/en\/european-master-in-global-studies\/modules-and-courses\/winter-semester\/\"]}]},{\"@type\":\"BreadcrumbList\",\"@id\":\"https:\/\/ismb.uwr.edu.pl\/en\/european-master-in-global-studies\/modules-and-courses\/winter-semester\/#breadcrumb\",\"itemListElement\":[{\"@type\":\"ListItem\",\"position\":1,\"name\":\"Strona g\u0142\u00f3wna\",\"item\":\"https:\/\/ismb.uwr.edu.pl\/en\/\"},{\"@type\":\"ListItem\",\"position\":2,\"name\":\"European Master in Global Studies\",\"item\":\"https:\/\/ismb.uwr.edu.pl\/en\/european-master-in-global-studies\/\"},{\"@type\":\"ListItem\",\"position\":3,\"name\":\"Modules and courses\",\"item\":\"https:\/\/ismb.uwr.edu.pl\/en\/european-master-in-global-studies\/modules-and-courses\/\"},{\"@type\":\"ListItem\",\"position\":4,\"name\":\"Winter semester\"}]},{\"@type\":\"WebSite\",\"@id\":\"https:\/\/ismb.uwr.edu.pl\/en\/#website\",\"url\":\"https:\/\/ismb.uwr.edu.pl\/en\/\",\"name\":\"Instytut Studi\u00f3w Mi\u0119dzynarodowych i Bezpiecze\u0144stwa\",\"description\":\"Kolejna witryna sieci \u201eUWR Witryny\u201d\",\"publisher\":{\"@id\":\"https:\/\/ismb.uwr.edu.pl\/en\/#organization\"},\"potentialAction\":[{\"@type\":\"SearchAction\",\"target\":{\"@type\":\"EntryPoint\",\"urlTemplate\":\"https:\/\/ismb.uwr.edu.pl\/en\/?s={search_term_string}\"},\"query-input\":{\"@type\":\"PropertyValueSpecification\",\"valueRequired\":true,\"valueName\":\"search_term_string\"}}],\"inLanguage\":\"en-US\"},{\"@type\":\"Organization\",\"@id\":\"https:\/\/ismb.uwr.edu.pl\/en\/#organization\",\"name\":\"Instytut Studi\u00f3w Mi\u0119dzynarodowych i Bezpiecze\u0144stwa\",\"url\":\"https:\/\/ismb.uwr.edu.pl\/en\/\",\"logo\":{\"@type\":\"ImageObject\",\"inLanguage\":\"en-US\",\"@id\":\"https:\/\/ismb.uwr.edu.pl\/en\/#\/schema\/logo\/image\/\",\"url\":\"https:\/\/ismb.uwr.edu.pl\/wp-content\/uploads\/sites\/366\/2025\/10\/UWr-logotyp-2025.png\",\"contentUrl\":\"https:\/\/ismb.uwr.edu.pl\/wp-content\/uploads\/sites\/366\/2025\/10\/UWr-logotyp-2025.png\",\"width\":764,\"height\":269,\"caption\":\"Instytut Studi\u00f3w Mi\u0119dzynarodowych i Bezpiecze\u0144stwa\"},\"image\":{\"@id\":\"https:\/\/ismb.uwr.edu.pl\/en\/#\/schema\/logo\/image\/\"}}]}<\/script>\n<!-- \/ Yoast SEO plugin. -->","yoast_head_json":{"title":"Winter semester - Instytut Studi\u00f3w Mi\u0119dzynarodowych i Bezpiecze\u0144stwa","robots":{"index":"index","follow":"follow","max-snippet":"max-snippet:-1","max-image-preview":"max-image-preview:large","max-video-preview":"max-video-preview:-1"},"canonical":"https:\/\/ismb.uwr.edu.pl\/en\/european-master-in-global-studies\/modules-and-courses\/winter-semester\/","og_locale":"en_US","og_type":"article","og_title":"Winter semester - Instytut Studi\u00f3w Mi\u0119dzynarodowych i Bezpiecze\u0144stwa","og_description":"PROGRAM FOR THE FIRST YEAR STUDENTS (2025\/2026) &nbsp; Modules and courses (M \u2013 mandatory, E \u2013 elective) ECTS Numberof hours [&hellip;]","og_url":"https:\/\/ismb.uwr.edu.pl\/en\/european-master-in-global-studies\/modules-and-courses\/winter-semester\/","og_site_name":"Instytut Studi\u00f3w Mi\u0119dzynarodowych i Bezpiecze\u0144stwa","article_modified_time":"2026-02-21T13:53:19+00:00","twitter_card":"summary_large_image","twitter_misc":{"Est. reading time":"4 minutes"},"schema":{"@context":"https:\/\/schema.org","@graph":[{"@type":"WebPage","@id":"https:\/\/ismb.uwr.edu.pl\/en\/european-master-in-global-studies\/modules-and-courses\/winter-semester\/","url":"https:\/\/ismb.uwr.edu.pl\/en\/european-master-in-global-studies\/modules-and-courses\/winter-semester\/","name":"Winter semester - Instytut Studi\u00f3w Mi\u0119dzynarodowych i Bezpiecze\u0144stwa","isPartOf":{"@id":"https:\/\/ismb.uwr.edu.pl\/en\/#website"},"datePublished":"2026-02-21T13:30:56+00:00","dateModified":"2026-02-21T13:53:19+00:00","breadcrumb":{"@id":"https:\/\/ismb.uwr.edu.pl\/en\/european-master-in-global-studies\/modules-and-courses\/winter-semester\/#breadcrumb"},"inLanguage":"en-US","potentialAction":[{"@type":"ReadAction","target":["https:\/\/ismb.uwr.edu.pl\/en\/european-master-in-global-studies\/modules-and-courses\/winter-semester\/"]}]},{"@type":"BreadcrumbList","@id":"https:\/\/ismb.uwr.edu.pl\/en\/european-master-in-global-studies\/modules-and-courses\/winter-semester\/#breadcrumb","itemListElement":[{"@type":"ListItem","position":1,"name":"Strona g\u0142\u00f3wna","item":"https:\/\/ismb.uwr.edu.pl\/en\/"},{"@type":"ListItem","position":2,"name":"European Master in Global Studies","item":"https:\/\/ismb.uwr.edu.pl\/en\/european-master-in-global-studies\/"},{"@type":"ListItem","position":3,"name":"Modules and courses","item":"https:\/\/ismb.uwr.edu.pl\/en\/european-master-in-global-studies\/modules-and-courses\/"},{"@type":"ListItem","position":4,"name":"Winter semester"}]},{"@type":"WebSite","@id":"https:\/\/ismb.uwr.edu.pl\/en\/#website","url":"https:\/\/ismb.uwr.edu.pl\/en\/","name":"Instytut Studi\u00f3w Mi\u0119dzynarodowych i Bezpiecze\u0144stwa","description":"Kolejna witryna sieci \u201eUWR Witryny\u201d","publisher":{"@id":"https:\/\/ismb.uwr.edu.pl\/en\/#organization"},"potentialAction":[{"@type":"SearchAction","target":{"@type":"EntryPoint","urlTemplate":"https:\/\/ismb.uwr.edu.pl\/en\/?s={search_term_string}"},"query-input":{"@type":"PropertyValueSpecification","valueRequired":true,"valueName":"search_term_string"}}],"inLanguage":"en-US"},{"@type":"Organization","@id":"https:\/\/ismb.uwr.edu.pl\/en\/#organization","name":"Instytut Studi\u00f3w Mi\u0119dzynarodowych i Bezpiecze\u0144stwa","url":"https:\/\/ismb.uwr.edu.pl\/en\/","logo":{"@type":"ImageObject","inLanguage":"en-US","@id":"https:\/\/ismb.uwr.edu.pl\/en\/#\/schema\/logo\/image\/","url":"https:\/\/ismb.uwr.edu.pl\/wp-content\/uploads\/sites\/366\/2025\/10\/UWr-logotyp-2025.png","contentUrl":"https:\/\/ismb.uwr.edu.pl\/wp-content\/uploads\/sites\/366\/2025\/10\/UWr-logotyp-2025.png","width":764,"height":269,"caption":"Instytut Studi\u00f3w Mi\u0119dzynarodowych i Bezpiecze\u0144stwa"},"image":{"@id":"https:\/\/ismb.uwr.edu.pl\/en\/#\/schema\/logo\/image\/"}}]}},"publishpress_future_action":{"enabled":false,"date":"2026-04-22 09:17:51","action":"change-status","newStatus":"draft","terms":[],"taxonomy":"category","extraData":[]},"publishpress_future_workflow_manual_trigger":{"enabledWorkflows":[]},"_links":{"self":[{"href":"https:\/\/ismb.uwr.edu.pl\/en\/wp-json\/wp\/v2\/pages\/51577\/"}],"collection":[{"href":"https:\/\/ismb.uwr.edu.pl\/en\/wp-json\/wp\/v2\/pages\/"}],"about":[{"href":"https:\/\/ismb.uwr.edu.pl\/en\/wp-json\/wp\/v2\/types\/page\/"}],"author":[{"embeddable":true,"href":"https:\/\/ismb.uwr.edu.pl\/en\/wp-json\/wp\/v2\/users\/1536\/"}],"replies":[{"embeddable":true,"href":"https:\/\/ismb.uwr.edu.pl\/en\/wp-json\/wp\/v2\/comments\/?post=51577"}],"version-history":[{"count":5,"href":"https:\/\/ismb.uwr.edu.pl\/en\/wp-json\/wp\/v2\/pages\/51577\/revisions\/"}],"predecessor-version":[{"id":51613,"href":"https:\/\/ismb.uwr.edu.pl\/en\/wp-json\/wp\/v2\/pages\/51577\/revisions\/51613\/"}],"up":[{"embeddable":true,"href":"https:\/\/ismb.uwr.edu.pl\/en\/wp-json\/wp\/v2\/pages\/51568\/"}],"wp:attachment":[{"href":"https:\/\/ismb.uwr.edu.pl\/en\/wp-json\/wp\/v2\/media\/?parent=51577"}],"wp:term":[{"taxonomy":"category","embeddable":true,"href":"https:\/\/ismb.uwr.edu.pl\/en\/wp-json\/wp\/v2\/categories\/?post=51577"},{"taxonomy":"post_tag","embeddable":true,"href":"https:\/\/ismb.uwr.edu.pl\/en\/wp-json\/wp\/v2\/tags\/?post=51577"}],"curies":[{"name":"wp","href":"https:\/\/api.w.org\/{rel}","templated":true}]}}