{"id":51598,"date":"2026-02-21T14:47:26","date_gmt":"2026-02-21T13:47:26","guid":{"rendered":"https:\/\/ismb.uwr.edu.pl\/?page_id=51598"},"modified":"2026-02-21T14:51:24","modified_gmt":"2026-02-21T13:51:24","slug":"summer-semester","status":"publish","type":"page","link":"https:\/\/ismb.uwr.edu.pl\/en\/european-master-in-global-studies\/modules-and-courses\/summer-semester\/","title":{"rendered":"Summer semester"},"content":{"rendered":"\n<h2 class=\"wp-block-heading\">PROGRAM FOR THE FIRST YEAR STUDENTS<\/h2>\n\n\n\n<figure class=\"wp-block-table\"><table class=\"has-fixed-layout\"><tbody><tr><td>&nbsp;<\/td><td><strong>Modules and courses (M \u2013 mandatory, E \u2013 elective)<\/strong><\/td><td><strong>ECTS<\/strong><\/td><td><strong>Number<br>of hours<\/strong><\/td><\/tr><tr><td>&nbsp;<\/td><td colspan=\"2\">FIRST SEMESTER<a><\/a><\/td><td>&nbsp;<\/td><\/tr><tr><td>&nbsp;<\/td><td colspan=\"2\">Middle East in International Relations, Prof Jaros\u0142aw Jarz\u0105bek<\/td><td>&nbsp;<\/td><\/tr><tr><td><strong>810<\/strong><\/td><td colspan=\"2\"><strong>Transformations: economics, security, international relations<\/strong><\/td><td>&nbsp;<\/td><\/tr><tr><td>E<\/td><td>Middle East in International Relations, Prof. Jaros\u0142aw Jarz\u0105bek<\/td><td>4<\/td><td>30<\/td><\/tr><tr><td>E<\/td><td>International Economic Transactions, Prof. Marek Wr\u00f3blewski<\/td><td>8<\/td><td>60<\/td><\/tr><tr><td>E<\/td><td>Sub-Saharan Africa in International Relations, Prof. Andrzej Polus<a><\/a><\/td><td>4<\/td><td>30<\/td><\/tr><tr><td>E<\/td><td>The Global South in International Relations \u2013 Prof. Andrzej Polus<\/td><td>2<\/td><td>15<\/td><\/tr><tr><td>E<\/td><td>Special Services in the International Relations \u2013 Dr hab. in\u017c. Zdzis\u0142aw \u015aliwa<\/td><td>4<\/td><td>30<\/td><\/tr><tr><td>&nbsp;<\/td><td>&nbsp;<\/td><td>&nbsp;<\/td><td>&nbsp;<\/td><\/tr><tr><td><strong>820<\/strong><\/td><td colspan=\"2\"><strong>Society and politics<\/strong><\/td><td>&nbsp;<\/td><\/tr><tr><td>E<\/td><td>Introduction to International Migration and Immigrant Integration, Prof. Patrycja Matusz<\/td><td>6<\/td><td>45<\/td><\/tr><tr><td>E<\/td><td>Balkans in International Relations, Dr Anna Jagie\u0142\u0142o-Szostak<\/td><td>4<\/td><td>30<\/td><\/tr><tr><td>E<\/td><td>International Negotiation &amp; Deal-Making: Skills for Global Careers\u2013 Mgr Katarzyna Czech<\/td><td>2<\/td><td>15<\/td><\/tr><tr><td>E<\/td><td>Decolonising Justice: Beyond Western Frameworks \u2013 Dr Dianne A. Williams<\/td><td>5<\/td><td>30<\/td><\/tr><tr><td>E<\/td><td>Decolonizing Justice: Beyond Western Frameworks \u2013 Dr Dianne A. Williams<\/td><td>2<\/td><td>15<\/td><\/tr><tr><td>&nbsp;<\/td><td>&nbsp;<\/td><td>&nbsp;<\/td><td>&nbsp;<\/td><\/tr><tr><td><strong>830<\/strong><\/td><td colspan=\"2\"><strong>Research and Methodology<\/strong><\/td><td>&nbsp;<\/td><\/tr><tr><td>E<\/td><td>Introduction to Global Studies, Dr Anna Cichecka<\/td><td>2<\/td><td>15<\/td><\/tr><tr><td>E<\/td><td>Securitisation: A Framework for Security Analysis, Dr \u0141ukasz Fija\u0142kowski<\/td><td>2<\/td><td>15<\/td><\/tr><tr><td>M<\/td><td>Summer School<\/td><td>4<\/td><td>x<\/td><\/tr><\/tbody><\/table><\/figure>\n\n\n\n<h2 class=\"wp-block-heading\">PROGRAM FOR THE SECOND YEAR STUDENTS<\/h2>\n\n\n\n<figure class=\"wp-block-table\"><table class=\"has-fixed-layout\"><tbody><tr><td colspan=\"3\">Modules and courses (M \u2013 mandatory, E \u2013 elective)<\/td><td>ECTS<\/td><td>Number<br>of hours<\/td><\/tr><tr><td>&nbsp;<\/td><td colspan=\"3\">FIRST SEMESTER<a><\/a><\/td><td>&nbsp;<\/td><\/tr><tr><td>&nbsp;<\/td><td colspan=\"3\">SECOND SEMESTER<a><\/a><\/td><td>&nbsp;<\/td><\/tr><tr><td><strong>1010<\/strong><\/td><td colspan=\"3\"><strong>International cooperation and security<\/strong><\/td><td>&nbsp;<\/td><\/tr><tr><td>E<\/td><td colspan=\"2\">International Economic Transactions, Prof. Marek Wr\u00f3blewski<\/td><td>8<\/td><td>60<\/td><\/tr><tr><td>E<\/td><td colspan=\"2\">Sub-Saharan Africa in International Relations, Prof. Andrzej Polus<a><\/a><\/td><td>4<\/td><td>30<\/td><\/tr><tr><td>E<\/td><td colspan=\"2\">The Middle East in International Relations, Prof. Jaros\u0142aw Jarz\u0105bek<\/td><td>4<\/td><td>30<\/td><\/tr><tr><td>E<\/td><td colspan=\"2\">The Global South in International Relations,  Prof. Andrzej Polus<\/td><td>2<\/td><td>15<\/td><\/tr><tr><td>E<\/td><td colspan=\"2\">Special Services in the International Relations, Dr hab. in\u017c. Zdzis\u0142aw \u015aliwa<\/td><td>4<\/td><td>30<\/td><\/tr><tr><td>&nbsp;<\/td><td colspan=\"2\">&nbsp;<\/td><td>&nbsp;<\/td><td>&nbsp;<\/td><\/tr><tr><td><strong>1020<\/strong><\/td><td colspan=\"3\"><strong>Societies in transition<\/strong><\/td><td>&nbsp;<\/td><\/tr><tr><td>E<\/td><td colspan=\"2\">Introduction to International Migration and Immigrant Integration, Prof. Patrycja Matusz<\/td><td>6<\/td><td>45<\/td><\/tr><tr><td>E<\/td><td colspan=\"2\">Balkans in International Relations, Dr Anna Jagie\u0142\u0142o-Szostak<\/td><td>4<\/td><td>30<\/td><\/tr><tr><td>E<\/td><td colspan=\"2\">International Forecasts and Simulations, Dr Anna Cichecka<\/td><td>5<\/td><td>30<\/td><\/tr><tr><td>E<\/td><td colspan=\"2\">International Negotiation &amp; Deal-Making: Skills for Global Careers, Mgr Katarzyna Czech<\/td><td>2<\/td><td>15<\/td><\/tr><tr><td>E<\/td><td colspan=\"2\">Decolonising Justice: Beyond Western Frameworks, Dr Dianne A. Williams<\/td><td>2<\/td><td>15<\/td><\/tr><tr><td>&nbsp;<\/td><td colspan=\"2\">&nbsp;<\/td><td>&nbsp;<\/td><td>&nbsp;<\/td><\/tr><tr><td><strong>1030<\/strong><\/td><td colspan=\"3\"><strong>Research and master&#8217;s thesis II<\/strong><\/td><td>&nbsp;<\/td><\/tr><tr><td>E<\/td><td colspan=\"2\">Introduction to Global Studies, Dr Anna Cichecka<\/td><td>2<\/td><td>15<\/td><\/tr><tr><td>E<\/td><td colspan=\"2\">Securitisation: A Framework for Security Analysis, Dr \u0141ukasz Fija\u0142kowski<\/td><td>2<\/td><td>15<\/td><\/tr><tr><td>&nbsp;<\/td><td>&nbsp;<\/td><td colspan=\"2\" rowspan=\"8\">10<br>(one seminar to choose)<\/td><td rowspan=\"5\"><\/td><\/tr><tr><td><strong>M<\/strong><\/td><td>Individual Diploma Seminar, Prof. Marek Wr\u00f3blewski<\/td><\/tr><tr><td><strong>M<\/strong><\/td><td>Individual<strong> <\/strong>Diploma Seminar, Prof. Beata Ociepka<\/td><\/tr><tr><td><strong>M<\/strong><\/td><td>Individual<strong> <\/strong>Diploma Seminar, Dr hab. in\u017c. Zdzis\u0142aw \u015aliwa<\/td><\/tr><tr><td><strong>M<\/strong><\/td><td>Individual Diploma Seminar, Prof. Bartosz Michalski<\/td><\/tr><tr><td><strong>M<\/strong><\/td><td>Individual<strong> <\/strong>Diploma Seminar, Prof. Magdalena Ratajczak<\/td><td>&nbsp;<\/td><\/tr><tr><td><strong>M<\/strong><\/td><td>Individual<strong> <\/strong>Diploma Seminar, <span style=\"margin: 0px; padding: 0px;\">P<\/span>rof. Przemys\u0142aw Mikiewicz<\/td><td>&nbsp;<\/td><\/tr><tr><td><strong>M<\/strong><\/td><td>Individual<strong> <\/strong>Diploma Seminar, <span style=\"margin: 0px; padding: 0px;\">Pr<\/span>of. Renata Duda<\/td><td>&nbsp;<\/td><\/tr><tr><td><strong>M<\/strong><\/td><td>Individual<strong> <\/strong>Diploma Seminar, Prof. Jaros\u0142aw Jarz\u0105bek<\/td><td colspan=\"2\">&nbsp;<\/td><td>&nbsp;<\/td><\/tr><\/tbody><\/table><\/figure>\n","protected":false},"excerpt":{"rendered":"<p>PROGRAM FOR THE FIRST YEAR STUDENTS &nbsp; Modules and courses (M \u2013 mandatory, E \u2013 elective) ECTS Numberof hours &nbsp; [&hellip;]<\/p>\n","protected":false},"author":1536,"featured_media":0,"parent":51568,"menu_order":2,"comment_status":"closed","ping_status":"closed","template":"","meta":{"_acf_changed":false,"inline_featured_image":false,"site-sidebar-layout":"default","site-content-layout":"","ast-site-content-layout":"default","site-content-style":"default","site-sidebar-style":"default","ast-global-header-display":"","ast-banner-title-visibility":"","ast-main-header-display":"","ast-hfb-above-header-display":"","ast-hfb-below-header-display":"","ast-hfb-mobile-header-display":"","site-post-title":"","ast-breadcrumbs-content":"","ast-featured-img":"","footer-sml-layout":"","ast-disable-related-posts":"","theme-transparent-header-meta":"","adv-header-id-meta":"","stick-header-meta":"","header-above-stick-meta":"","header-main-stick-meta":"","header-below-stick-meta":"","astra-migrate-meta-layouts":"default","ast-page-background-enabled":"default","ast-page-background-meta":{"desktop":{"background-color":"var(--ast-global-color-5)","background-image":"","background-repeat":"repeat","background-position":"center center","background-size":"auto","background-attachment":"scroll","background-type":"","background-media":"","overlay-type":"","overlay-color":"","overlay-opacity":"","overlay-gradient":""},"tablet":{"background-color":"","background-image":"","background-repeat":"repeat","background-position":"center center","background-size":"auto","background-attachment":"scroll","background-type":"","background-media":"","overlay-type":"","overlay-color":"","overlay-opacity":"","overlay-gradient":""},"mobile":{"background-color":"","background-image":"","background-repeat":"repeat","background-position":"center center","background-size":"auto","background-attachment":"scroll","background-type":"","background-media":"","overlay-type":"","overlay-color":"","overlay-opacity":"","overlay-gradient":""}},"ast-content-background-meta":{"desktop":{"background-color":"var(--ast-global-color-4)","background-image":"","background-repeat":"repeat","background-position":"center center","background-size":"auto","background-attachment":"scroll","background-type":"","background-media":"","overlay-type":"","overlay-color":"","overlay-opacity":"","overlay-gradient":""},"tablet":{"background-color":"var(--ast-global-color-4)","background-image":"","background-repeat":"repeat","background-position":"center center","background-size":"auto","background-attachment":"scroll","background-type":"","background-media":"","overlay-type":"","overlay-color":"","overlay-opacity":"","overlay-gradient":""},"mobile":{"background-color":"var(--ast-global-color-4)","background-image":"","background-repeat":"repeat","background-position":"center center","background-size":"auto","background-attachment":"scroll","background-type":"","background-media":"","overlay-type":"","overlay-color":"","overlay-opacity":"","overlay-gradient":""}},"footnotes":""},"categories":[],"tags":[1452,2072,2075,1458],"class_list":["post-51598","page","type-page","status-publish","hentry","tag-erasmus-2","tag-erasmus-mundus-2","tag-global-studies-2","tag-mundus"],"featured_image_urls_v2":{"full":"","thumbnail":"","medium":"","medium_large":"","large":"","1536x1536":"","2048x2048":"","menu-24x24":"","menu-36x36":"","menu-48x48":""},"post_excerpt_stackable_v2":"<p>PROGRAM FOR THE FIRST YEAR STUDENTS &nbsp;Modules and courses (M \u2013 mandatory, E \u2013 elective)ECTSNumberof hours&nbsp;FIRST SEMESTER&nbsp;&nbsp;Middle East in International Relations, Prof Jaros\u0142aw Jarz\u0105bek&nbsp;810Transformations: economics, security, international relations&nbsp;EMiddle East in International Relations, Prof. Jaros\u0142aw Jarz\u0105bek430EInternational Economic Transactions, Prof. Marek Wr\u00f3blewski860ESub-Saharan Africa in International Relations, Prof. Andrzej Polus430EThe Global South in International Relations \u2013 Prof. Andrzej Polus215ESpecial Services in the International Relations \u2013 Dr hab. in\u017c. Zdzis\u0142aw \u015aliwa430&nbsp;&nbsp;&nbsp;&nbsp;820Society and politics&nbsp;EIntroduction to International Migration and Immigrant Integration, Prof. Patrycja Matusz645EBalkans in International Relations, Dr Anna Jagie\u0142\u0142o-Szostak430EInternational Negotiation &amp; Deal-Making: Skills for Global Careers\u2013 Mgr Katarzyna Czech215EDecolonising Justice: Beyond Western Frameworks \u2013 Dr&hellip;<\/p>\n","category_list_v2":"Uncategorized","author_info_v2":{"name":"justyna.arendarska@uwr.edu.pl","url":"https:\/\/ismb.uwr.edu.pl\/en\/author\/justyna-arendarskauwr-edu-pl\/"},"comments_num_v2":"0 comments","acf":[],"yoast_head":"<!-- This site is optimized with the Yoast SEO plugin v27.1.1 - https:\/\/yoast.com\/product\/yoast-seo-wordpress\/ -->\n<title>Summer semester - Instytut Studi\u00f3w Mi\u0119dzynarodowych i Bezpiecze\u0144stwa<\/title>\n<meta name=\"robots\" content=\"index, follow, max-snippet:-1, max-image-preview:large, max-video-preview:-1\" \/>\n<link rel=\"canonical\" href=\"https:\/\/ismb.uwr.edu.pl\/en\/european-master-in-global-studies\/modules-and-courses\/summer-semester\/\" \/>\n<meta property=\"og:locale\" content=\"en_US\" \/>\n<meta property=\"og:type\" content=\"article\" \/>\n<meta property=\"og:title\" content=\"Summer semester - Instytut Studi\u00f3w Mi\u0119dzynarodowych i Bezpiecze\u0144stwa\" \/>\n<meta property=\"og:description\" content=\"PROGRAM FOR THE FIRST YEAR STUDENTS &nbsp; Modules and courses (M \u2013 mandatory, E \u2013 elective) ECTS Numberof hours &nbsp; [&hellip;]\" \/>\n<meta property=\"og:url\" content=\"https:\/\/ismb.uwr.edu.pl\/en\/european-master-in-global-studies\/modules-and-courses\/summer-semester\/\" \/>\n<meta property=\"og:site_name\" content=\"Instytut Studi\u00f3w Mi\u0119dzynarodowych i Bezpiecze\u0144stwa\" \/>\n<meta property=\"article:modified_time\" content=\"2026-02-21T13:51:24+00:00\" \/>\n<meta name=\"twitter:card\" content=\"summary_large_image\" \/>\n<meta name=\"twitter:label1\" content=\"Est. reading time\" \/>\n\t<meta name=\"twitter:data1\" content=\"3 minutes\" \/>\n<script type=\"application\/ld+json\" class=\"yoast-schema-graph\">{\"@context\":\"https:\/\/schema.org\",\"@graph\":[{\"@type\":\"WebPage\",\"@id\":\"https:\/\/ismb.uwr.edu.pl\/en\/european-master-in-global-studies\/modules-and-courses\/summer-semester\/\",\"url\":\"https:\/\/ismb.uwr.edu.pl\/en\/european-master-in-global-studies\/modules-and-courses\/summer-semester\/\",\"name\":\"Summer semester - Instytut Studi\u00f3w Mi\u0119dzynarodowych i Bezpiecze\u0144stwa\",\"isPartOf\":{\"@id\":\"https:\/\/ismb.uwr.edu.pl\/en\/#website\"},\"datePublished\":\"2026-02-21T13:47:26+00:00\",\"dateModified\":\"2026-02-21T13:51:24+00:00\",\"breadcrumb\":{\"@id\":\"https:\/\/ismb.uwr.edu.pl\/en\/european-master-in-global-studies\/modules-and-courses\/summer-semester\/#breadcrumb\"},\"inLanguage\":\"en-US\",\"potentialAction\":[{\"@type\":\"ReadAction\",\"target\":[\"https:\/\/ismb.uwr.edu.pl\/en\/european-master-in-global-studies\/modules-and-courses\/summer-semester\/\"]}]},{\"@type\":\"BreadcrumbList\",\"@id\":\"https:\/\/ismb.uwr.edu.pl\/en\/european-master-in-global-studies\/modules-and-courses\/summer-semester\/#breadcrumb\",\"itemListElement\":[{\"@type\":\"ListItem\",\"position\":1,\"name\":\"Strona g\u0142\u00f3wna\",\"item\":\"https:\/\/ismb.uwr.edu.pl\/en\/\"},{\"@type\":\"ListItem\",\"position\":2,\"name\":\"European Master in Global Studies\",\"item\":\"https:\/\/ismb.uwr.edu.pl\/en\/european-master-in-global-studies\/\"},{\"@type\":\"ListItem\",\"position\":3,\"name\":\"Modules and courses\",\"item\":\"https:\/\/ismb.uwr.edu.pl\/en\/european-master-in-global-studies\/modules-and-courses\/\"},{\"@type\":\"ListItem\",\"position\":4,\"name\":\"Summer semester\"}]},{\"@type\":\"WebSite\",\"@id\":\"https:\/\/ismb.uwr.edu.pl\/en\/#website\",\"url\":\"https:\/\/ismb.uwr.edu.pl\/en\/\",\"name\":\"Instytut Studi\u00f3w Mi\u0119dzynarodowych i Bezpiecze\u0144stwa\",\"description\":\"Kolejna witryna sieci \u201eUWR Witryny\u201d\",\"publisher\":{\"@id\":\"https:\/\/ismb.uwr.edu.pl\/en\/#organization\"},\"potentialAction\":[{\"@type\":\"SearchAction\",\"target\":{\"@type\":\"EntryPoint\",\"urlTemplate\":\"https:\/\/ismb.uwr.edu.pl\/en\/?s={search_term_string}\"},\"query-input\":{\"@type\":\"PropertyValueSpecification\",\"valueRequired\":true,\"valueName\":\"search_term_string\"}}],\"inLanguage\":\"en-US\"},{\"@type\":\"Organization\",\"@id\":\"https:\/\/ismb.uwr.edu.pl\/en\/#organization\",\"name\":\"Instytut Studi\u00f3w Mi\u0119dzynarodowych i Bezpiecze\u0144stwa\",\"url\":\"https:\/\/ismb.uwr.edu.pl\/en\/\",\"logo\":{\"@type\":\"ImageObject\",\"inLanguage\":\"en-US\",\"@id\":\"https:\/\/ismb.uwr.edu.pl\/en\/#\/schema\/logo\/image\/\",\"url\":\"https:\/\/ismb.uwr.edu.pl\/wp-content\/uploads\/sites\/366\/2025\/10\/UWr-logotyp-2025.png\",\"contentUrl\":\"https:\/\/ismb.uwr.edu.pl\/wp-content\/uploads\/sites\/366\/2025\/10\/UWr-logotyp-2025.png\",\"width\":764,\"height\":269,\"caption\":\"Instytut Studi\u00f3w Mi\u0119dzynarodowych i Bezpiecze\u0144stwa\"},\"image\":{\"@id\":\"https:\/\/ismb.uwr.edu.pl\/en\/#\/schema\/logo\/image\/\"}}]}<\/script>\n<!-- \/ Yoast SEO plugin. -->","yoast_head_json":{"title":"Summer semester - Instytut Studi\u00f3w Mi\u0119dzynarodowych i Bezpiecze\u0144stwa","robots":{"index":"index","follow":"follow","max-snippet":"max-snippet:-1","max-image-preview":"max-image-preview:large","max-video-preview":"max-video-preview:-1"},"canonical":"https:\/\/ismb.uwr.edu.pl\/en\/european-master-in-global-studies\/modules-and-courses\/summer-semester\/","og_locale":"en_US","og_type":"article","og_title":"Summer semester - Instytut Studi\u00f3w Mi\u0119dzynarodowych i Bezpiecze\u0144stwa","og_description":"PROGRAM FOR THE FIRST YEAR STUDENTS &nbsp; Modules and courses (M \u2013 mandatory, E \u2013 elective) ECTS Numberof hours &nbsp; [&hellip;]","og_url":"https:\/\/ismb.uwr.edu.pl\/en\/european-master-in-global-studies\/modules-and-courses\/summer-semester\/","og_site_name":"Instytut Studi\u00f3w Mi\u0119dzynarodowych i Bezpiecze\u0144stwa","article_modified_time":"2026-02-21T13:51:24+00:00","twitter_card":"summary_large_image","twitter_misc":{"Est. reading time":"3 minutes"},"schema":{"@context":"https:\/\/schema.org","@graph":[{"@type":"WebPage","@id":"https:\/\/ismb.uwr.edu.pl\/en\/european-master-in-global-studies\/modules-and-courses\/summer-semester\/","url":"https:\/\/ismb.uwr.edu.pl\/en\/european-master-in-global-studies\/modules-and-courses\/summer-semester\/","name":"Summer semester - Instytut Studi\u00f3w Mi\u0119dzynarodowych i Bezpiecze\u0144stwa","isPartOf":{"@id":"https:\/\/ismb.uwr.edu.pl\/en\/#website"},"datePublished":"2026-02-21T13:47:26+00:00","dateModified":"2026-02-21T13:51:24+00:00","breadcrumb":{"@id":"https:\/\/ismb.uwr.edu.pl\/en\/european-master-in-global-studies\/modules-and-courses\/summer-semester\/#breadcrumb"},"inLanguage":"en-US","potentialAction":[{"@type":"ReadAction","target":["https:\/\/ismb.uwr.edu.pl\/en\/european-master-in-global-studies\/modules-and-courses\/summer-semester\/"]}]},{"@type":"BreadcrumbList","@id":"https:\/\/ismb.uwr.edu.pl\/en\/european-master-in-global-studies\/modules-and-courses\/summer-semester\/#breadcrumb","itemListElement":[{"@type":"ListItem","position":1,"name":"Strona g\u0142\u00f3wna","item":"https:\/\/ismb.uwr.edu.pl\/en\/"},{"@type":"ListItem","position":2,"name":"European Master in Global Studies","item":"https:\/\/ismb.uwr.edu.pl\/en\/european-master-in-global-studies\/"},{"@type":"ListItem","position":3,"name":"Modules and courses","item":"https:\/\/ismb.uwr.edu.pl\/en\/european-master-in-global-studies\/modules-and-courses\/"},{"@type":"ListItem","position":4,"name":"Summer semester"}]},{"@type":"WebSite","@id":"https:\/\/ismb.uwr.edu.pl\/en\/#website","url":"https:\/\/ismb.uwr.edu.pl\/en\/","name":"Instytut Studi\u00f3w Mi\u0119dzynarodowych i Bezpiecze\u0144stwa","description":"Kolejna witryna sieci \u201eUWR Witryny\u201d","publisher":{"@id":"https:\/\/ismb.uwr.edu.pl\/en\/#organization"},"potentialAction":[{"@type":"SearchAction","target":{"@type":"EntryPoint","urlTemplate":"https:\/\/ismb.uwr.edu.pl\/en\/?s={search_term_string}"},"query-input":{"@type":"PropertyValueSpecification","valueRequired":true,"valueName":"search_term_string"}}],"inLanguage":"en-US"},{"@type":"Organization","@id":"https:\/\/ismb.uwr.edu.pl\/en\/#organization","name":"Instytut Studi\u00f3w Mi\u0119dzynarodowych i Bezpiecze\u0144stwa","url":"https:\/\/ismb.uwr.edu.pl\/en\/","logo":{"@type":"ImageObject","inLanguage":"en-US","@id":"https:\/\/ismb.uwr.edu.pl\/en\/#\/schema\/logo\/image\/","url":"https:\/\/ismb.uwr.edu.pl\/wp-content\/uploads\/sites\/366\/2025\/10\/UWr-logotyp-2025.png","contentUrl":"https:\/\/ismb.uwr.edu.pl\/wp-content\/uploads\/sites\/366\/2025\/10\/UWr-logotyp-2025.png","width":764,"height":269,"caption":"Instytut Studi\u00f3w Mi\u0119dzynarodowych i Bezpiecze\u0144stwa"},"image":{"@id":"https:\/\/ismb.uwr.edu.pl\/en\/#\/schema\/logo\/image\/"}}]}},"publishpress_future_action":{"enabled":false,"date":"2026-04-22 09:17:49","action":"change-status","newStatus":"draft","terms":[],"taxonomy":"category","extraData":[]},"publishpress_future_workflow_manual_trigger":{"enabledWorkflows":[]},"_links":{"self":[{"href":"https:\/\/ismb.uwr.edu.pl\/en\/wp-json\/wp\/v2\/pages\/51598\/"}],"collection":[{"href":"https:\/\/ismb.uwr.edu.pl\/en\/wp-json\/wp\/v2\/pages\/"}],"about":[{"href":"https:\/\/ismb.uwr.edu.pl\/en\/wp-json\/wp\/v2\/types\/page\/"}],"author":[{"embeddable":true,"href":"https:\/\/ismb.uwr.edu.pl\/en\/wp-json\/wp\/v2\/users\/1536\/"}],"replies":[{"embeddable":true,"href":"https:\/\/ismb.uwr.edu.pl\/en\/wp-json\/wp\/v2\/comments\/?post=51598"}],"version-history":[{"count":2,"href":"https:\/\/ismb.uwr.edu.pl\/en\/wp-json\/wp\/v2\/pages\/51598\/revisions\/"}],"predecessor-version":[{"id":51607,"href":"https:\/\/ismb.uwr.edu.pl\/en\/wp-json\/wp\/v2\/pages\/51598\/revisions\/51607\/"}],"up":[{"embeddable":true,"href":"https:\/\/ismb.uwr.edu.pl\/en\/wp-json\/wp\/v2\/pages\/51568\/"}],"wp:attachment":[{"href":"https:\/\/ismb.uwr.edu.pl\/en\/wp-json\/wp\/v2\/media\/?parent=51598"}],"wp:term":[{"taxonomy":"category","embeddable":true,"href":"https:\/\/ismb.uwr.edu.pl\/en\/wp-json\/wp\/v2\/categories\/?post=51598"},{"taxonomy":"post_tag","embeddable":true,"href":"https:\/\/ismb.uwr.edu.pl\/en\/wp-json\/wp\/v2\/tags\/?post=51598"}],"curies":[{"name":"wp","href":"https:\/\/api.w.org\/{rel}","templated":true}]}}