{"id":51616,"date":"2026-02-21T15:00:54","date_gmt":"2026-02-21T14:00:54","guid":{"rendered":"https:\/\/ismb.uwr.edu.pl\/?page_id=51616"},"modified":"2026-02-21T15:03:26","modified_gmt":"2026-02-21T14:03:26","slug":"about-the-programme","status":"publish","type":"page","link":"https:\/\/ismb.uwr.edu.pl\/en\/european-master-in-global-studies\/about-the-programme\/","title":{"rendered":"About the programme"},"content":{"rendered":"\n<p><span style=\"margin: 0px; padding: 0px;\">The Erasmus Mundus Joint <\/span>Master&#8217;s Degree (EMJMD) is offered by an international consortium of five high-profile\u00a0European participating universities\u00a0and partner\u00a0universities worldwide.<a href=\"https:\/\/globalstudies-masters.eu\/program\/course-offer-at-non-european-partner-universities\/\">\u00a0<\/a>It provides excellent training for future careers, both inside and outside academia, equipping experts to analyse and navigate globalisation processes from multiple perspectives. Our graduates are well prepared for academic positions in Global Studies and related disciplines that address global phenomena, as well as for jobs in supranational agencies and non-governmental organisations. They are ready to work as intercultural mediators across development cooperation, the economy, management, and beyond, while contributing to pioneering scholarship on understanding the past, investigating the present, and\u00a0<a href=\"https:\/\/globalstudies-masters.eu\/people\/alumni\/\">debating the future of the global.<\/a><\/p>\n\n\n\n<p>Since its establishment in 2005, the EMGS Consortium \u2013 at the time including the founding members:&nbsp;Leipzig University,&nbsp;the&nbsp;University of Vienna,&nbsp;the University of Wroc\u0142aw, and the&nbsp;London School of Economics and Political Science&nbsp;\u2013 has received funding from the European Commission through the&nbsp;Erasmus Mundus programme. Erasmus Mundus offers attractive scholarships for both non-European and European EMGS students. Additionally, the participating universities have continued to offer substantial fee waivers to excellent candidates.&nbsp;Roskilde University&nbsp;and&nbsp;Ghent University&nbsp;joined the EMGS Consortium in 2010 and 2015, respectively. Starting with the 2023 intake, the&nbsp;London School of Economics and Political Science&nbsp;is no longer part of the consortium.<\/p>\n\n\n\n<p>The EMGS partners with several non-European universities: <a href=\"https:\/\/www.dal.ca\/\">Dalhousie University<\/a>\u00a0(Canada),\u00a0Macquarie University<a href=\"https:\/\/www.mq.edu.au\/\">\u00a0<\/a>(Australia), the\u00a0<a href=\"https:\/\/www.ucsb.edu\/\">University of California, Santa Barbara<\/a>\u00a0(USA),\u00a0Stellenbosch University\u00a0(South Africa),\u00a0Fudan University\u00a0(China), and\u00a0Jawaharlal Nehru University\u00a0(India). These partnerships provide our students with exceptional opportunities to study transregional connectedness and global concerns for one term at any of these renowned research and teaching institutions. In 2012, the EMGS programme launched with\u00a0Addis Ababa University\u00a0(Ethiopia), a bilateral master\u2019s programme emphasising peace and security in Africa within the Global Studies perspective (see the IPSS programme website for further information). Since 2018, the universities of\u00a0Otago\u00a0(New Zealand) and\u00a0<a href=\"https:\/\/uy1.uninet.cm\/\">Yaound\u00e9 I<\/a>\u00a0(Cameroon) joined the many strong partnerships fostered by the EMGS.<\/p>\n","protected":false},"excerpt":{"rendered":"<p>The Erasmus Mundus Joint Master&#8217;s Degree (EMJMD) is offered by an international consortium of five high-profile\u00a0European participating universities\u00a0and partner\u00a0universities worldwide.\u00a0It [&hellip;]<\/p>\n","protected":false},"author":1536,"featured_media":0,"parent":35450,"menu_order":1,"comment_status":"closed","ping_status":"closed","template":"","meta":{"_acf_changed":false,"inline_featured_image":false,"site-sidebar-layout":"default","site-content-layout":"","ast-site-content-layout":"default","site-content-style":"default","site-sidebar-style":"default","ast-global-header-display":"","ast-banner-title-visibility":"","ast-main-header-display":"","ast-hfb-above-header-display":"","ast-hfb-below-header-display":"","ast-hfb-mobile-header-display":"","site-post-title":"","ast-breadcrumbs-content":"","ast-featured-img":"","footer-sml-layout":"","ast-disable-related-posts":"","theme-transparent-header-meta":"","adv-header-id-meta":"","stick-header-meta":"","header-above-stick-meta":"","header-main-stick-meta":"","header-below-stick-meta":"","astra-migrate-meta-layouts":"default","ast-page-background-enabled":"default","ast-page-background-meta":{"desktop":{"background-color":"var(--ast-global-color-5)","background-image":"","background-repeat":"repeat","background-position":"center center","background-size":"auto","background-attachment":"scroll","background-type":"","background-media":"","overlay-type":"","overlay-color":"","overlay-opacity":"","overlay-gradient":""},"tablet":{"background-color":"","background-image":"","background-repeat":"repeat","background-position":"center center","background-size":"auto","background-attachment":"scroll","background-type":"","background-media":"","overlay-type":"","overlay-color":"","overlay-opacity":"","overlay-gradient":""},"mobile":{"background-color":"","background-image":"","background-repeat":"repeat","background-position":"center center","background-size":"auto","background-attachment":"scroll","background-type":"","background-media":"","overlay-type":"","overlay-color":"","overlay-opacity":"","overlay-gradient":""}},"ast-content-background-meta":{"desktop":{"background-color":"var(--ast-global-color-4)","background-image":"","background-repeat":"repeat","background-position":"center center","background-size":"auto","background-attachment":"scroll","background-type":"","background-media":"","overlay-type":"","overlay-color":"","overlay-opacity":"","overlay-gradient":""},"tablet":{"background-color":"var(--ast-global-color-4)","background-image":"","background-repeat":"repeat","background-position":"center center","background-size":"auto","background-attachment":"scroll","background-type":"","background-media":"","overlay-type":"","overlay-color":"","overlay-opacity":"","overlay-gradient":""},"mobile":{"background-color":"var(--ast-global-color-4)","background-image":"","background-repeat":"repeat","background-position":"center center","background-size":"auto","background-attachment":"scroll","background-type":"","background-media":"","overlay-type":"","overlay-color":"","overlay-opacity":"","overlay-gradient":""}},"footnotes":""},"categories":[],"tags":[2072,2075,1461,1458],"class_list":["post-51616","page","type-page","status-publish","hentry","tag-erasmus-mundus-2","tag-global-studies-2","tag-master-2","tag-mundus"],"featured_image_urls_v2":{"full":"","thumbnail":"","medium":"","medium_large":"","large":"","1536x1536":"","2048x2048":"","menu-24x24":"","menu-36x36":"","menu-48x48":""},"post_excerpt_stackable_v2":"<p>The Erasmus Mundus Joint Master&#8217;s Degree (EMJMD) is offered by an international consortium of five high-profile\u00a0European participating universities\u00a0and partner\u00a0universities worldwide.\u00a0It provides excellent training for future careers, both inside and outside academia, equipping experts to analyse and navigate globalisation processes from multiple perspectives. Our graduates are well prepared for academic positions in Global Studies and related disciplines that address global phenomena, as well as for jobs in supranational agencies and non-governmental organisations. They are ready to work as intercultural mediators across development cooperation, the economy, management, and beyond, while contributing to pioneering scholarship on understanding the past, investigating the present, and\u00a0debating&hellip;<\/p>\n","category_list_v2":"Uncategorized","author_info_v2":{"name":"justyna.arendarska@uwr.edu.pl","url":"https:\/\/ismb.uwr.edu.pl\/en\/author\/justyna-arendarskauwr-edu-pl\/"},"comments_num_v2":"0 comments","acf":[],"yoast_head":"<!-- This site is optimized with the Yoast SEO plugin v27.1.1 - https:\/\/yoast.com\/product\/yoast-seo-wordpress\/ -->\n<title>About the programme - Instytut Studi\u00f3w Mi\u0119dzynarodowych i Bezpiecze\u0144stwa<\/title>\n<meta name=\"robots\" content=\"index, follow, max-snippet:-1, max-image-preview:large, max-video-preview:-1\" \/>\n<link rel=\"canonical\" href=\"https:\/\/ismb.uwr.edu.pl\/en\/european-master-in-global-studies\/about-the-programme\/\" \/>\n<meta property=\"og:locale\" content=\"en_US\" \/>\n<meta property=\"og:type\" content=\"article\" \/>\n<meta property=\"og:title\" content=\"About the programme - Instytut Studi\u00f3w Mi\u0119dzynarodowych i Bezpiecze\u0144stwa\" \/>\n<meta property=\"og:description\" content=\"The Erasmus Mundus Joint Master&#8217;s Degree (EMJMD) is offered by an international consortium of five high-profile\u00a0European participating universities\u00a0and partner\u00a0universities worldwide.\u00a0It [&hellip;]\" \/>\n<meta property=\"og:url\" content=\"https:\/\/ismb.uwr.edu.pl\/en\/european-master-in-global-studies\/about-the-programme\/\" \/>\n<meta property=\"og:site_name\" content=\"Instytut Studi\u00f3w Mi\u0119dzynarodowych i Bezpiecze\u0144stwa\" \/>\n<meta property=\"article:modified_time\" content=\"2026-02-21T14:03:26+00:00\" \/>\n<meta name=\"twitter:card\" content=\"summary_large_image\" \/>\n<meta name=\"twitter:label1\" content=\"Est. reading time\" \/>\n\t<meta name=\"twitter:data1\" content=\"2 minutes\" \/>\n<script type=\"application\/ld+json\" class=\"yoast-schema-graph\">{\"@context\":\"https:\/\/schema.org\",\"@graph\":[{\"@type\":\"WebPage\",\"@id\":\"https:\/\/ismb.uwr.edu.pl\/en\/european-master-in-global-studies\/about-the-programme\/\",\"url\":\"https:\/\/ismb.uwr.edu.pl\/en\/european-master-in-global-studies\/about-the-programme\/\",\"name\":\"About the programme - Instytut Studi\u00f3w Mi\u0119dzynarodowych i Bezpiecze\u0144stwa\",\"isPartOf\":{\"@id\":\"https:\/\/ismb.uwr.edu.pl\/en\/#website\"},\"datePublished\":\"2026-02-21T14:00:54+00:00\",\"dateModified\":\"2026-02-21T14:03:26+00:00\",\"breadcrumb\":{\"@id\":\"https:\/\/ismb.uwr.edu.pl\/en\/european-master-in-global-studies\/about-the-programme\/#breadcrumb\"},\"inLanguage\":\"en-US\",\"potentialAction\":[{\"@type\":\"ReadAction\",\"target\":[\"https:\/\/ismb.uwr.edu.pl\/en\/european-master-in-global-studies\/about-the-programme\/\"]}]},{\"@type\":\"BreadcrumbList\",\"@id\":\"https:\/\/ismb.uwr.edu.pl\/en\/european-master-in-global-studies\/about-the-programme\/#breadcrumb\",\"itemListElement\":[{\"@type\":\"ListItem\",\"position\":1,\"name\":\"Strona g\u0142\u00f3wna\",\"item\":\"https:\/\/ismb.uwr.edu.pl\/en\/\"},{\"@type\":\"ListItem\",\"position\":2,\"name\":\"European Master in Global Studies\",\"item\":\"https:\/\/ismb.uwr.edu.pl\/en\/european-master-in-global-studies\/\"},{\"@type\":\"ListItem\",\"position\":3,\"name\":\"About the programme\"}]},{\"@type\":\"WebSite\",\"@id\":\"https:\/\/ismb.uwr.edu.pl\/en\/#website\",\"url\":\"https:\/\/ismb.uwr.edu.pl\/en\/\",\"name\":\"Instytut Studi\u00f3w Mi\u0119dzynarodowych i Bezpiecze\u0144stwa\",\"description\":\"Kolejna witryna sieci \u201eUWR Witryny\u201d\",\"publisher\":{\"@id\":\"https:\/\/ismb.uwr.edu.pl\/en\/#organization\"},\"potentialAction\":[{\"@type\":\"SearchAction\",\"target\":{\"@type\":\"EntryPoint\",\"urlTemplate\":\"https:\/\/ismb.uwr.edu.pl\/en\/?s={search_term_string}\"},\"query-input\":{\"@type\":\"PropertyValueSpecification\",\"valueRequired\":true,\"valueName\":\"search_term_string\"}}],\"inLanguage\":\"en-US\"},{\"@type\":\"Organization\",\"@id\":\"https:\/\/ismb.uwr.edu.pl\/en\/#organization\",\"name\":\"Instytut Studi\u00f3w Mi\u0119dzynarodowych i Bezpiecze\u0144stwa\",\"url\":\"https:\/\/ismb.uwr.edu.pl\/en\/\",\"logo\":{\"@type\":\"ImageObject\",\"inLanguage\":\"en-US\",\"@id\":\"https:\/\/ismb.uwr.edu.pl\/en\/#\/schema\/logo\/image\/\",\"url\":\"https:\/\/ismb.uwr.edu.pl\/wp-content\/uploads\/sites\/366\/2025\/10\/UWr-logotyp-2025.png\",\"contentUrl\":\"https:\/\/ismb.uwr.edu.pl\/wp-content\/uploads\/sites\/366\/2025\/10\/UWr-logotyp-2025.png\",\"width\":764,\"height\":269,\"caption\":\"Instytut Studi\u00f3w Mi\u0119dzynarodowych i Bezpiecze\u0144stwa\"},\"image\":{\"@id\":\"https:\/\/ismb.uwr.edu.pl\/en\/#\/schema\/logo\/image\/\"}}]}<\/script>\n<!-- \/ Yoast SEO plugin. -->","yoast_head_json":{"title":"About the programme - Instytut Studi\u00f3w Mi\u0119dzynarodowych i Bezpiecze\u0144stwa","robots":{"index":"index","follow":"follow","max-snippet":"max-snippet:-1","max-image-preview":"max-image-preview:large","max-video-preview":"max-video-preview:-1"},"canonical":"https:\/\/ismb.uwr.edu.pl\/en\/european-master-in-global-studies\/about-the-programme\/","og_locale":"en_US","og_type":"article","og_title":"About the programme - Instytut Studi\u00f3w Mi\u0119dzynarodowych i Bezpiecze\u0144stwa","og_description":"The Erasmus Mundus Joint Master&#8217;s Degree (EMJMD) is offered by an international consortium of five high-profile\u00a0European participating universities\u00a0and partner\u00a0universities worldwide.\u00a0It [&hellip;]","og_url":"https:\/\/ismb.uwr.edu.pl\/en\/european-master-in-global-studies\/about-the-programme\/","og_site_name":"Instytut Studi\u00f3w Mi\u0119dzynarodowych i Bezpiecze\u0144stwa","article_modified_time":"2026-02-21T14:03:26+00:00","twitter_card":"summary_large_image","twitter_misc":{"Est. reading time":"2 minutes"},"schema":{"@context":"https:\/\/schema.org","@graph":[{"@type":"WebPage","@id":"https:\/\/ismb.uwr.edu.pl\/en\/european-master-in-global-studies\/about-the-programme\/","url":"https:\/\/ismb.uwr.edu.pl\/en\/european-master-in-global-studies\/about-the-programme\/","name":"About the programme - Instytut Studi\u00f3w Mi\u0119dzynarodowych i Bezpiecze\u0144stwa","isPartOf":{"@id":"https:\/\/ismb.uwr.edu.pl\/en\/#website"},"datePublished":"2026-02-21T14:00:54+00:00","dateModified":"2026-02-21T14:03:26+00:00","breadcrumb":{"@id":"https:\/\/ismb.uwr.edu.pl\/en\/european-master-in-global-studies\/about-the-programme\/#breadcrumb"},"inLanguage":"en-US","potentialAction":[{"@type":"ReadAction","target":["https:\/\/ismb.uwr.edu.pl\/en\/european-master-in-global-studies\/about-the-programme\/"]}]},{"@type":"BreadcrumbList","@id":"https:\/\/ismb.uwr.edu.pl\/en\/european-master-in-global-studies\/about-the-programme\/#breadcrumb","itemListElement":[{"@type":"ListItem","position":1,"name":"Strona g\u0142\u00f3wna","item":"https:\/\/ismb.uwr.edu.pl\/en\/"},{"@type":"ListItem","position":2,"name":"European Master in Global Studies","item":"https:\/\/ismb.uwr.edu.pl\/en\/european-master-in-global-studies\/"},{"@type":"ListItem","position":3,"name":"About the programme"}]},{"@type":"WebSite","@id":"https:\/\/ismb.uwr.edu.pl\/en\/#website","url":"https:\/\/ismb.uwr.edu.pl\/en\/","name":"Instytut Studi\u00f3w Mi\u0119dzynarodowych i Bezpiecze\u0144stwa","description":"Kolejna witryna sieci \u201eUWR Witryny\u201d","publisher":{"@id":"https:\/\/ismb.uwr.edu.pl\/en\/#organization"},"potentialAction":[{"@type":"SearchAction","target":{"@type":"EntryPoint","urlTemplate":"https:\/\/ismb.uwr.edu.pl\/en\/?s={search_term_string}"},"query-input":{"@type":"PropertyValueSpecification","valueRequired":true,"valueName":"search_term_string"}}],"inLanguage":"en-US"},{"@type":"Organization","@id":"https:\/\/ismb.uwr.edu.pl\/en\/#organization","name":"Instytut Studi\u00f3w Mi\u0119dzynarodowych i Bezpiecze\u0144stwa","url":"https:\/\/ismb.uwr.edu.pl\/en\/","logo":{"@type":"ImageObject","inLanguage":"en-US","@id":"https:\/\/ismb.uwr.edu.pl\/en\/#\/schema\/logo\/image\/","url":"https:\/\/ismb.uwr.edu.pl\/wp-content\/uploads\/sites\/366\/2025\/10\/UWr-logotyp-2025.png","contentUrl":"https:\/\/ismb.uwr.edu.pl\/wp-content\/uploads\/sites\/366\/2025\/10\/UWr-logotyp-2025.png","width":764,"height":269,"caption":"Instytut Studi\u00f3w Mi\u0119dzynarodowych i Bezpiecze\u0144stwa"},"image":{"@id":"https:\/\/ismb.uwr.edu.pl\/en\/#\/schema\/logo\/image\/"}}]}},"publishpress_future_action":{"enabled":false,"date":"2026-04-22 09:17:50","action":"change-status","newStatus":"draft","terms":[],"taxonomy":"category","extraData":[]},"publishpress_future_workflow_manual_trigger":{"enabledWorkflows":[]},"_links":{"self":[{"href":"https:\/\/ismb.uwr.edu.pl\/en\/wp-json\/wp\/v2\/pages\/51616\/"}],"collection":[{"href":"https:\/\/ismb.uwr.edu.pl\/en\/wp-json\/wp\/v2\/pages\/"}],"about":[{"href":"https:\/\/ismb.uwr.edu.pl\/en\/wp-json\/wp\/v2\/types\/page\/"}],"author":[{"embeddable":true,"href":"https:\/\/ismb.uwr.edu.pl\/en\/wp-json\/wp\/v2\/users\/1536\/"}],"replies":[{"embeddable":true,"href":"https:\/\/ismb.uwr.edu.pl\/en\/wp-json\/wp\/v2\/comments\/?post=51616"}],"version-history":[{"count":1,"href":"https:\/\/ismb.uwr.edu.pl\/en\/wp-json\/wp\/v2\/pages\/51616\/revisions\/"}],"predecessor-version":[{"id":51619,"href":"https:\/\/ismb.uwr.edu.pl\/en\/wp-json\/wp\/v2\/pages\/51616\/revisions\/51619\/"}],"up":[{"embeddable":true,"href":"https:\/\/ismb.uwr.edu.pl\/en\/wp-json\/wp\/v2\/pages\/35450\/"}],"wp:attachment":[{"href":"https:\/\/ismb.uwr.edu.pl\/en\/wp-json\/wp\/v2\/media\/?parent=51616"}],"wp:term":[{"taxonomy":"category","embeddable":true,"href":"https:\/\/ismb.uwr.edu.pl\/en\/wp-json\/wp\/v2\/categories\/?post=51616"},{"taxonomy":"post_tag","embeddable":true,"href":"https:\/\/ismb.uwr.edu.pl\/en\/wp-json\/wp\/v2\/tags\/?post=51616"}],"curies":[{"name":"wp","href":"https:\/\/api.w.org\/{rel}","templated":true}]}}